{"id":9181,"date":"2014-09-24T10:23:26","date_gmt":"2014-09-24T10:23:26","guid":{"rendered":"http:\/\/zskarlaiv.cz\/?page_id=9181"},"modified":"2015-01-28T10:24:37","modified_gmt":"2015-01-28T10:24:37","slug":"bezpecne-do-skoly-5-b","status":"publish","type":"page","link":"https:\/\/zskarlaiv.cz\/?page_id=9181","title":{"rendered":"Bezpe\u010dn\u011b do \u0161koly 5.B"},"content":{"rendered":"<p><!-- index.php -->\n<div\n\tclass=\"ngg-galleryoverview\n\t ngg-ajax-pagination-none\t\"\n\tid=\"ngg-gallery-4291bbce751d59d3bfdc932df5a7656f-1\">\n\n\t\t<div class=\"slideshowlink\">\n\t\t<a href='https:\/\/zskarlaiv.cz\/index.php\/nggallery\/slideshow?page_id=9181'>[Show as slideshow]<\/a>\n\n\t<\/div>\n\t\t\t<!-- Thumbnails -->\n\t\t\t\t<div id=\"ngg-image-0\" class=\"ngg-gallery-thumbnail-box\"\n\t\t\t\t\t\t\t\t\t\t\t>\n\t\t\t\t\t\t<div class=\"ngg-gallery-thumbnail\">\n\t\t\t<a href=\"https:\/\/zskarlaiv.cz\/wp-content\/gallery\/bezpecne5b2014\/IMG_2593-Large.JPG\"\n\t\t\t\ttitle=\"\"\n\t\t\t\tdata-src=\"https:\/\/zskarlaiv.cz\/wp-content\/gallery\/bezpecne5b2014\/IMG_2593-Large.JPG\"\n\t\t\t\tdata-thumbnail=\"https:\/\/zskarlaiv.cz\/wp-content\/gallery\/bezpecne5b2014\/thumbs\/thumbs_IMG_2593-Large.JPG\"\n\t\t\t\tdata-image-id=\"16635\"\n\t\t\t\tdata-title=\"IMG_2593 (Large)\"\n\t\t\t\tdata-description=\"\"\n\t\t\t\tdata-image-slug=\"img_2593-large\"\n\t\t\t\tclass=\"shutterset_4291bbce751d59d3bfdc932df5a7656f\">\n\t\t\t\t<img\n\t\t\t\t\ttitle=\"IMG_2593 (Large)\"\n\t\t\t\t\talt=\"IMG_2593 (Large)\"\n\t\t\t\t\tsrc=\"https:\/\/zskarlaiv.cz\/wp-content\/gallery\/bezpecne5b2014\/thumbs\/thumbs_IMG_2593-Large.JPG\"\n\t\t\t\t\twidth=\"100\"\n\t\t\t\t\theight=\"75\"\n\t\t\t\t\tstyle=\"max-width:100%;\"\n\t\t\t\t\/>\n\t\t\t<\/a>\n\t\t<\/div>\n\t\t\t\t\t\t\t<\/div>\n\t\t\t\n\t\t\n\t\t\t\t<div id=\"ngg-image-1\" class=\"ngg-gallery-thumbnail-box\"\n\t\t\t\t\t\t\t\t\t\t\t>\n\t\t\t\t\t\t<div class=\"ngg-gallery-thumbnail\">\n\t\t\t<a href=\"https:\/\/zskarlaiv.cz\/wp-content\/gallery\/bezpecne5b2014\/IMG_2603-Large.JPG\"\n\t\t\t\ttitle=\" \"\n\t\t\t\tdata-src=\"https:\/\/zskarlaiv.cz\/wp-content\/gallery\/bezpecne5b2014\/IMG_2603-Large.JPG\"\n\t\t\t\tdata-thumbnail=\"https:\/\/zskarlaiv.cz\/wp-content\/gallery\/bezpecne5b2014\/thumbs\/thumbs_IMG_2603-Large.JPG\"\n\t\t\t\tdata-image-id=\"16636\"\n\t\t\t\tdata-title=\"IMG_2603 (Large)\"\n\t\t\t\tdata-description=\" \"\n\t\t\t\tdata-image-slug=\"img_2603-large\"\n\t\t\t\tclass=\"shutterset_4291bbce751d59d3bfdc932df5a7656f\">\n\t\t\t\t<img\n\t\t\t\t\ttitle=\"IMG_2603 (Large)\"\n\t\t\t\t\talt=\"IMG_2603 (Large)\"\n\t\t\t\t\tsrc=\"https:\/\/zskarlaiv.cz\/wp-content\/gallery\/bezpecne5b2014\/thumbs\/thumbs_IMG_2603-Large.JPG\"\n\t\t\t\t\twidth=\"100\"\n\t\t\t\t\theight=\"75\"\n\t\t\t\t\tstyle=\"max-width:100%;\"\n\t\t\t\t\/>\n\t\t\t<\/a>\n\t\t<\/div>\n\t\t\t\t\t\t\t<\/div>\n\t\t\t\n\t\t\n\t\t\t\t<div id=\"ngg-image-2\" class=\"ngg-gallery-thumbnail-box\"\n\t\t\t\t\t\t\t\t\t\t\t>\n\t\t\t\t\t\t<div class=\"ngg-gallery-thumbnail\">\n\t\t\t<a href=\"https:\/\/zskarlaiv.cz\/wp-content\/gallery\/bezpecne5b2014\/IMG_2557-Large.JPG\"\n\t\t\t\ttitle=\" \"\n\t\t\t\tdata-src=\"https:\/\/zskarlaiv.cz\/wp-content\/gallery\/bezpecne5b2014\/IMG_2557-Large.JPG\"\n\t\t\t\tdata-thumbnail=\"https:\/\/zskarlaiv.cz\/wp-content\/gallery\/bezpecne5b2014\/thumbs\/thumbs_IMG_2557-Large.JPG\"\n\t\t\t\tdata-image-id=\"16637\"\n\t\t\t\tdata-title=\"IMG_2557 (Large)\"\n\t\t\t\tdata-description=\" \"\n\t\t\t\tdata-image-slug=\"img_2557-large\"\n\t\t\t\tclass=\"shutterset_4291bbce751d59d3bfdc932df5a7656f\">\n\t\t\t\t<img\n\t\t\t\t\ttitle=\"IMG_2557 (Large)\"\n\t\t\t\t\talt=\"IMG_2557 (Large)\"\n\t\t\t\t\tsrc=\"https:\/\/zskarlaiv.cz\/wp-content\/gallery\/bezpecne5b2014\/thumbs\/thumbs_IMG_2557-Large.JPG\"\n\t\t\t\t\twidth=\"100\"\n\t\t\t\t\theight=\"75\"\n\t\t\t\t\tstyle=\"max-width:100%;\"\n\t\t\t\t\/>\n\t\t\t<\/a>\n\t\t<\/div>\n\t\t\t\t\t\t\t<\/div>\n\t\t\t\n\t\t\n\t\t\t\t<div id=\"ngg-image-3\" class=\"ngg-gallery-thumbnail-box\"\n\t\t\t\t\t\t\t\t\t\t\t>\n\t\t\t\t\t\t<div class=\"ngg-gallery-thumbnail\">\n\t\t\t<a href=\"https:\/\/zskarlaiv.cz\/wp-content\/gallery\/bezpecne5b2014\/IMG_2594-Large.JPG\"\n\t\t\t\ttitle=\" \"\n\t\t\t\tdata-src=\"https:\/\/zskarlaiv.cz\/wp-content\/gallery\/bezpecne5b2014\/IMG_2594-Large.JPG\"\n\t\t\t\tdata-thumbnail=\"https:\/\/zskarlaiv.cz\/wp-content\/gallery\/bezpecne5b2014\/thumbs\/thumbs_IMG_2594-Large.JPG\"\n\t\t\t\tdata-image-id=\"16638\"\n\t\t\t\tdata-title=\"IMG_2594 (Large)\"\n\t\t\t\tdata-description=\" \"\n\t\t\t\tdata-image-slug=\"img_2594-large\"\n\t\t\t\tclass=\"shutterset_4291bbce751d59d3bfdc932df5a7656f\">\n\t\t\t\t<img\n\t\t\t\t\ttitle=\"IMG_2594 (Large)\"\n\t\t\t\t\talt=\"IMG_2594 (Large)\"\n\t\t\t\t\tsrc=\"https:\/\/zskarlaiv.cz\/wp-content\/gallery\/bezpecne5b2014\/thumbs\/thumbs_IMG_2594-Large.JPG\"\n\t\t\t\t\twidth=\"100\"\n\t\t\t\t\theight=\"75\"\n\t\t\t\t\tstyle=\"max-width:100%;\"\n\t\t\t\t\/>\n\t\t\t<\/a>\n\t\t<\/div>\n\t\t\t\t\t\t\t<\/div>\n\t\t\t\n\t\t\n\t\t\t\t<div id=\"ngg-image-4\" class=\"ngg-gallery-thumbnail-box\"\n\t\t\t\t\t\t\t\t\t\t\t>\n\t\t\t\t\t\t<div class=\"ngg-gallery-thumbnail\">\n\t\t\t<a href=\"https:\/\/zskarlaiv.cz\/wp-content\/gallery\/bezpecne5b2014\/IMG_2612-Large.JPG\"\n\t\t\t\ttitle=\" \"\n\t\t\t\tdata-src=\"https:\/\/zskarlaiv.cz\/wp-content\/gallery\/bezpecne5b2014\/IMG_2612-Large.JPG\"\n\t\t\t\tdata-thumbnail=\"https:\/\/zskarlaiv.cz\/wp-content\/gallery\/bezpecne5b2014\/thumbs\/thumbs_IMG_2612-Large.JPG\"\n\t\t\t\tdata-image-id=\"16639\"\n\t\t\t\tdata-title=\"IMG_2612 (Large)\"\n\t\t\t\tdata-description=\" \"\n\t\t\t\tdata-image-slug=\"img_2612-large\"\n\t\t\t\tclass=\"shutterset_4291bbce751d59d3bfdc932df5a7656f\">\n\t\t\t\t<img\n\t\t\t\t\ttitle=\"IMG_2612 (Large)\"\n\t\t\t\t\talt=\"IMG_2612 (Large)\"\n\t\t\t\t\tsrc=\"https:\/\/zskarlaiv.cz\/wp-content\/gallery\/bezpecne5b2014\/thumbs\/thumbs_IMG_2612-Large.JPG\"\n\t\t\t\t\twidth=\"100\"\n\t\t\t\t\theight=\"75\"\n\t\t\t\t\tstyle=\"max-width:100%;\"\n\t\t\t\t\/>\n\t\t\t<\/a>\n\t\t<\/div>\n\t\t\t\t\t\t\t<\/div>\n\t\t\t\n\t\t\n\t\t\t\t<div id=\"ngg-image-5\" class=\"ngg-gallery-thumbnail-box\"\n\t\t\t\t\t\t\t\t\t\t\t>\n\t\t\t\t\t\t<div class=\"ngg-gallery-thumbnail\">\n\t\t\t<a href=\"https:\/\/zskarlaiv.cz\/wp-content\/gallery\/bezpecne5b2014\/IMG_2595-Large.JPG\"\n\t\t\t\ttitle=\" \"\n\t\t\t\tdata-src=\"https:\/\/zskarlaiv.cz\/wp-content\/gallery\/bezpecne5b2014\/IMG_2595-Large.JPG\"\n\t\t\t\tdata-thumbnail=\"https:\/\/zskarlaiv.cz\/wp-content\/gallery\/bezpecne5b2014\/thumbs\/thumbs_IMG_2595-Large.JPG\"\n\t\t\t\tdata-image-id=\"16640\"\n\t\t\t\tdata-title=\"IMG_2595 (Large)\"\n\t\t\t\tdata-description=\" \"\n\t\t\t\tdata-image-slug=\"img_2595-large\"\n\t\t\t\tclass=\"shutterset_4291bbce751d59d3bfdc932df5a7656f\">\n\t\t\t\t<img\n\t\t\t\t\ttitle=\"IMG_2595 (Large)\"\n\t\t\t\t\talt=\"IMG_2595 (Large)\"\n\t\t\t\t\tsrc=\"https:\/\/zskarlaiv.cz\/wp-content\/gallery\/bezpecne5b2014\/thumbs\/thumbs_IMG_2595-Large.JPG\"\n\t\t\t\t\twidth=\"100\"\n\t\t\t\t\theight=\"75\"\n\t\t\t\t\tstyle=\"max-width:100%;\"\n\t\t\t\t\/>\n\t\t\t<\/a>\n\t\t<\/div>\n\t\t\t\t\t\t\t<\/div>\n\t\t\t\n\t\t\n\t\t\t\t<div id=\"ngg-image-6\" class=\"ngg-gallery-thumbnail-box\"\n\t\t\t\t\t\t\t\t\t\t\t>\n\t\t\t\t\t\t<div class=\"ngg-gallery-thumbnail\">\n\t\t\t<a href=\"https:\/\/zskarlaiv.cz\/wp-content\/gallery\/bezpecne5b2014\/IMG_2597-Large.JPG\"\n\t\t\t\ttitle=\" \"\n\t\t\t\tdata-src=\"https:\/\/zskarlaiv.cz\/wp-content\/gallery\/bezpecne5b2014\/IMG_2597-Large.JPG\"\n\t\t\t\tdata-thumbnail=\"https:\/\/zskarlaiv.cz\/wp-content\/gallery\/bezpecne5b2014\/thumbs\/thumbs_IMG_2597-Large.JPG\"\n\t\t\t\tdata-image-id=\"16641\"\n\t\t\t\tdata-title=\"IMG_2597 (Large)\"\n\t\t\t\tdata-description=\" \"\n\t\t\t\tdata-image-slug=\"img_2597-large\"\n\t\t\t\tclass=\"shutterset_4291bbce751d59d3bfdc932df5a7656f\">\n\t\t\t\t<img\n\t\t\t\t\ttitle=\"IMG_2597 (Large)\"\n\t\t\t\t\talt=\"IMG_2597 (Large)\"\n\t\t\t\t\tsrc=\"https:\/\/zskarlaiv.cz\/wp-content\/gallery\/bezpecne5b2014\/thumbs\/thumbs_IMG_2597-Large.JPG\"\n\t\t\t\t\twidth=\"100\"\n\t\t\t\t\theight=\"75\"\n\t\t\t\t\tstyle=\"max-width:100%;\"\n\t\t\t\t\/>\n\t\t\t<\/a>\n\t\t<\/div>\n\t\t\t\t\t\t\t<\/div>\n\t\t\t\n\t\t\n\t\t\t\t<div id=\"ngg-image-7\" class=\"ngg-gallery-thumbnail-box\"\n\t\t\t\t\t\t\t\t\t\t\t>\n\t\t\t\t\t\t<div class=\"ngg-gallery-thumbnail\">\n\t\t\t<a href=\"https:\/\/zskarlaiv.cz\/wp-content\/gallery\/bezpecne5b2014\/IMG_2610-Large.JPG\"\n\t\t\t\ttitle=\" \"\n\t\t\t\tdata-src=\"https:\/\/zskarlaiv.cz\/wp-content\/gallery\/bezpecne5b2014\/IMG_2610-Large.JPG\"\n\t\t\t\tdata-thumbnail=\"https:\/\/zskarlaiv.cz\/wp-content\/gallery\/bezpecne5b2014\/thumbs\/thumbs_IMG_2610-Large.JPG\"\n\t\t\t\tdata-image-id=\"16642\"\n\t\t\t\tdata-title=\"IMG_2610 (Large)\"\n\t\t\t\tdata-description=\" \"\n\t\t\t\tdata-image-slug=\"img_2610-large\"\n\t\t\t\tclass=\"shutterset_4291bbce751d59d3bfdc932df5a7656f\">\n\t\t\t\t<img\n\t\t\t\t\ttitle=\"IMG_2610 (Large)\"\n\t\t\t\t\talt=\"IMG_2610 (Large)\"\n\t\t\t\t\tsrc=\"https:\/\/zskarlaiv.cz\/wp-content\/gallery\/bezpecne5b2014\/thumbs\/thumbs_IMG_2610-Large.JPG\"\n\t\t\t\t\twidth=\"100\"\n\t\t\t\t\theight=\"75\"\n\t\t\t\t\tstyle=\"max-width:100%;\"\n\t\t\t\t\/>\n\t\t\t<\/a>\n\t\t<\/div>\n\t\t\t\t\t\t\t<\/div>\n\t\t\t\n\t\t\n\t\t\t\t<div id=\"ngg-image-8\" class=\"ngg-gallery-thumbnail-box\"\n\t\t\t\t\t\t\t\t\t\t\t>\n\t\t\t\t\t\t<div class=\"ngg-gallery-thumbnail\">\n\t\t\t<a href=\"https:\/\/zskarlaiv.cz\/wp-content\/gallery\/bezpecne5b2014\/IMG_2591-Large.JPG\"\n\t\t\t\ttitle=\" \"\n\t\t\t\tdata-src=\"https:\/\/zskarlaiv.cz\/wp-content\/gallery\/bezpecne5b2014\/IMG_2591-Large.JPG\"\n\t\t\t\tdata-thumbnail=\"https:\/\/zskarlaiv.cz\/wp-content\/gallery\/bezpecne5b2014\/thumbs\/thumbs_IMG_2591-Large.JPG\"\n\t\t\t\tdata-image-id=\"16643\"\n\t\t\t\tdata-title=\"IMG_2591 (Large)\"\n\t\t\t\tdata-description=\" \"\n\t\t\t\tdata-image-slug=\"img_2591-large\"\n\t\t\t\tclass=\"shutterset_4291bbce751d59d3bfdc932df5a7656f\">\n\t\t\t\t<img\n\t\t\t\t\ttitle=\"IMG_2591 (Large)\"\n\t\t\t\t\talt=\"IMG_2591 (Large)\"\n\t\t\t\t\tsrc=\"https:\/\/zskarlaiv.cz\/wp-content\/gallery\/bezpecne5b2014\/thumbs\/thumbs_IMG_2591-Large.JPG\"\n\t\t\t\t\twidth=\"100\"\n\t\t\t\t\theight=\"75\"\n\t\t\t\t\tstyle=\"max-width:100%;\"\n\t\t\t\t\/>\n\t\t\t<\/a>\n\t\t<\/div>\n\t\t\t\t\t\t\t<\/div>\n\t\t\t\n\t\t\n\t\t\t\t<div id=\"ngg-image-9\" class=\"ngg-gallery-thumbnail-box\"\n\t\t\t\t\t\t\t\t\t\t\t>\n\t\t\t\t\t\t<div class=\"ngg-gallery-thumbnail\">\n\t\t\t<a href=\"https:\/\/zskarlaiv.cz\/wp-content\/gallery\/bezpecne5b2014\/IMG_2602-Large.JPG\"\n\t\t\t\ttitle=\" \"\n\t\t\t\tdata-src=\"https:\/\/zskarlaiv.cz\/wp-content\/gallery\/bezpecne5b2014\/IMG_2602-Large.JPG\"\n\t\t\t\tdata-thumbnail=\"https:\/\/zskarlaiv.cz\/wp-content\/gallery\/bezpecne5b2014\/thumbs\/thumbs_IMG_2602-Large.JPG\"\n\t\t\t\tdata-image-id=\"16644\"\n\t\t\t\tdata-title=\"IMG_2602 (Large)\"\n\t\t\t\tdata-description=\" \"\n\t\t\t\tdata-image-slug=\"img_2602-large\"\n\t\t\t\tclass=\"shutterset_4291bbce751d59d3bfdc932df5a7656f\">\n\t\t\t\t<img\n\t\t\t\t\ttitle=\"IMG_2602 (Large)\"\n\t\t\t\t\talt=\"IMG_2602 (Large)\"\n\t\t\t\t\tsrc=\"https:\/\/zskarlaiv.cz\/wp-content\/gallery\/bezpecne5b2014\/thumbs\/thumbs_IMG_2602-Large.JPG\"\n\t\t\t\t\twidth=\"100\"\n\t\t\t\t\theight=\"75\"\n\t\t\t\t\tstyle=\"max-width:100%;\"\n\t\t\t\t\/>\n\t\t\t<\/a>\n\t\t<\/div>\n\t\t\t\t\t\t\t<\/div>\n\t\t\t\n\t\t\n\t\t\t\t<div id=\"ngg-image-10\" class=\"ngg-gallery-thumbnail-box\"\n\t\t\t\t\t\t\t\t\t\t\t>\n\t\t\t\t\t\t<div class=\"ngg-gallery-thumbnail\">\n\t\t\t<a href=\"https:\/\/zskarlaiv.cz\/wp-content\/gallery\/bezpecne5b2014\/IMG_2582-Large.JPG\"\n\t\t\t\ttitle=\" \"\n\t\t\t\tdata-src=\"https:\/\/zskarlaiv.cz\/wp-content\/gallery\/bezpecne5b2014\/IMG_2582-Large.JPG\"\n\t\t\t\tdata-thumbnail=\"https:\/\/zskarlaiv.cz\/wp-content\/gallery\/bezpecne5b2014\/thumbs\/thumbs_IMG_2582-Large.JPG\"\n\t\t\t\tdata-image-id=\"16645\"\n\t\t\t\tdata-title=\"IMG_2582 (Large)\"\n\t\t\t\tdata-description=\" \"\n\t\t\t\tdata-image-slug=\"img_2582-large\"\n\t\t\t\tclass=\"shutterset_4291bbce751d59d3bfdc932df5a7656f\">\n\t\t\t\t<img\n\t\t\t\t\ttitle=\"IMG_2582 (Large)\"\n\t\t\t\t\talt=\"IMG_2582 (Large)\"\n\t\t\t\t\tsrc=\"https:\/\/zskarlaiv.cz\/wp-content\/gallery\/bezpecne5b2014\/thumbs\/thumbs_IMG_2582-Large.JPG\"\n\t\t\t\t\twidth=\"100\"\n\t\t\t\t\theight=\"75\"\n\t\t\t\t\tstyle=\"max-width:100%;\"\n\t\t\t\t\/>\n\t\t\t<\/a>\n\t\t<\/div>\n\t\t\t\t\t\t\t<\/div>\n\t\t\t\n\t\t\n\t\t\t\t<div id=\"ngg-image-11\" class=\"ngg-gallery-thumbnail-box\"\n\t\t\t\t\t\t\t\t\t\t\t>\n\t\t\t\t\t\t<div class=\"ngg-gallery-thumbnail\">\n\t\t\t<a href=\"https:\/\/zskarlaiv.cz\/wp-content\/gallery\/bezpecne5b2014\/IMG_2611-Large.JPG\"\n\t\t\t\ttitle=\" \"\n\t\t\t\tdata-src=\"https:\/\/zskarlaiv.cz\/wp-content\/gallery\/bezpecne5b2014\/IMG_2611-Large.JPG\"\n\t\t\t\tdata-thumbnail=\"https:\/\/zskarlaiv.cz\/wp-content\/gallery\/bezpecne5b2014\/thumbs\/thumbs_IMG_2611-Large.JPG\"\n\t\t\t\tdata-image-id=\"16646\"\n\t\t\t\tdata-title=\"IMG_2611 (Large)\"\n\t\t\t\tdata-description=\" \"\n\t\t\t\tdata-image-slug=\"img_2611-large\"\n\t\t\t\tclass=\"shutterset_4291bbce751d59d3bfdc932df5a7656f\">\n\t\t\t\t<img\n\t\t\t\t\ttitle=\"IMG_2611 (Large)\"\n\t\t\t\t\talt=\"IMG_2611 (Large)\"\n\t\t\t\t\tsrc=\"https:\/\/zskarlaiv.cz\/wp-content\/gallery\/bezpecne5b2014\/thumbs\/thumbs_IMG_2611-Large.JPG\"\n\t\t\t\t\twidth=\"100\"\n\t\t\t\t\theight=\"75\"\n\t\t\t\t\tstyle=\"max-width:100%;\"\n\t\t\t\t\/>\n\t\t\t<\/a>\n\t\t<\/div>\n\t\t\t\t\t\t\t<\/div>\n\t\t\t\n\t\t\n\t\t\t\t<div id=\"ngg-image-12\" class=\"ngg-gallery-thumbnail-box\"\n\t\t\t\t\t\t\t\t\t\t\t>\n\t\t\t\t\t\t<div class=\"ngg-gallery-thumbnail\">\n\t\t\t<a href=\"https:\/\/zskarlaiv.cz\/wp-content\/gallery\/bezpecne5b2014\/IMG_2569-Large.JPG\"\n\t\t\t\ttitle=\" \"\n\t\t\t\tdata-src=\"https:\/\/zskarlaiv.cz\/wp-content\/gallery\/bezpecne5b2014\/IMG_2569-Large.JPG\"\n\t\t\t\tdata-thumbnail=\"https:\/\/zskarlaiv.cz\/wp-content\/gallery\/bezpecne5b2014\/thumbs\/thumbs_IMG_2569-Large.JPG\"\n\t\t\t\tdata-image-id=\"16647\"\n\t\t\t\tdata-title=\"IMG_2569 (Large)\"\n\t\t\t\tdata-description=\" \"\n\t\t\t\tdata-image-slug=\"img_2569-large\"\n\t\t\t\tclass=\"shutterset_4291bbce751d59d3bfdc932df5a7656f\">\n\t\t\t\t<img\n\t\t\t\t\ttitle=\"IMG_2569 (Large)\"\n\t\t\t\t\talt=\"IMG_2569 (Large)\"\n\t\t\t\t\tsrc=\"https:\/\/zskarlaiv.cz\/wp-content\/gallery\/bezpecne5b2014\/thumbs\/thumbs_IMG_2569-Large.JPG\"\n\t\t\t\t\twidth=\"100\"\n\t\t\t\t\theight=\"75\"\n\t\t\t\t\tstyle=\"max-width:100%;\"\n\t\t\t\t\/>\n\t\t\t<\/a>\n\t\t<\/div>\n\t\t\t\t\t\t\t<\/div>\n\t\t\t\n\t\t\n\t\t\t\t<div id=\"ngg-image-13\" class=\"ngg-gallery-thumbnail-box\"\n\t\t\t\t\t\t\t\t\t\t\t>\n\t\t\t\t\t\t<div class=\"ngg-gallery-thumbnail\">\n\t\t\t<a href=\"https:\/\/zskarlaiv.cz\/wp-content\/gallery\/bezpecne5b2014\/IMG_2601-Large.JPG\"\n\t\t\t\ttitle=\" \"\n\t\t\t\tdata-src=\"https:\/\/zskarlaiv.cz\/wp-content\/gallery\/bezpecne5b2014\/IMG_2601-Large.JPG\"\n\t\t\t\tdata-thumbnail=\"https:\/\/zskarlaiv.cz\/wp-content\/gallery\/bezpecne5b2014\/thumbs\/thumbs_IMG_2601-Large.JPG\"\n\t\t\t\tdata-image-id=\"16648\"\n\t\t\t\tdata-title=\"IMG_2601 (Large)\"\n\t\t\t\tdata-description=\" \"\n\t\t\t\tdata-image-slug=\"img_2601-large\"\n\t\t\t\tclass=\"shutterset_4291bbce751d59d3bfdc932df5a7656f\">\n\t\t\t\t<img\n\t\t\t\t\ttitle=\"IMG_2601 (Large)\"\n\t\t\t\t\talt=\"IMG_2601 (Large)\"\n\t\t\t\t\tsrc=\"https:\/\/zskarlaiv.cz\/wp-content\/gallery\/bezpecne5b2014\/thumbs\/thumbs_IMG_2601-Large.JPG\"\n\t\t\t\t\twidth=\"100\"\n\t\t\t\t\theight=\"75\"\n\t\t\t\t\tstyle=\"max-width:100%;\"\n\t\t\t\t\/>\n\t\t\t<\/a>\n\t\t<\/div>\n\t\t\t\t\t\t\t<\/div>\n\t\t\t\n\t\t\n\t\t\t\t<div id=\"ngg-image-14\" class=\"ngg-gallery-thumbnail-box\"\n\t\t\t\t\t\t\t\t\t\t\t>\n\t\t\t\t\t\t<div class=\"ngg-gallery-thumbnail\">\n\t\t\t<a href=\"https:\/\/zskarlaiv.cz\/wp-content\/gallery\/bezpecne5b2014\/IMG_2590-Large.JPG\"\n\t\t\t\ttitle=\" \"\n\t\t\t\tdata-src=\"https:\/\/zskarlaiv.cz\/wp-content\/gallery\/bezpecne5b2014\/IMG_2590-Large.JPG\"\n\t\t\t\tdata-thumbnail=\"https:\/\/zskarlaiv.cz\/wp-content\/gallery\/bezpecne5b2014\/thumbs\/thumbs_IMG_2590-Large.JPG\"\n\t\t\t\tdata-image-id=\"16649\"\n\t\t\t\tdata-title=\"IMG_2590 (Large)\"\n\t\t\t\tdata-description=\" \"\n\t\t\t\tdata-image-slug=\"img_2590-large\"\n\t\t\t\tclass=\"shutterset_4291bbce751d59d3bfdc932df5a7656f\">\n\t\t\t\t<img\n\t\t\t\t\ttitle=\"IMG_2590 (Large)\"\n\t\t\t\t\talt=\"IMG_2590 (Large)\"\n\t\t\t\t\tsrc=\"https:\/\/zskarlaiv.cz\/wp-content\/gallery\/bezpecne5b2014\/thumbs\/thumbs_IMG_2590-Large.JPG\"\n\t\t\t\t\twidth=\"100\"\n\t\t\t\t\theight=\"75\"\n\t\t\t\t\tstyle=\"max-width:100%;\"\n\t\t\t\t\/>\n\t\t\t<\/a>\n\t\t<\/div>\n\t\t\t\t\t\t\t<\/div>\n\t\t\t\n\t\t\n\t\t\t\t<div id=\"ngg-image-15\" class=\"ngg-gallery-thumbnail-box\"\n\t\t\t\t\t\t\t\t\t\t\t>\n\t\t\t\t\t\t<div class=\"ngg-gallery-thumbnail\">\n\t\t\t<a href=\"https:\/\/zskarlaiv.cz\/wp-content\/gallery\/bezpecne5b2014\/IMG_2596-Large.JPG\"\n\t\t\t\ttitle=\" \"\n\t\t\t\tdata-src=\"https:\/\/zskarlaiv.cz\/wp-content\/gallery\/bezpecne5b2014\/IMG_2596-Large.JPG\"\n\t\t\t\tdata-thumbnail=\"https:\/\/zskarlaiv.cz\/wp-content\/gallery\/bezpecne5b2014\/thumbs\/thumbs_IMG_2596-Large.JPG\"\n\t\t\t\tdata-image-id=\"16650\"\n\t\t\t\tdata-title=\"IMG_2596 (Large)\"\n\t\t\t\tdata-description=\" \"\n\t\t\t\tdata-image-slug=\"img_2596-large\"\n\t\t\t\tclass=\"shutterset_4291bbce751d59d3bfdc932df5a7656f\">\n\t\t\t\t<img\n\t\t\t\t\ttitle=\"IMG_2596 (Large)\"\n\t\t\t\t\talt=\"IMG_2596 (Large)\"\n\t\t\t\t\tsrc=\"https:\/\/zskarlaiv.cz\/wp-content\/gallery\/bezpecne5b2014\/thumbs\/thumbs_IMG_2596-Large.JPG\"\n\t\t\t\t\twidth=\"100\"\n\t\t\t\t\theight=\"75\"\n\t\t\t\t\tstyle=\"max-width:100%;\"\n\t\t\t\t\/>\n\t\t\t<\/a>\n\t\t<\/div>\n\t\t\t\t\t\t\t<\/div>\n\t\t\t\n\t\t\n\t\t\t\t<div id=\"ngg-image-16\" class=\"ngg-gallery-thumbnail-box\"\n\t\t\t\t\t\t\t\t\t\t\t>\n\t\t\t\t\t\t<div class=\"ngg-gallery-thumbnail\">\n\t\t\t<a href=\"https:\/\/zskarlaiv.cz\/wp-content\/gallery\/bezpecne5b2014\/IMG_2600-Large.JPG\"\n\t\t\t\ttitle=\" \"\n\t\t\t\tdata-src=\"https:\/\/zskarlaiv.cz\/wp-content\/gallery\/bezpecne5b2014\/IMG_2600-Large.JPG\"\n\t\t\t\tdata-thumbnail=\"https:\/\/zskarlaiv.cz\/wp-content\/gallery\/bezpecne5b2014\/thumbs\/thumbs_IMG_2600-Large.JPG\"\n\t\t\t\tdata-image-id=\"16651\"\n\t\t\t\tdata-title=\"IMG_2600 (Large)\"\n\t\t\t\tdata-description=\" \"\n\t\t\t\tdata-image-slug=\"img_2600-large\"\n\t\t\t\tclass=\"shutterset_4291bbce751d59d3bfdc932df5a7656f\">\n\t\t\t\t<img\n\t\t\t\t\ttitle=\"IMG_2600 (Large)\"\n\t\t\t\t\talt=\"IMG_2600 (Large)\"\n\t\t\t\t\tsrc=\"https:\/\/zskarlaiv.cz\/wp-content\/gallery\/bezpecne5b2014\/thumbs\/thumbs_IMG_2600-Large.JPG\"\n\t\t\t\t\twidth=\"100\"\n\t\t\t\t\theight=\"75\"\n\t\t\t\t\tstyle=\"max-width:100%;\"\n\t\t\t\t\/>\n\t\t\t<\/a>\n\t\t<\/div>\n\t\t\t\t\t\t\t<\/div>\n\t\t\t\n\t\t\n\t\t\t\t<div id=\"ngg-image-17\" class=\"ngg-gallery-thumbnail-box\"\n\t\t\t\t\t\t\t\t\t\t\t>\n\t\t\t\t\t\t<div class=\"ngg-gallery-thumbnail\">\n\t\t\t<a href=\"https:\/\/zskarlaiv.cz\/wp-content\/gallery\/bezpecne5b2014\/IMG_2613-Large.JPG\"\n\t\t\t\ttitle=\" \"\n\t\t\t\tdata-src=\"https:\/\/zskarlaiv.cz\/wp-content\/gallery\/bezpecne5b2014\/IMG_2613-Large.JPG\"\n\t\t\t\tdata-thumbnail=\"https:\/\/zskarlaiv.cz\/wp-content\/gallery\/bezpecne5b2014\/thumbs\/thumbs_IMG_2613-Large.JPG\"\n\t\t\t\tdata-image-id=\"16652\"\n\t\t\t\tdata-title=\"IMG_2613 (Large)\"\n\t\t\t\tdata-description=\" \"\n\t\t\t\tdata-image-slug=\"img_2613-large\"\n\t\t\t\tclass=\"shutterset_4291bbce751d59d3bfdc932df5a7656f\">\n\t\t\t\t<img\n\t\t\t\t\ttitle=\"IMG_2613 (Large)\"\n\t\t\t\t\talt=\"IMG_2613 (Large)\"\n\t\t\t\t\tsrc=\"https:\/\/zskarlaiv.cz\/wp-content\/gallery\/bezpecne5b2014\/thumbs\/thumbs_IMG_2613-Large.JPG\"\n\t\t\t\t\twidth=\"100\"\n\t\t\t\t\theight=\"75\"\n\t\t\t\t\tstyle=\"max-width:100%;\"\n\t\t\t\t\/>\n\t\t\t<\/a>\n\t\t<\/div>\n\t\t\t\t\t\t\t<\/div>\n\t\t\t\n\t\t\n\t\t\t\t<div id=\"ngg-image-18\" class=\"ngg-gallery-thumbnail-box\"\n\t\t\t\t\t\t\t\t\t\t\t>\n\t\t\t\t\t\t<div class=\"ngg-gallery-thumbnail\">\n\t\t\t<a href=\"https:\/\/zskarlaiv.cz\/wp-content\/gallery\/bezpecne5b2014\/IMG_2609-Large.JPG\"\n\t\t\t\ttitle=\" \"\n\t\t\t\tdata-src=\"https:\/\/zskarlaiv.cz\/wp-content\/gallery\/bezpecne5b2014\/IMG_2609-Large.JPG\"\n\t\t\t\tdata-thumbnail=\"https:\/\/zskarlaiv.cz\/wp-content\/gallery\/bezpecne5b2014\/thumbs\/thumbs_IMG_2609-Large.JPG\"\n\t\t\t\tdata-image-id=\"16653\"\n\t\t\t\tdata-title=\"IMG_2609 (Large)\"\n\t\t\t\tdata-description=\" \"\n\t\t\t\tdata-image-slug=\"img_2609-large\"\n\t\t\t\tclass=\"shutterset_4291bbce751d59d3bfdc932df5a7656f\">\n\t\t\t\t<img\n\t\t\t\t\ttitle=\"IMG_2609 (Large)\"\n\t\t\t\t\talt=\"IMG_2609 (Large)\"\n\t\t\t\t\tsrc=\"https:\/\/zskarlaiv.cz\/wp-content\/gallery\/bezpecne5b2014\/thumbs\/thumbs_IMG_2609-Large.JPG\"\n\t\t\t\t\twidth=\"100\"\n\t\t\t\t\theight=\"75\"\n\t\t\t\t\tstyle=\"max-width:100%;\"\n\t\t\t\t\/>\n\t\t\t<\/a>\n\t\t<\/div>\n\t\t\t\t\t\t\t<\/div>\n\t\t\t\n\t\t\n\t\t\t\t<div id=\"ngg-image-19\" class=\"ngg-gallery-thumbnail-box\"\n\t\t\t\t\t\t\t\t\t\t\t>\n\t\t\t\t\t\t<div class=\"ngg-gallery-thumbnail\">\n\t\t\t<a href=\"https:\/\/zskarlaiv.cz\/wp-content\/gallery\/bezpecne5b2014\/IMG_2576-Large.JPG\"\n\t\t\t\ttitle=\" \"\n\t\t\t\tdata-src=\"https:\/\/zskarlaiv.cz\/wp-content\/gallery\/bezpecne5b2014\/IMG_2576-Large.JPG\"\n\t\t\t\tdata-thumbnail=\"https:\/\/zskarlaiv.cz\/wp-content\/gallery\/bezpecne5b2014\/thumbs\/thumbs_IMG_2576-Large.JPG\"\n\t\t\t\tdata-image-id=\"16654\"\n\t\t\t\tdata-title=\"IMG_2576 (Large)\"\n\t\t\t\tdata-description=\" \"\n\t\t\t\tdata-image-slug=\"img_2576-large\"\n\t\t\t\tclass=\"shutterset_4291bbce751d59d3bfdc932df5a7656f\">\n\t\t\t\t<img\n\t\t\t\t\ttitle=\"IMG_2576 (Large)\"\n\t\t\t\t\talt=\"IMG_2576 (Large)\"\n\t\t\t\t\tsrc=\"https:\/\/zskarlaiv.cz\/wp-content\/gallery\/bezpecne5b2014\/thumbs\/thumbs_IMG_2576-Large.JPG\"\n\t\t\t\t\twidth=\"100\"\n\t\t\t\t\theight=\"75\"\n\t\t\t\t\tstyle=\"max-width:100%;\"\n\t\t\t\t\/>\n\t\t\t<\/a>\n\t\t<\/div>\n\t\t\t\t\t\t\t<\/div>\n\t\t\t\n\t\t\n\t\t\n\t\t<!-- Pagination -->\n\t\t<div class='ngg-navigation'><span class='current'>1<\/span>\n<a class='page-numbers' data-pageid='2' href='https:\/\/zskarlaiv.cz\/index.php\/nggallery\/page\/2?page_id=9181'>2<\/a>\n<a class='page-numbers' data-pageid='3' href='https:\/\/zskarlaiv.cz\/index.php\/nggallery\/page\/3?page_id=9181'>3<\/a>\n<a class='prev' href='https:\/\/zskarlaiv.cz\/index.php\/nggallery\/page\/2?page_id=9181' data-pageid=2>&#9658;<\/a><\/div>\t<\/div>\n<\/p>\n","protected":false},"excerpt":{"rendered":"<p>[Show as slideshow] 1 2 3 &#9658;<\/p>\n","protected":false},"author":1,"featured_media":0,"parent":0,"menu_order":0,"comment_status":"closed","ping_status":"open","template":"","meta":{"ngg_post_thumbnail":0,"footnotes":""},"class_list":["post-9181","page","type-page","status-publish","hentry"],"_links":{"self":[{"href":"https:\/\/zskarlaiv.cz\/index.php?rest_route=\/wp\/v2\/pages\/9181","targetHints":{"allow":["GET"]}}],"collection":[{"href":"https:\/\/zskarlaiv.cz\/index.php?rest_route=\/wp\/v2\/pages"}],"about":[{"href":"https:\/\/zskarlaiv.cz\/index.php?rest_route=\/wp\/v2\/types\/page"}],"author":[{"embeddable":true,"href":"https:\/\/zskarlaiv.cz\/index.php?rest_route=\/wp\/v2\/users\/1"}],"replies":[{"embeddable":true,"href":"https:\/\/zskarlaiv.cz\/index.php?rest_route=%2Fwp%2Fv2%2Fcomments&post=9181"}],"version-history":[{"count":1,"href":"https:\/\/zskarlaiv.cz\/index.php?rest_route=\/wp\/v2\/pages\/9181\/revisions"}],"predecessor-version":[{"id":9183,"href":"https:\/\/zskarlaiv.cz\/index.php?rest_route=\/wp\/v2\/pages\/9181\/revisions\/9183"}],"wp:attachment":[{"href":"https:\/\/zskarlaiv.cz\/index.php?rest_route=%2Fwp%2Fv2%2Fmedia&parent=9181"}],"curies":[{"name":"wp","href":"https:\/\/api.w.org\/{rel}","templated":true}]}}