{"id":9175,"date":"2014-12-10T10:16:16","date_gmt":"2014-12-10T10:16:16","guid":{"rendered":"http:\/\/zskarlaiv.cz\/?page_id=9175"},"modified":"2015-01-28T10:17:16","modified_gmt":"2015-01-28T10:17:16","slug":"vanocni-atletika","status":"publish","type":"page","link":"https:\/\/zskarlaiv.cz\/?page_id=9175","title":{"rendered":"V\u00e1no\u010dn\u00ed atletika"},"content":{"rendered":"<p><!-- index.php -->\n<div\n\tclass=\"ngg-galleryoverview\n\t ngg-ajax-pagination-none\t\"\n\tid=\"ngg-gallery-4334290753f8eeb36a9c77ec9978298a-1\">\n\n\t\t<div class=\"slideshowlink\">\n\t\t<a href='https:\/\/zskarlaiv.cz\/index.php\/nggallery\/slideshow?page_id=9175'>[Show as slideshow]<\/a>\n\n\t<\/div>\n\t\t\t<!-- Thumbnails -->\n\t\t\t\t<div id=\"ngg-image-0\" class=\"ngg-gallery-thumbnail-box\"\n\t\t\t\t\t\t\t\t\t\t\t>\n\t\t\t\t\t\t<div class=\"ngg-gallery-thumbnail\">\n\t\t\t<a href=\"https:\/\/zskarlaiv.cz\/wp-content\/gallery\/vatletika2014\/DSC_0092-Large.JPG\"\n\t\t\t\ttitle=\"\"\n\t\t\t\tdata-src=\"https:\/\/zskarlaiv.cz\/wp-content\/gallery\/vatletika2014\/DSC_0092-Large.JPG\"\n\t\t\t\tdata-thumbnail=\"https:\/\/zskarlaiv.cz\/wp-content\/gallery\/vatletika2014\/thumbs\/thumbs_DSC_0092-Large.JPG\"\n\t\t\t\tdata-image-id=\"17585\"\n\t\t\t\tdata-title=\"DSC_0092 (Large)\"\n\t\t\t\tdata-description=\"\"\n\t\t\t\tdata-image-slug=\"dsc_0092-large-2\"\n\t\t\t\tclass=\"shutterset_4334290753f8eeb36a9c77ec9978298a\">\n\t\t\t\t<img\n\t\t\t\t\ttitle=\"DSC_0092 (Large)\"\n\t\t\t\t\talt=\"DSC_0092 (Large)\"\n\t\t\t\t\tsrc=\"https:\/\/zskarlaiv.cz\/wp-content\/gallery\/vatletika2014\/thumbs\/thumbs_DSC_0092-Large.JPG\"\n\t\t\t\t\twidth=\"100\"\n\t\t\t\t\theight=\"75\"\n\t\t\t\t\tstyle=\"max-width:100%;\"\n\t\t\t\t\/>\n\t\t\t<\/a>\n\t\t<\/div>\n\t\t\t\t\t\t\t<\/div>\n\t\t\t\n\t\t\n\t\t\t\t<div id=\"ngg-image-1\" class=\"ngg-gallery-thumbnail-box\"\n\t\t\t\t\t\t\t\t\t\t\t>\n\t\t\t\t\t\t<div class=\"ngg-gallery-thumbnail\">\n\t\t\t<a href=\"https:\/\/zskarlaiv.cz\/wp-content\/gallery\/vatletika2014\/DSC_0093-Large.JPG\"\n\t\t\t\ttitle=\" \"\n\t\t\t\tdata-src=\"https:\/\/zskarlaiv.cz\/wp-content\/gallery\/vatletika2014\/DSC_0093-Large.JPG\"\n\t\t\t\tdata-thumbnail=\"https:\/\/zskarlaiv.cz\/wp-content\/gallery\/vatletika2014\/thumbs\/thumbs_DSC_0093-Large.JPG\"\n\t\t\t\tdata-image-id=\"17586\"\n\t\t\t\tdata-title=\"DSC_0093 (Large)\"\n\t\t\t\tdata-description=\" \"\n\t\t\t\tdata-image-slug=\"dsc_0093-large-2\"\n\t\t\t\tclass=\"shutterset_4334290753f8eeb36a9c77ec9978298a\">\n\t\t\t\t<img\n\t\t\t\t\ttitle=\"DSC_0093 (Large)\"\n\t\t\t\t\talt=\"DSC_0093 (Large)\"\n\t\t\t\t\tsrc=\"https:\/\/zskarlaiv.cz\/wp-content\/gallery\/vatletika2014\/thumbs\/thumbs_DSC_0093-Large.JPG\"\n\t\t\t\t\twidth=\"100\"\n\t\t\t\t\theight=\"75\"\n\t\t\t\t\tstyle=\"max-width:100%;\"\n\t\t\t\t\/>\n\t\t\t<\/a>\n\t\t<\/div>\n\t\t\t\t\t\t\t<\/div>\n\t\t\t\n\t\t\n\t\t\t\t<div id=\"ngg-image-2\" class=\"ngg-gallery-thumbnail-box\"\n\t\t\t\t\t\t\t\t\t\t\t>\n\t\t\t\t\t\t<div class=\"ngg-gallery-thumbnail\">\n\t\t\t<a href=\"https:\/\/zskarlaiv.cz\/wp-content\/gallery\/vatletika2014\/DSC_0094-Large.JPG\"\n\t\t\t\ttitle=\" \"\n\t\t\t\tdata-src=\"https:\/\/zskarlaiv.cz\/wp-content\/gallery\/vatletika2014\/DSC_0094-Large.JPG\"\n\t\t\t\tdata-thumbnail=\"https:\/\/zskarlaiv.cz\/wp-content\/gallery\/vatletika2014\/thumbs\/thumbs_DSC_0094-Large.JPG\"\n\t\t\t\tdata-image-id=\"17587\"\n\t\t\t\tdata-title=\"DSC_0094 (Large)\"\n\t\t\t\tdata-description=\" \"\n\t\t\t\tdata-image-slug=\"dsc_0094-large-2\"\n\t\t\t\tclass=\"shutterset_4334290753f8eeb36a9c77ec9978298a\">\n\t\t\t\t<img\n\t\t\t\t\ttitle=\"DSC_0094 (Large)\"\n\t\t\t\t\talt=\"DSC_0094 (Large)\"\n\t\t\t\t\tsrc=\"https:\/\/zskarlaiv.cz\/wp-content\/gallery\/vatletika2014\/thumbs\/thumbs_DSC_0094-Large.JPG\"\n\t\t\t\t\twidth=\"100\"\n\t\t\t\t\theight=\"75\"\n\t\t\t\t\tstyle=\"max-width:100%;\"\n\t\t\t\t\/>\n\t\t\t<\/a>\n\t\t<\/div>\n\t\t\t\t\t\t\t<\/div>\n\t\t\t\n\t\t\n\t\t\t\t<div id=\"ngg-image-3\" class=\"ngg-gallery-thumbnail-box\"\n\t\t\t\t\t\t\t\t\t\t\t>\n\t\t\t\t\t\t<div class=\"ngg-gallery-thumbnail\">\n\t\t\t<a href=\"https:\/\/zskarlaiv.cz\/wp-content\/gallery\/vatletika2014\/DSC_0095-Large.JPG\"\n\t\t\t\ttitle=\" \"\n\t\t\t\tdata-src=\"https:\/\/zskarlaiv.cz\/wp-content\/gallery\/vatletika2014\/DSC_0095-Large.JPG\"\n\t\t\t\tdata-thumbnail=\"https:\/\/zskarlaiv.cz\/wp-content\/gallery\/vatletika2014\/thumbs\/thumbs_DSC_0095-Large.JPG\"\n\t\t\t\tdata-image-id=\"17588\"\n\t\t\t\tdata-title=\"DSC_0095 (Large)\"\n\t\t\t\tdata-description=\" \"\n\t\t\t\tdata-image-slug=\"dsc_0095-large-2\"\n\t\t\t\tclass=\"shutterset_4334290753f8eeb36a9c77ec9978298a\">\n\t\t\t\t<img\n\t\t\t\t\ttitle=\"DSC_0095 (Large)\"\n\t\t\t\t\talt=\"DSC_0095 (Large)\"\n\t\t\t\t\tsrc=\"https:\/\/zskarlaiv.cz\/wp-content\/gallery\/vatletika2014\/thumbs\/thumbs_DSC_0095-Large.JPG\"\n\t\t\t\t\twidth=\"100\"\n\t\t\t\t\theight=\"75\"\n\t\t\t\t\tstyle=\"max-width:100%;\"\n\t\t\t\t\/>\n\t\t\t<\/a>\n\t\t<\/div>\n\t\t\t\t\t\t\t<\/div>\n\t\t\t\n\t\t\n\t\t\t\t<div id=\"ngg-image-4\" class=\"ngg-gallery-thumbnail-box\"\n\t\t\t\t\t\t\t\t\t\t\t>\n\t\t\t\t\t\t<div class=\"ngg-gallery-thumbnail\">\n\t\t\t<a href=\"https:\/\/zskarlaiv.cz\/wp-content\/gallery\/vatletika2014\/DSC_0096-Large.JPG\"\n\t\t\t\ttitle=\" \"\n\t\t\t\tdata-src=\"https:\/\/zskarlaiv.cz\/wp-content\/gallery\/vatletika2014\/DSC_0096-Large.JPG\"\n\t\t\t\tdata-thumbnail=\"https:\/\/zskarlaiv.cz\/wp-content\/gallery\/vatletika2014\/thumbs\/thumbs_DSC_0096-Large.JPG\"\n\t\t\t\tdata-image-id=\"17589\"\n\t\t\t\tdata-title=\"DSC_0096 (Large)\"\n\t\t\t\tdata-description=\" \"\n\t\t\t\tdata-image-slug=\"dsc_0096-large-2\"\n\t\t\t\tclass=\"shutterset_4334290753f8eeb36a9c77ec9978298a\">\n\t\t\t\t<img\n\t\t\t\t\ttitle=\"DSC_0096 (Large)\"\n\t\t\t\t\talt=\"DSC_0096 (Large)\"\n\t\t\t\t\tsrc=\"https:\/\/zskarlaiv.cz\/wp-content\/gallery\/vatletika2014\/thumbs\/thumbs_DSC_0096-Large.JPG\"\n\t\t\t\t\twidth=\"100\"\n\t\t\t\t\theight=\"75\"\n\t\t\t\t\tstyle=\"max-width:100%;\"\n\t\t\t\t\/>\n\t\t\t<\/a>\n\t\t<\/div>\n\t\t\t\t\t\t\t<\/div>\n\t\t\t\n\t\t\n\t\t\t\t<div id=\"ngg-image-5\" class=\"ngg-gallery-thumbnail-box\"\n\t\t\t\t\t\t\t\t\t\t\t>\n\t\t\t\t\t\t<div class=\"ngg-gallery-thumbnail\">\n\t\t\t<a href=\"https:\/\/zskarlaiv.cz\/wp-content\/gallery\/vatletika2014\/DSC_0098-Large.JPG\"\n\t\t\t\ttitle=\" \"\n\t\t\t\tdata-src=\"https:\/\/zskarlaiv.cz\/wp-content\/gallery\/vatletika2014\/DSC_0098-Large.JPG\"\n\t\t\t\tdata-thumbnail=\"https:\/\/zskarlaiv.cz\/wp-content\/gallery\/vatletika2014\/thumbs\/thumbs_DSC_0098-Large.JPG\"\n\t\t\t\tdata-image-id=\"17590\"\n\t\t\t\tdata-title=\"DSC_0098 (Large)\"\n\t\t\t\tdata-description=\" \"\n\t\t\t\tdata-image-slug=\"dsc_0098-large-1\"\n\t\t\t\tclass=\"shutterset_4334290753f8eeb36a9c77ec9978298a\">\n\t\t\t\t<img\n\t\t\t\t\ttitle=\"DSC_0098 (Large)\"\n\t\t\t\t\talt=\"DSC_0098 (Large)\"\n\t\t\t\t\tsrc=\"https:\/\/zskarlaiv.cz\/wp-content\/gallery\/vatletika2014\/thumbs\/thumbs_DSC_0098-Large.JPG\"\n\t\t\t\t\twidth=\"100\"\n\t\t\t\t\theight=\"75\"\n\t\t\t\t\tstyle=\"max-width:100%;\"\n\t\t\t\t\/>\n\t\t\t<\/a>\n\t\t<\/div>\n\t\t\t\t\t\t\t<\/div>\n\t\t\t\n\t\t\n\t\t\t\t<div id=\"ngg-image-6\" class=\"ngg-gallery-thumbnail-box\"\n\t\t\t\t\t\t\t\t\t\t\t>\n\t\t\t\t\t\t<div class=\"ngg-gallery-thumbnail\">\n\t\t\t<a href=\"https:\/\/zskarlaiv.cz\/wp-content\/gallery\/vatletika2014\/DSC_0100-Large.JPG\"\n\t\t\t\ttitle=\" \"\n\t\t\t\tdata-src=\"https:\/\/zskarlaiv.cz\/wp-content\/gallery\/vatletika2014\/DSC_0100-Large.JPG\"\n\t\t\t\tdata-thumbnail=\"https:\/\/zskarlaiv.cz\/wp-content\/gallery\/vatletika2014\/thumbs\/thumbs_DSC_0100-Large.JPG\"\n\t\t\t\tdata-image-id=\"17591\"\n\t\t\t\tdata-title=\"DSC_0100 (Large)\"\n\t\t\t\tdata-description=\" \"\n\t\t\t\tdata-image-slug=\"dsc_0100-large-1\"\n\t\t\t\tclass=\"shutterset_4334290753f8eeb36a9c77ec9978298a\">\n\t\t\t\t<img\n\t\t\t\t\ttitle=\"DSC_0100 (Large)\"\n\t\t\t\t\talt=\"DSC_0100 (Large)\"\n\t\t\t\t\tsrc=\"https:\/\/zskarlaiv.cz\/wp-content\/gallery\/vatletika2014\/thumbs\/thumbs_DSC_0100-Large.JPG\"\n\t\t\t\t\twidth=\"100\"\n\t\t\t\t\theight=\"75\"\n\t\t\t\t\tstyle=\"max-width:100%;\"\n\t\t\t\t\/>\n\t\t\t<\/a>\n\t\t<\/div>\n\t\t\t\t\t\t\t<\/div>\n\t\t\t\n\t\t\n\t\t\t\t<div id=\"ngg-image-7\" class=\"ngg-gallery-thumbnail-box\"\n\t\t\t\t\t\t\t\t\t\t\t>\n\t\t\t\t\t\t<div class=\"ngg-gallery-thumbnail\">\n\t\t\t<a href=\"https:\/\/zskarlaiv.cz\/wp-content\/gallery\/vatletika2014\/DSC_0102-Large.JPG\"\n\t\t\t\ttitle=\" \"\n\t\t\t\tdata-src=\"https:\/\/zskarlaiv.cz\/wp-content\/gallery\/vatletika2014\/DSC_0102-Large.JPG\"\n\t\t\t\tdata-thumbnail=\"https:\/\/zskarlaiv.cz\/wp-content\/gallery\/vatletika2014\/thumbs\/thumbs_DSC_0102-Large.JPG\"\n\t\t\t\tdata-image-id=\"17592\"\n\t\t\t\tdata-title=\"DSC_0102 (Large)\"\n\t\t\t\tdata-description=\" \"\n\t\t\t\tdata-image-slug=\"dsc_0102-large-2\"\n\t\t\t\tclass=\"shutterset_4334290753f8eeb36a9c77ec9978298a\">\n\t\t\t\t<img\n\t\t\t\t\ttitle=\"DSC_0102 (Large)\"\n\t\t\t\t\talt=\"DSC_0102 (Large)\"\n\t\t\t\t\tsrc=\"https:\/\/zskarlaiv.cz\/wp-content\/gallery\/vatletika2014\/thumbs\/thumbs_DSC_0102-Large.JPG\"\n\t\t\t\t\twidth=\"100\"\n\t\t\t\t\theight=\"75\"\n\t\t\t\t\tstyle=\"max-width:100%;\"\n\t\t\t\t\/>\n\t\t\t<\/a>\n\t\t<\/div>\n\t\t\t\t\t\t\t<\/div>\n\t\t\t\n\t\t\n\t\t\t\t<div id=\"ngg-image-8\" class=\"ngg-gallery-thumbnail-box\"\n\t\t\t\t\t\t\t\t\t\t\t>\n\t\t\t\t\t\t<div class=\"ngg-gallery-thumbnail\">\n\t\t\t<a href=\"https:\/\/zskarlaiv.cz\/wp-content\/gallery\/vatletika2014\/DSC_0103-Large.JPG\"\n\t\t\t\ttitle=\" \"\n\t\t\t\tdata-src=\"https:\/\/zskarlaiv.cz\/wp-content\/gallery\/vatletika2014\/DSC_0103-Large.JPG\"\n\t\t\t\tdata-thumbnail=\"https:\/\/zskarlaiv.cz\/wp-content\/gallery\/vatletika2014\/thumbs\/thumbs_DSC_0103-Large.JPG\"\n\t\t\t\tdata-image-id=\"17593\"\n\t\t\t\tdata-title=\"DSC_0103 (Large)\"\n\t\t\t\tdata-description=\" \"\n\t\t\t\tdata-image-slug=\"dsc_0103-large-2\"\n\t\t\t\tclass=\"shutterset_4334290753f8eeb36a9c77ec9978298a\">\n\t\t\t\t<img\n\t\t\t\t\ttitle=\"DSC_0103 (Large)\"\n\t\t\t\t\talt=\"DSC_0103 (Large)\"\n\t\t\t\t\tsrc=\"https:\/\/zskarlaiv.cz\/wp-content\/gallery\/vatletika2014\/thumbs\/thumbs_DSC_0103-Large.JPG\"\n\t\t\t\t\twidth=\"100\"\n\t\t\t\t\theight=\"75\"\n\t\t\t\t\tstyle=\"max-width:100%;\"\n\t\t\t\t\/>\n\t\t\t<\/a>\n\t\t<\/div>\n\t\t\t\t\t\t\t<\/div>\n\t\t\t\n\t\t\n\t\t\t\t<div id=\"ngg-image-9\" class=\"ngg-gallery-thumbnail-box\"\n\t\t\t\t\t\t\t\t\t\t\t>\n\t\t\t\t\t\t<div class=\"ngg-gallery-thumbnail\">\n\t\t\t<a href=\"https:\/\/zskarlaiv.cz\/wp-content\/gallery\/vatletika2014\/DSC_0104-Large.JPG\"\n\t\t\t\ttitle=\" \"\n\t\t\t\tdata-src=\"https:\/\/zskarlaiv.cz\/wp-content\/gallery\/vatletika2014\/DSC_0104-Large.JPG\"\n\t\t\t\tdata-thumbnail=\"https:\/\/zskarlaiv.cz\/wp-content\/gallery\/vatletika2014\/thumbs\/thumbs_DSC_0104-Large.JPG\"\n\t\t\t\tdata-image-id=\"17594\"\n\t\t\t\tdata-title=\"DSC_0104 (Large)\"\n\t\t\t\tdata-description=\" \"\n\t\t\t\tdata-image-slug=\"dsc_0104-large-2\"\n\t\t\t\tclass=\"shutterset_4334290753f8eeb36a9c77ec9978298a\">\n\t\t\t\t<img\n\t\t\t\t\ttitle=\"DSC_0104 (Large)\"\n\t\t\t\t\talt=\"DSC_0104 (Large)\"\n\t\t\t\t\tsrc=\"https:\/\/zskarlaiv.cz\/wp-content\/gallery\/vatletika2014\/thumbs\/thumbs_DSC_0104-Large.JPG\"\n\t\t\t\t\twidth=\"100\"\n\t\t\t\t\theight=\"75\"\n\t\t\t\t\tstyle=\"max-width:100%;\"\n\t\t\t\t\/>\n\t\t\t<\/a>\n\t\t<\/div>\n\t\t\t\t\t\t\t<\/div>\n\t\t\t\n\t\t\n\t\t\t\t<div id=\"ngg-image-10\" class=\"ngg-gallery-thumbnail-box\"\n\t\t\t\t\t\t\t\t\t\t\t>\n\t\t\t\t\t\t<div class=\"ngg-gallery-thumbnail\">\n\t\t\t<a href=\"https:\/\/zskarlaiv.cz\/wp-content\/gallery\/vatletika2014\/DSC_0105-Large.JPG\"\n\t\t\t\ttitle=\" \"\n\t\t\t\tdata-src=\"https:\/\/zskarlaiv.cz\/wp-content\/gallery\/vatletika2014\/DSC_0105-Large.JPG\"\n\t\t\t\tdata-thumbnail=\"https:\/\/zskarlaiv.cz\/wp-content\/gallery\/vatletika2014\/thumbs\/thumbs_DSC_0105-Large.JPG\"\n\t\t\t\tdata-image-id=\"17595\"\n\t\t\t\tdata-title=\"DSC_0105 (Large)\"\n\t\t\t\tdata-description=\" \"\n\t\t\t\tdata-image-slug=\"dsc_0105-large-2\"\n\t\t\t\tclass=\"shutterset_4334290753f8eeb36a9c77ec9978298a\">\n\t\t\t\t<img\n\t\t\t\t\ttitle=\"DSC_0105 (Large)\"\n\t\t\t\t\talt=\"DSC_0105 (Large)\"\n\t\t\t\t\tsrc=\"https:\/\/zskarlaiv.cz\/wp-content\/gallery\/vatletika2014\/thumbs\/thumbs_DSC_0105-Large.JPG\"\n\t\t\t\t\twidth=\"100\"\n\t\t\t\t\theight=\"75\"\n\t\t\t\t\tstyle=\"max-width:100%;\"\n\t\t\t\t\/>\n\t\t\t<\/a>\n\t\t<\/div>\n\t\t\t\t\t\t\t<\/div>\n\t\t\t\n\t\t\n\t\t\t\t<div id=\"ngg-image-11\" class=\"ngg-gallery-thumbnail-box\"\n\t\t\t\t\t\t\t\t\t\t\t>\n\t\t\t\t\t\t<div class=\"ngg-gallery-thumbnail\">\n\t\t\t<a href=\"https:\/\/zskarlaiv.cz\/wp-content\/gallery\/vatletika2014\/DSC_0106-Large.JPG\"\n\t\t\t\ttitle=\" \"\n\t\t\t\tdata-src=\"https:\/\/zskarlaiv.cz\/wp-content\/gallery\/vatletika2014\/DSC_0106-Large.JPG\"\n\t\t\t\tdata-thumbnail=\"https:\/\/zskarlaiv.cz\/wp-content\/gallery\/vatletika2014\/thumbs\/thumbs_DSC_0106-Large.JPG\"\n\t\t\t\tdata-image-id=\"17596\"\n\t\t\t\tdata-title=\"DSC_0106 (Large)\"\n\t\t\t\tdata-description=\" \"\n\t\t\t\tdata-image-slug=\"dsc_0106-large-2\"\n\t\t\t\tclass=\"shutterset_4334290753f8eeb36a9c77ec9978298a\">\n\t\t\t\t<img\n\t\t\t\t\ttitle=\"DSC_0106 (Large)\"\n\t\t\t\t\talt=\"DSC_0106 (Large)\"\n\t\t\t\t\tsrc=\"https:\/\/zskarlaiv.cz\/wp-content\/gallery\/vatletika2014\/thumbs\/thumbs_DSC_0106-Large.JPG\"\n\t\t\t\t\twidth=\"100\"\n\t\t\t\t\theight=\"75\"\n\t\t\t\t\tstyle=\"max-width:100%;\"\n\t\t\t\t\/>\n\t\t\t<\/a>\n\t\t<\/div>\n\t\t\t\t\t\t\t<\/div>\n\t\t\t\n\t\t\n\t\t\t\t<div id=\"ngg-image-12\" class=\"ngg-gallery-thumbnail-box\"\n\t\t\t\t\t\t\t\t\t\t\t>\n\t\t\t\t\t\t<div class=\"ngg-gallery-thumbnail\">\n\t\t\t<a href=\"https:\/\/zskarlaiv.cz\/wp-content\/gallery\/vatletika2014\/DSC_0107-Large.JPG\"\n\t\t\t\ttitle=\" \"\n\t\t\t\tdata-src=\"https:\/\/zskarlaiv.cz\/wp-content\/gallery\/vatletika2014\/DSC_0107-Large.JPG\"\n\t\t\t\tdata-thumbnail=\"https:\/\/zskarlaiv.cz\/wp-content\/gallery\/vatletika2014\/thumbs\/thumbs_DSC_0107-Large.JPG\"\n\t\t\t\tdata-image-id=\"17597\"\n\t\t\t\tdata-title=\"DSC_0107 (Large)\"\n\t\t\t\tdata-description=\" \"\n\t\t\t\tdata-image-slug=\"dsc_0107-large-2\"\n\t\t\t\tclass=\"shutterset_4334290753f8eeb36a9c77ec9978298a\">\n\t\t\t\t<img\n\t\t\t\t\ttitle=\"DSC_0107 (Large)\"\n\t\t\t\t\talt=\"DSC_0107 (Large)\"\n\t\t\t\t\tsrc=\"https:\/\/zskarlaiv.cz\/wp-content\/gallery\/vatletika2014\/thumbs\/thumbs_DSC_0107-Large.JPG\"\n\t\t\t\t\twidth=\"100\"\n\t\t\t\t\theight=\"75\"\n\t\t\t\t\tstyle=\"max-width:100%;\"\n\t\t\t\t\/>\n\t\t\t<\/a>\n\t\t<\/div>\n\t\t\t\t\t\t\t<\/div>\n\t\t\t\n\t\t\n\t\t\t\t<div id=\"ngg-image-13\" class=\"ngg-gallery-thumbnail-box\"\n\t\t\t\t\t\t\t\t\t\t\t>\n\t\t\t\t\t\t<div class=\"ngg-gallery-thumbnail\">\n\t\t\t<a href=\"https:\/\/zskarlaiv.cz\/wp-content\/gallery\/vatletika2014\/DSC_0109-Large.JPG\"\n\t\t\t\ttitle=\" \"\n\t\t\t\tdata-src=\"https:\/\/zskarlaiv.cz\/wp-content\/gallery\/vatletika2014\/DSC_0109-Large.JPG\"\n\t\t\t\tdata-thumbnail=\"https:\/\/zskarlaiv.cz\/wp-content\/gallery\/vatletika2014\/thumbs\/thumbs_DSC_0109-Large.JPG\"\n\t\t\t\tdata-image-id=\"17598\"\n\t\t\t\tdata-title=\"DSC_0109 (Large)\"\n\t\t\t\tdata-description=\" \"\n\t\t\t\tdata-image-slug=\"dsc_0109-large-1\"\n\t\t\t\tclass=\"shutterset_4334290753f8eeb36a9c77ec9978298a\">\n\t\t\t\t<img\n\t\t\t\t\ttitle=\"DSC_0109 (Large)\"\n\t\t\t\t\talt=\"DSC_0109 (Large)\"\n\t\t\t\t\tsrc=\"https:\/\/zskarlaiv.cz\/wp-content\/gallery\/vatletika2014\/thumbs\/thumbs_DSC_0109-Large.JPG\"\n\t\t\t\t\twidth=\"100\"\n\t\t\t\t\theight=\"75\"\n\t\t\t\t\tstyle=\"max-width:100%;\"\n\t\t\t\t\/>\n\t\t\t<\/a>\n\t\t<\/div>\n\t\t\t\t\t\t\t<\/div>\n\t\t\t\n\t\t\n\t\t\t\t<div id=\"ngg-image-14\" class=\"ngg-gallery-thumbnail-box\"\n\t\t\t\t\t\t\t\t\t\t\t>\n\t\t\t\t\t\t<div class=\"ngg-gallery-thumbnail\">\n\t\t\t<a href=\"https:\/\/zskarlaiv.cz\/wp-content\/gallery\/vatletika2014\/DSC_0111-Large.JPG\"\n\t\t\t\ttitle=\" \"\n\t\t\t\tdata-src=\"https:\/\/zskarlaiv.cz\/wp-content\/gallery\/vatletika2014\/DSC_0111-Large.JPG\"\n\t\t\t\tdata-thumbnail=\"https:\/\/zskarlaiv.cz\/wp-content\/gallery\/vatletika2014\/thumbs\/thumbs_DSC_0111-Large.JPG\"\n\t\t\t\tdata-image-id=\"17599\"\n\t\t\t\tdata-title=\"DSC_0111 (Large)\"\n\t\t\t\tdata-description=\" \"\n\t\t\t\tdata-image-slug=\"dsc_0111-large-1\"\n\t\t\t\tclass=\"shutterset_4334290753f8eeb36a9c77ec9978298a\">\n\t\t\t\t<img\n\t\t\t\t\ttitle=\"DSC_0111 (Large)\"\n\t\t\t\t\talt=\"DSC_0111 (Large)\"\n\t\t\t\t\tsrc=\"https:\/\/zskarlaiv.cz\/wp-content\/gallery\/vatletika2014\/thumbs\/thumbs_DSC_0111-Large.JPG\"\n\t\t\t\t\twidth=\"100\"\n\t\t\t\t\theight=\"75\"\n\t\t\t\t\tstyle=\"max-width:100%;\"\n\t\t\t\t\/>\n\t\t\t<\/a>\n\t\t<\/div>\n\t\t\t\t\t\t\t<\/div>\n\t\t\t\n\t\t\n\t\t\t\t<div id=\"ngg-image-15\" class=\"ngg-gallery-thumbnail-box\"\n\t\t\t\t\t\t\t\t\t\t\t>\n\t\t\t\t\t\t<div class=\"ngg-gallery-thumbnail\">\n\t\t\t<a href=\"https:\/\/zskarlaiv.cz\/wp-content\/gallery\/vatletika2014\/DSC_0112-Large.JPG\"\n\t\t\t\ttitle=\" \"\n\t\t\t\tdata-src=\"https:\/\/zskarlaiv.cz\/wp-content\/gallery\/vatletika2014\/DSC_0112-Large.JPG\"\n\t\t\t\tdata-thumbnail=\"https:\/\/zskarlaiv.cz\/wp-content\/gallery\/vatletika2014\/thumbs\/thumbs_DSC_0112-Large.JPG\"\n\t\t\t\tdata-image-id=\"17600\"\n\t\t\t\tdata-title=\"DSC_0112 (Large)\"\n\t\t\t\tdata-description=\" \"\n\t\t\t\tdata-image-slug=\"dsc_0112-large-1\"\n\t\t\t\tclass=\"shutterset_4334290753f8eeb36a9c77ec9978298a\">\n\t\t\t\t<img\n\t\t\t\t\ttitle=\"DSC_0112 (Large)\"\n\t\t\t\t\talt=\"DSC_0112 (Large)\"\n\t\t\t\t\tsrc=\"https:\/\/zskarlaiv.cz\/wp-content\/gallery\/vatletika2014\/thumbs\/thumbs_DSC_0112-Large.JPG\"\n\t\t\t\t\twidth=\"100\"\n\t\t\t\t\theight=\"75\"\n\t\t\t\t\tstyle=\"max-width:100%;\"\n\t\t\t\t\/>\n\t\t\t<\/a>\n\t\t<\/div>\n\t\t\t\t\t\t\t<\/div>\n\t\t\t\n\t\t\n\t\t\t\t<div id=\"ngg-image-16\" class=\"ngg-gallery-thumbnail-box\"\n\t\t\t\t\t\t\t\t\t\t\t>\n\t\t\t\t\t\t<div class=\"ngg-gallery-thumbnail\">\n\t\t\t<a href=\"https:\/\/zskarlaiv.cz\/wp-content\/gallery\/vatletika2014\/DSC_0113-Large.JPG\"\n\t\t\t\ttitle=\" \"\n\t\t\t\tdata-src=\"https:\/\/zskarlaiv.cz\/wp-content\/gallery\/vatletika2014\/DSC_0113-Large.JPG\"\n\t\t\t\tdata-thumbnail=\"https:\/\/zskarlaiv.cz\/wp-content\/gallery\/vatletika2014\/thumbs\/thumbs_DSC_0113-Large.JPG\"\n\t\t\t\tdata-image-id=\"17601\"\n\t\t\t\tdata-title=\"DSC_0113 (Large)\"\n\t\t\t\tdata-description=\" \"\n\t\t\t\tdata-image-slug=\"dsc_0113-large-1\"\n\t\t\t\tclass=\"shutterset_4334290753f8eeb36a9c77ec9978298a\">\n\t\t\t\t<img\n\t\t\t\t\ttitle=\"DSC_0113 (Large)\"\n\t\t\t\t\talt=\"DSC_0113 (Large)\"\n\t\t\t\t\tsrc=\"https:\/\/zskarlaiv.cz\/wp-content\/gallery\/vatletika2014\/thumbs\/thumbs_DSC_0113-Large.JPG\"\n\t\t\t\t\twidth=\"100\"\n\t\t\t\t\theight=\"75\"\n\t\t\t\t\tstyle=\"max-width:100%;\"\n\t\t\t\t\/>\n\t\t\t<\/a>\n\t\t<\/div>\n\t\t\t\t\t\t\t<\/div>\n\t\t\t\n\t\t\n\t\t\t\t<div id=\"ngg-image-17\" class=\"ngg-gallery-thumbnail-box\"\n\t\t\t\t\t\t\t\t\t\t\t>\n\t\t\t\t\t\t<div class=\"ngg-gallery-thumbnail\">\n\t\t\t<a href=\"https:\/\/zskarlaiv.cz\/wp-content\/gallery\/vatletika2014\/DSC_0114-Large.JPG\"\n\t\t\t\ttitle=\" \"\n\t\t\t\tdata-src=\"https:\/\/zskarlaiv.cz\/wp-content\/gallery\/vatletika2014\/DSC_0114-Large.JPG\"\n\t\t\t\tdata-thumbnail=\"https:\/\/zskarlaiv.cz\/wp-content\/gallery\/vatletika2014\/thumbs\/thumbs_DSC_0114-Large.JPG\"\n\t\t\t\tdata-image-id=\"17602\"\n\t\t\t\tdata-title=\"DSC_0114 (Large)\"\n\t\t\t\tdata-description=\" \"\n\t\t\t\tdata-image-slug=\"dsc_0114-large-2\"\n\t\t\t\tclass=\"shutterset_4334290753f8eeb36a9c77ec9978298a\">\n\t\t\t\t<img\n\t\t\t\t\ttitle=\"DSC_0114 (Large)\"\n\t\t\t\t\talt=\"DSC_0114 (Large)\"\n\t\t\t\t\tsrc=\"https:\/\/zskarlaiv.cz\/wp-content\/gallery\/vatletika2014\/thumbs\/thumbs_DSC_0114-Large.JPG\"\n\t\t\t\t\twidth=\"100\"\n\t\t\t\t\theight=\"75\"\n\t\t\t\t\tstyle=\"max-width:100%;\"\n\t\t\t\t\/>\n\t\t\t<\/a>\n\t\t<\/div>\n\t\t\t\t\t\t\t<\/div>\n\t\t\t\n\t\t\n\t\t\t\t<div id=\"ngg-image-18\" class=\"ngg-gallery-thumbnail-box\"\n\t\t\t\t\t\t\t\t\t\t\t>\n\t\t\t\t\t\t<div class=\"ngg-gallery-thumbnail\">\n\t\t\t<a href=\"https:\/\/zskarlaiv.cz\/wp-content\/gallery\/vatletika2014\/DSC_0116-Large.JPG\"\n\t\t\t\ttitle=\" \"\n\t\t\t\tdata-src=\"https:\/\/zskarlaiv.cz\/wp-content\/gallery\/vatletika2014\/DSC_0116-Large.JPG\"\n\t\t\t\tdata-thumbnail=\"https:\/\/zskarlaiv.cz\/wp-content\/gallery\/vatletika2014\/thumbs\/thumbs_DSC_0116-Large.JPG\"\n\t\t\t\tdata-image-id=\"17603\"\n\t\t\t\tdata-title=\"DSC_0116 (Large)\"\n\t\t\t\tdata-description=\" \"\n\t\t\t\tdata-image-slug=\"dsc_0116-large-1\"\n\t\t\t\tclass=\"shutterset_4334290753f8eeb36a9c77ec9978298a\">\n\t\t\t\t<img\n\t\t\t\t\ttitle=\"DSC_0116 (Large)\"\n\t\t\t\t\talt=\"DSC_0116 (Large)\"\n\t\t\t\t\tsrc=\"https:\/\/zskarlaiv.cz\/wp-content\/gallery\/vatletika2014\/thumbs\/thumbs_DSC_0116-Large.JPG\"\n\t\t\t\t\twidth=\"100\"\n\t\t\t\t\theight=\"75\"\n\t\t\t\t\tstyle=\"max-width:100%;\"\n\t\t\t\t\/>\n\t\t\t<\/a>\n\t\t<\/div>\n\t\t\t\t\t\t\t<\/div>\n\t\t\t\n\t\t\n\t\t\t\t<div id=\"ngg-image-19\" class=\"ngg-gallery-thumbnail-box\"\n\t\t\t\t\t\t\t\t\t\t\t>\n\t\t\t\t\t\t<div class=\"ngg-gallery-thumbnail\">\n\t\t\t<a href=\"https:\/\/zskarlaiv.cz\/wp-content\/gallery\/vatletika2014\/DSC_0118-Large.JPG\"\n\t\t\t\ttitle=\" \"\n\t\t\t\tdata-src=\"https:\/\/zskarlaiv.cz\/wp-content\/gallery\/vatletika2014\/DSC_0118-Large.JPG\"\n\t\t\t\tdata-thumbnail=\"https:\/\/zskarlaiv.cz\/wp-content\/gallery\/vatletika2014\/thumbs\/thumbs_DSC_0118-Large.JPG\"\n\t\t\t\tdata-image-id=\"17604\"\n\t\t\t\tdata-title=\"DSC_0118 (Large)\"\n\t\t\t\tdata-description=\" \"\n\t\t\t\tdata-image-slug=\"dsc_0118-large-1\"\n\t\t\t\tclass=\"shutterset_4334290753f8eeb36a9c77ec9978298a\">\n\t\t\t\t<img\n\t\t\t\t\ttitle=\"DSC_0118 (Large)\"\n\t\t\t\t\talt=\"DSC_0118 (Large)\"\n\t\t\t\t\tsrc=\"https:\/\/zskarlaiv.cz\/wp-content\/gallery\/vatletika2014\/thumbs\/thumbs_DSC_0118-Large.JPG\"\n\t\t\t\t\twidth=\"100\"\n\t\t\t\t\theight=\"75\"\n\t\t\t\t\tstyle=\"max-width:100%;\"\n\t\t\t\t\/>\n\t\t\t<\/a>\n\t\t<\/div>\n\t\t\t\t\t\t\t<\/div>\n\t\t\t\n\t\t\n\t\t\n\t\t<!-- Pagination -->\n\t\t<div class='ngg-navigation'><span class='current'>1<\/span>\n<a class='page-numbers' data-pageid='2' href='https:\/\/zskarlaiv.cz\/index.php\/nggallery\/page\/2?page_id=9175'>2<\/a>\n<a class='page-numbers' data-pageid='3' href='https:\/\/zskarlaiv.cz\/index.php\/nggallery\/page\/3?page_id=9175'>3<\/a>\n<a class='prev' href='https:\/\/zskarlaiv.cz\/index.php\/nggallery\/page\/2?page_id=9175' data-pageid=2>&#9658;<\/a><\/div>\t<\/div>\n<\/p>\n","protected":false},"excerpt":{"rendered":"<p>[Show as slideshow] 1 2 3 &#9658;<\/p>\n","protected":false},"author":1,"featured_media":0,"parent":0,"menu_order":0,"comment_status":"closed","ping_status":"open","template":"","meta":{"ngg_post_thumbnail":0,"footnotes":""},"class_list":["post-9175","page","type-page","status-publish","hentry"],"_links":{"self":[{"href":"https:\/\/zskarlaiv.cz\/index.php?rest_route=\/wp\/v2\/pages\/9175","targetHints":{"allow":["GET"]}}],"collection":[{"href":"https:\/\/zskarlaiv.cz\/index.php?rest_route=\/wp\/v2\/pages"}],"about":[{"href":"https:\/\/zskarlaiv.cz\/index.php?rest_route=\/wp\/v2\/types\/page"}],"author":[{"embeddable":true,"href":"https:\/\/zskarlaiv.cz\/index.php?rest_route=\/wp\/v2\/users\/1"}],"replies":[{"embeddable":true,"href":"https:\/\/zskarlaiv.cz\/index.php?rest_route=%2Fwp%2Fv2%2Fcomments&post=9175"}],"version-history":[{"count":1,"href":"https:\/\/zskarlaiv.cz\/index.php?rest_route=\/wp\/v2\/pages\/9175\/revisions"}],"predecessor-version":[{"id":9177,"href":"https:\/\/zskarlaiv.cz\/index.php?rest_route=\/wp\/v2\/pages\/9175\/revisions\/9177"}],"wp:attachment":[{"href":"https:\/\/zskarlaiv.cz\/index.php?rest_route=%2Fwp%2Fv2%2Fmedia&parent=9175"}],"curies":[{"name":"wp","href":"https:\/\/api.w.org\/{rel}","templated":true}]}}