{"id":9172,"date":"2014-10-10T10:15:01","date_gmt":"2014-10-10T10:15:01","guid":{"rendered":"http:\/\/zskarlaiv.cz\/?page_id=9172"},"modified":"2015-01-28T10:16:08","modified_gmt":"2015-01-28T10:16:08","slug":"mala-kopana-2014-zakladni-skupina","status":"publish","type":"page","link":"https:\/\/zskarlaiv.cz\/?page_id=9172","title":{"rendered":"Mal\u00e1 kopan\u00e1 2014 &#8211; z\u00e1kladn\u00ed skupina"},"content":{"rendered":"<p><!-- index.php -->\n<div\n\tclass=\"ngg-galleryoverview\n\t ngg-ajax-pagination-none\t\"\n\tid=\"ngg-gallery-78a224af3431707c9aefa93053e45f99-1\">\n\n\t\t<div class=\"slideshowlink\">\n\t\t<a href='https:\/\/zskarlaiv.cz\/index.php\/nggallery\/slideshow?page_id=9172'>[Show as slideshow]<\/a>\n\n\t<\/div>\n\t\t\t<!-- Thumbnails -->\n\t\t\t\t<div id=\"ngg-image-0\" class=\"ngg-gallery-thumbnail-box\"\n\t\t\t\t\t\t\t\t\t\t\t>\n\t\t\t\t\t\t<div class=\"ngg-gallery-thumbnail\">\n\t\t\t<a href=\"https:\/\/zskarlaiv.cz\/wp-content\/gallery\/mkopanazs2014\/DSCF2340.JPG\"\n\t\t\t\ttitle=\"\"\n\t\t\t\tdata-src=\"https:\/\/zskarlaiv.cz\/wp-content\/gallery\/mkopanazs2014\/DSCF2340.JPG\"\n\t\t\t\tdata-thumbnail=\"https:\/\/zskarlaiv.cz\/wp-content\/gallery\/mkopanazs2014\/thumbs\/thumbs_DSCF2340.JPG\"\n\t\t\t\tdata-image-id=\"16803\"\n\t\t\t\tdata-title=\"DSCF2340\"\n\t\t\t\tdata-description=\"\"\n\t\t\t\tdata-image-slug=\"dscf2340\"\n\t\t\t\tclass=\"shutterset_78a224af3431707c9aefa93053e45f99\">\n\t\t\t\t<img\n\t\t\t\t\ttitle=\"DSCF2340\"\n\t\t\t\t\talt=\"DSCF2340\"\n\t\t\t\t\tsrc=\"https:\/\/zskarlaiv.cz\/wp-content\/gallery\/mkopanazs2014\/thumbs\/thumbs_DSCF2340.JPG\"\n\t\t\t\t\twidth=\"100\"\n\t\t\t\t\theight=\"75\"\n\t\t\t\t\tstyle=\"max-width:100%;\"\n\t\t\t\t\/>\n\t\t\t<\/a>\n\t\t<\/div>\n\t\t\t\t\t\t\t<\/div>\n\t\t\t\n\t\t\n\t\t\t\t<div id=\"ngg-image-1\" class=\"ngg-gallery-thumbnail-box\"\n\t\t\t\t\t\t\t\t\t\t\t>\n\t\t\t\t\t\t<div class=\"ngg-gallery-thumbnail\">\n\t\t\t<a href=\"https:\/\/zskarlaiv.cz\/wp-content\/gallery\/mkopanazs2014\/DSCF2341.JPG\"\n\t\t\t\ttitle=\" \"\n\t\t\t\tdata-src=\"https:\/\/zskarlaiv.cz\/wp-content\/gallery\/mkopanazs2014\/DSCF2341.JPG\"\n\t\t\t\tdata-thumbnail=\"https:\/\/zskarlaiv.cz\/wp-content\/gallery\/mkopanazs2014\/thumbs\/thumbs_DSCF2341.JPG\"\n\t\t\t\tdata-image-id=\"16804\"\n\t\t\t\tdata-title=\"DSCF2341\"\n\t\t\t\tdata-description=\" \"\n\t\t\t\tdata-image-slug=\"dscf2341\"\n\t\t\t\tclass=\"shutterset_78a224af3431707c9aefa93053e45f99\">\n\t\t\t\t<img\n\t\t\t\t\ttitle=\"DSCF2341\"\n\t\t\t\t\talt=\"DSCF2341\"\n\t\t\t\t\tsrc=\"https:\/\/zskarlaiv.cz\/wp-content\/gallery\/mkopanazs2014\/thumbs\/thumbs_DSCF2341.JPG\"\n\t\t\t\t\twidth=\"100\"\n\t\t\t\t\theight=\"75\"\n\t\t\t\t\tstyle=\"max-width:100%;\"\n\t\t\t\t\/>\n\t\t\t<\/a>\n\t\t<\/div>\n\t\t\t\t\t\t\t<\/div>\n\t\t\t\n\t\t\n\t\t\t\t<div id=\"ngg-image-2\" class=\"ngg-gallery-thumbnail-box\"\n\t\t\t\t\t\t\t\t\t\t\t>\n\t\t\t\t\t\t<div class=\"ngg-gallery-thumbnail\">\n\t\t\t<a href=\"https:\/\/zskarlaiv.cz\/wp-content\/gallery\/mkopanazs2014\/DSCF2342.JPG\"\n\t\t\t\ttitle=\" \"\n\t\t\t\tdata-src=\"https:\/\/zskarlaiv.cz\/wp-content\/gallery\/mkopanazs2014\/DSCF2342.JPG\"\n\t\t\t\tdata-thumbnail=\"https:\/\/zskarlaiv.cz\/wp-content\/gallery\/mkopanazs2014\/thumbs\/thumbs_DSCF2342.JPG\"\n\t\t\t\tdata-image-id=\"16805\"\n\t\t\t\tdata-title=\"DSCF2342\"\n\t\t\t\tdata-description=\" \"\n\t\t\t\tdata-image-slug=\"dscf2342\"\n\t\t\t\tclass=\"shutterset_78a224af3431707c9aefa93053e45f99\">\n\t\t\t\t<img\n\t\t\t\t\ttitle=\"DSCF2342\"\n\t\t\t\t\talt=\"DSCF2342\"\n\t\t\t\t\tsrc=\"https:\/\/zskarlaiv.cz\/wp-content\/gallery\/mkopanazs2014\/thumbs\/thumbs_DSCF2342.JPG\"\n\t\t\t\t\twidth=\"100\"\n\t\t\t\t\theight=\"75\"\n\t\t\t\t\tstyle=\"max-width:100%;\"\n\t\t\t\t\/>\n\t\t\t<\/a>\n\t\t<\/div>\n\t\t\t\t\t\t\t<\/div>\n\t\t\t\n\t\t\n\t\t\t\t<div id=\"ngg-image-3\" class=\"ngg-gallery-thumbnail-box\"\n\t\t\t\t\t\t\t\t\t\t\t>\n\t\t\t\t\t\t<div class=\"ngg-gallery-thumbnail\">\n\t\t\t<a href=\"https:\/\/zskarlaiv.cz\/wp-content\/gallery\/mkopanazs2014\/DSCF2343.JPG\"\n\t\t\t\ttitle=\" \"\n\t\t\t\tdata-src=\"https:\/\/zskarlaiv.cz\/wp-content\/gallery\/mkopanazs2014\/DSCF2343.JPG\"\n\t\t\t\tdata-thumbnail=\"https:\/\/zskarlaiv.cz\/wp-content\/gallery\/mkopanazs2014\/thumbs\/thumbs_DSCF2343.JPG\"\n\t\t\t\tdata-image-id=\"16806\"\n\t\t\t\tdata-title=\"DSCF2343\"\n\t\t\t\tdata-description=\" \"\n\t\t\t\tdata-image-slug=\"dscf2343\"\n\t\t\t\tclass=\"shutterset_78a224af3431707c9aefa93053e45f99\">\n\t\t\t\t<img\n\t\t\t\t\ttitle=\"DSCF2343\"\n\t\t\t\t\talt=\"DSCF2343\"\n\t\t\t\t\tsrc=\"https:\/\/zskarlaiv.cz\/wp-content\/gallery\/mkopanazs2014\/thumbs\/thumbs_DSCF2343.JPG\"\n\t\t\t\t\twidth=\"100\"\n\t\t\t\t\theight=\"75\"\n\t\t\t\t\tstyle=\"max-width:100%;\"\n\t\t\t\t\/>\n\t\t\t<\/a>\n\t\t<\/div>\n\t\t\t\t\t\t\t<\/div>\n\t\t\t\n\t\t\n\t\t\t\t<div id=\"ngg-image-4\" class=\"ngg-gallery-thumbnail-box\"\n\t\t\t\t\t\t\t\t\t\t\t>\n\t\t\t\t\t\t<div class=\"ngg-gallery-thumbnail\">\n\t\t\t<a href=\"https:\/\/zskarlaiv.cz\/wp-content\/gallery\/mkopanazs2014\/DSCF2345.JPG\"\n\t\t\t\ttitle=\" \"\n\t\t\t\tdata-src=\"https:\/\/zskarlaiv.cz\/wp-content\/gallery\/mkopanazs2014\/DSCF2345.JPG\"\n\t\t\t\tdata-thumbnail=\"https:\/\/zskarlaiv.cz\/wp-content\/gallery\/mkopanazs2014\/thumbs\/thumbs_DSCF2345.JPG\"\n\t\t\t\tdata-image-id=\"16807\"\n\t\t\t\tdata-title=\"DSCF2345\"\n\t\t\t\tdata-description=\" \"\n\t\t\t\tdata-image-slug=\"dscf2345\"\n\t\t\t\tclass=\"shutterset_78a224af3431707c9aefa93053e45f99\">\n\t\t\t\t<img\n\t\t\t\t\ttitle=\"DSCF2345\"\n\t\t\t\t\talt=\"DSCF2345\"\n\t\t\t\t\tsrc=\"https:\/\/zskarlaiv.cz\/wp-content\/gallery\/mkopanazs2014\/thumbs\/thumbs_DSCF2345.JPG\"\n\t\t\t\t\twidth=\"100\"\n\t\t\t\t\theight=\"75\"\n\t\t\t\t\tstyle=\"max-width:100%;\"\n\t\t\t\t\/>\n\t\t\t<\/a>\n\t\t<\/div>\n\t\t\t\t\t\t\t<\/div>\n\t\t\t\n\t\t\n\t\t\t\t<div id=\"ngg-image-5\" class=\"ngg-gallery-thumbnail-box\"\n\t\t\t\t\t\t\t\t\t\t\t>\n\t\t\t\t\t\t<div class=\"ngg-gallery-thumbnail\">\n\t\t\t<a href=\"https:\/\/zskarlaiv.cz\/wp-content\/gallery\/mkopanazs2014\/DSCF2346.JPG\"\n\t\t\t\ttitle=\" \"\n\t\t\t\tdata-src=\"https:\/\/zskarlaiv.cz\/wp-content\/gallery\/mkopanazs2014\/DSCF2346.JPG\"\n\t\t\t\tdata-thumbnail=\"https:\/\/zskarlaiv.cz\/wp-content\/gallery\/mkopanazs2014\/thumbs\/thumbs_DSCF2346.JPG\"\n\t\t\t\tdata-image-id=\"16808\"\n\t\t\t\tdata-title=\"DSCF2346\"\n\t\t\t\tdata-description=\" \"\n\t\t\t\tdata-image-slug=\"dscf2346\"\n\t\t\t\tclass=\"shutterset_78a224af3431707c9aefa93053e45f99\">\n\t\t\t\t<img\n\t\t\t\t\ttitle=\"DSCF2346\"\n\t\t\t\t\talt=\"DSCF2346\"\n\t\t\t\t\tsrc=\"https:\/\/zskarlaiv.cz\/wp-content\/gallery\/mkopanazs2014\/thumbs\/thumbs_DSCF2346.JPG\"\n\t\t\t\t\twidth=\"100\"\n\t\t\t\t\theight=\"75\"\n\t\t\t\t\tstyle=\"max-width:100%;\"\n\t\t\t\t\/>\n\t\t\t<\/a>\n\t\t<\/div>\n\t\t\t\t\t\t\t<\/div>\n\t\t\t\n\t\t\n\t\t\t\t<div id=\"ngg-image-6\" class=\"ngg-gallery-thumbnail-box\"\n\t\t\t\t\t\t\t\t\t\t\t>\n\t\t\t\t\t\t<div class=\"ngg-gallery-thumbnail\">\n\t\t\t<a href=\"https:\/\/zskarlaiv.cz\/wp-content\/gallery\/mkopanazs2014\/DSCF2348.JPG\"\n\t\t\t\ttitle=\" \"\n\t\t\t\tdata-src=\"https:\/\/zskarlaiv.cz\/wp-content\/gallery\/mkopanazs2014\/DSCF2348.JPG\"\n\t\t\t\tdata-thumbnail=\"https:\/\/zskarlaiv.cz\/wp-content\/gallery\/mkopanazs2014\/thumbs\/thumbs_DSCF2348.JPG\"\n\t\t\t\tdata-image-id=\"16809\"\n\t\t\t\tdata-title=\"DSCF2348\"\n\t\t\t\tdata-description=\" \"\n\t\t\t\tdata-image-slug=\"dscf2348\"\n\t\t\t\tclass=\"shutterset_78a224af3431707c9aefa93053e45f99\">\n\t\t\t\t<img\n\t\t\t\t\ttitle=\"DSCF2348\"\n\t\t\t\t\talt=\"DSCF2348\"\n\t\t\t\t\tsrc=\"https:\/\/zskarlaiv.cz\/wp-content\/gallery\/mkopanazs2014\/thumbs\/thumbs_DSCF2348.JPG\"\n\t\t\t\t\twidth=\"100\"\n\t\t\t\t\theight=\"75\"\n\t\t\t\t\tstyle=\"max-width:100%;\"\n\t\t\t\t\/>\n\t\t\t<\/a>\n\t\t<\/div>\n\t\t\t\t\t\t\t<\/div>\n\t\t\t\n\t\t\n\t\t\t\t<div id=\"ngg-image-7\" class=\"ngg-gallery-thumbnail-box\"\n\t\t\t\t\t\t\t\t\t\t\t>\n\t\t\t\t\t\t<div class=\"ngg-gallery-thumbnail\">\n\t\t\t<a href=\"https:\/\/zskarlaiv.cz\/wp-content\/gallery\/mkopanazs2014\/DSCF2353.JPG\"\n\t\t\t\ttitle=\" \"\n\t\t\t\tdata-src=\"https:\/\/zskarlaiv.cz\/wp-content\/gallery\/mkopanazs2014\/DSCF2353.JPG\"\n\t\t\t\tdata-thumbnail=\"https:\/\/zskarlaiv.cz\/wp-content\/gallery\/mkopanazs2014\/thumbs\/thumbs_DSCF2353.JPG\"\n\t\t\t\tdata-image-id=\"16810\"\n\t\t\t\tdata-title=\"DSCF2353\"\n\t\t\t\tdata-description=\" \"\n\t\t\t\tdata-image-slug=\"dscf2353\"\n\t\t\t\tclass=\"shutterset_78a224af3431707c9aefa93053e45f99\">\n\t\t\t\t<img\n\t\t\t\t\ttitle=\"DSCF2353\"\n\t\t\t\t\talt=\"DSCF2353\"\n\t\t\t\t\tsrc=\"https:\/\/zskarlaiv.cz\/wp-content\/gallery\/mkopanazs2014\/thumbs\/thumbs_DSCF2353.JPG\"\n\t\t\t\t\twidth=\"100\"\n\t\t\t\t\theight=\"75\"\n\t\t\t\t\tstyle=\"max-width:100%;\"\n\t\t\t\t\/>\n\t\t\t<\/a>\n\t\t<\/div>\n\t\t\t\t\t\t\t<\/div>\n\t\t\t\n\t\t\n\t\t\t\t<div id=\"ngg-image-8\" class=\"ngg-gallery-thumbnail-box\"\n\t\t\t\t\t\t\t\t\t\t\t>\n\t\t\t\t\t\t<div class=\"ngg-gallery-thumbnail\">\n\t\t\t<a href=\"https:\/\/zskarlaiv.cz\/wp-content\/gallery\/mkopanazs2014\/DSCF2354.JPG\"\n\t\t\t\ttitle=\" \"\n\t\t\t\tdata-src=\"https:\/\/zskarlaiv.cz\/wp-content\/gallery\/mkopanazs2014\/DSCF2354.JPG\"\n\t\t\t\tdata-thumbnail=\"https:\/\/zskarlaiv.cz\/wp-content\/gallery\/mkopanazs2014\/thumbs\/thumbs_DSCF2354.JPG\"\n\t\t\t\tdata-image-id=\"16811\"\n\t\t\t\tdata-title=\"DSCF2354\"\n\t\t\t\tdata-description=\" \"\n\t\t\t\tdata-image-slug=\"dscf2354\"\n\t\t\t\tclass=\"shutterset_78a224af3431707c9aefa93053e45f99\">\n\t\t\t\t<img\n\t\t\t\t\ttitle=\"DSCF2354\"\n\t\t\t\t\talt=\"DSCF2354\"\n\t\t\t\t\tsrc=\"https:\/\/zskarlaiv.cz\/wp-content\/gallery\/mkopanazs2014\/thumbs\/thumbs_DSCF2354.JPG\"\n\t\t\t\t\twidth=\"100\"\n\t\t\t\t\theight=\"75\"\n\t\t\t\t\tstyle=\"max-width:100%;\"\n\t\t\t\t\/>\n\t\t\t<\/a>\n\t\t<\/div>\n\t\t\t\t\t\t\t<\/div>\n\t\t\t\n\t\t\n\t\t\t\t<div id=\"ngg-image-9\" class=\"ngg-gallery-thumbnail-box\"\n\t\t\t\t\t\t\t\t\t\t\t>\n\t\t\t\t\t\t<div class=\"ngg-gallery-thumbnail\">\n\t\t\t<a href=\"https:\/\/zskarlaiv.cz\/wp-content\/gallery\/mkopanazs2014\/DSCF2355.JPG\"\n\t\t\t\ttitle=\" \"\n\t\t\t\tdata-src=\"https:\/\/zskarlaiv.cz\/wp-content\/gallery\/mkopanazs2014\/DSCF2355.JPG\"\n\t\t\t\tdata-thumbnail=\"https:\/\/zskarlaiv.cz\/wp-content\/gallery\/mkopanazs2014\/thumbs\/thumbs_DSCF2355.JPG\"\n\t\t\t\tdata-image-id=\"16812\"\n\t\t\t\tdata-title=\"DSCF2355\"\n\t\t\t\tdata-description=\" \"\n\t\t\t\tdata-image-slug=\"dscf2355\"\n\t\t\t\tclass=\"shutterset_78a224af3431707c9aefa93053e45f99\">\n\t\t\t\t<img\n\t\t\t\t\ttitle=\"DSCF2355\"\n\t\t\t\t\talt=\"DSCF2355\"\n\t\t\t\t\tsrc=\"https:\/\/zskarlaiv.cz\/wp-content\/gallery\/mkopanazs2014\/thumbs\/thumbs_DSCF2355.JPG\"\n\t\t\t\t\twidth=\"100\"\n\t\t\t\t\theight=\"75\"\n\t\t\t\t\tstyle=\"max-width:100%;\"\n\t\t\t\t\/>\n\t\t\t<\/a>\n\t\t<\/div>\n\t\t\t\t\t\t\t<\/div>\n\t\t\t\n\t\t\n\t\t\t\t<div id=\"ngg-image-10\" class=\"ngg-gallery-thumbnail-box\"\n\t\t\t\t\t\t\t\t\t\t\t>\n\t\t\t\t\t\t<div class=\"ngg-gallery-thumbnail\">\n\t\t\t<a href=\"https:\/\/zskarlaiv.cz\/wp-content\/gallery\/mkopanazs2014\/DSCF2356.JPG\"\n\t\t\t\ttitle=\" \"\n\t\t\t\tdata-src=\"https:\/\/zskarlaiv.cz\/wp-content\/gallery\/mkopanazs2014\/DSCF2356.JPG\"\n\t\t\t\tdata-thumbnail=\"https:\/\/zskarlaiv.cz\/wp-content\/gallery\/mkopanazs2014\/thumbs\/thumbs_DSCF2356.JPG\"\n\t\t\t\tdata-image-id=\"16813\"\n\t\t\t\tdata-title=\"DSCF2356\"\n\t\t\t\tdata-description=\" \"\n\t\t\t\tdata-image-slug=\"dscf2356\"\n\t\t\t\tclass=\"shutterset_78a224af3431707c9aefa93053e45f99\">\n\t\t\t\t<img\n\t\t\t\t\ttitle=\"DSCF2356\"\n\t\t\t\t\talt=\"DSCF2356\"\n\t\t\t\t\tsrc=\"https:\/\/zskarlaiv.cz\/wp-content\/gallery\/mkopanazs2014\/thumbs\/thumbs_DSCF2356.JPG\"\n\t\t\t\t\twidth=\"100\"\n\t\t\t\t\theight=\"75\"\n\t\t\t\t\tstyle=\"max-width:100%;\"\n\t\t\t\t\/>\n\t\t\t<\/a>\n\t\t<\/div>\n\t\t\t\t\t\t\t<\/div>\n\t\t\t\n\t\t\n\t\t\t\t<div id=\"ngg-image-11\" class=\"ngg-gallery-thumbnail-box\"\n\t\t\t\t\t\t\t\t\t\t\t>\n\t\t\t\t\t\t<div class=\"ngg-gallery-thumbnail\">\n\t\t\t<a href=\"https:\/\/zskarlaiv.cz\/wp-content\/gallery\/mkopanazs2014\/DSCF2357.JPG\"\n\t\t\t\ttitle=\" \"\n\t\t\t\tdata-src=\"https:\/\/zskarlaiv.cz\/wp-content\/gallery\/mkopanazs2014\/DSCF2357.JPG\"\n\t\t\t\tdata-thumbnail=\"https:\/\/zskarlaiv.cz\/wp-content\/gallery\/mkopanazs2014\/thumbs\/thumbs_DSCF2357.JPG\"\n\t\t\t\tdata-image-id=\"16814\"\n\t\t\t\tdata-title=\"DSCF2357\"\n\t\t\t\tdata-description=\" \"\n\t\t\t\tdata-image-slug=\"dscf2357\"\n\t\t\t\tclass=\"shutterset_78a224af3431707c9aefa93053e45f99\">\n\t\t\t\t<img\n\t\t\t\t\ttitle=\"DSCF2357\"\n\t\t\t\t\talt=\"DSCF2357\"\n\t\t\t\t\tsrc=\"https:\/\/zskarlaiv.cz\/wp-content\/gallery\/mkopanazs2014\/thumbs\/thumbs_DSCF2357.JPG\"\n\t\t\t\t\twidth=\"100\"\n\t\t\t\t\theight=\"75\"\n\t\t\t\t\tstyle=\"max-width:100%;\"\n\t\t\t\t\/>\n\t\t\t<\/a>\n\t\t<\/div>\n\t\t\t\t\t\t\t<\/div>\n\t\t\t\n\t\t\n\t\t\t\t<div id=\"ngg-image-12\" class=\"ngg-gallery-thumbnail-box\"\n\t\t\t\t\t\t\t\t\t\t\t>\n\t\t\t\t\t\t<div class=\"ngg-gallery-thumbnail\">\n\t\t\t<a href=\"https:\/\/zskarlaiv.cz\/wp-content\/gallery\/mkopanazs2014\/DSCF2358.JPG\"\n\t\t\t\ttitle=\" \"\n\t\t\t\tdata-src=\"https:\/\/zskarlaiv.cz\/wp-content\/gallery\/mkopanazs2014\/DSCF2358.JPG\"\n\t\t\t\tdata-thumbnail=\"https:\/\/zskarlaiv.cz\/wp-content\/gallery\/mkopanazs2014\/thumbs\/thumbs_DSCF2358.JPG\"\n\t\t\t\tdata-image-id=\"16815\"\n\t\t\t\tdata-title=\"DSCF2358\"\n\t\t\t\tdata-description=\" \"\n\t\t\t\tdata-image-slug=\"dscf2358\"\n\t\t\t\tclass=\"shutterset_78a224af3431707c9aefa93053e45f99\">\n\t\t\t\t<img\n\t\t\t\t\ttitle=\"DSCF2358\"\n\t\t\t\t\talt=\"DSCF2358\"\n\t\t\t\t\tsrc=\"https:\/\/zskarlaiv.cz\/wp-content\/gallery\/mkopanazs2014\/thumbs\/thumbs_DSCF2358.JPG\"\n\t\t\t\t\twidth=\"100\"\n\t\t\t\t\theight=\"75\"\n\t\t\t\t\tstyle=\"max-width:100%;\"\n\t\t\t\t\/>\n\t\t\t<\/a>\n\t\t<\/div>\n\t\t\t\t\t\t\t<\/div>\n\t\t\t\n\t\t\n\t\t\t\t<div id=\"ngg-image-13\" class=\"ngg-gallery-thumbnail-box\"\n\t\t\t\t\t\t\t\t\t\t\t>\n\t\t\t\t\t\t<div class=\"ngg-gallery-thumbnail\">\n\t\t\t<a href=\"https:\/\/zskarlaiv.cz\/wp-content\/gallery\/mkopanazs2014\/DSCF2359.JPG\"\n\t\t\t\ttitle=\" \"\n\t\t\t\tdata-src=\"https:\/\/zskarlaiv.cz\/wp-content\/gallery\/mkopanazs2014\/DSCF2359.JPG\"\n\t\t\t\tdata-thumbnail=\"https:\/\/zskarlaiv.cz\/wp-content\/gallery\/mkopanazs2014\/thumbs\/thumbs_DSCF2359.JPG\"\n\t\t\t\tdata-image-id=\"16816\"\n\t\t\t\tdata-title=\"DSCF2359\"\n\t\t\t\tdata-description=\" \"\n\t\t\t\tdata-image-slug=\"dscf2359\"\n\t\t\t\tclass=\"shutterset_78a224af3431707c9aefa93053e45f99\">\n\t\t\t\t<img\n\t\t\t\t\ttitle=\"DSCF2359\"\n\t\t\t\t\talt=\"DSCF2359\"\n\t\t\t\t\tsrc=\"https:\/\/zskarlaiv.cz\/wp-content\/gallery\/mkopanazs2014\/thumbs\/thumbs_DSCF2359.JPG\"\n\t\t\t\t\twidth=\"100\"\n\t\t\t\t\theight=\"75\"\n\t\t\t\t\tstyle=\"max-width:100%;\"\n\t\t\t\t\/>\n\t\t\t<\/a>\n\t\t<\/div>\n\t\t\t\t\t\t\t<\/div>\n\t\t\t\n\t\t\n\t\t\t\t<div id=\"ngg-image-14\" class=\"ngg-gallery-thumbnail-box\"\n\t\t\t\t\t\t\t\t\t\t\t>\n\t\t\t\t\t\t<div class=\"ngg-gallery-thumbnail\">\n\t\t\t<a href=\"https:\/\/zskarlaiv.cz\/wp-content\/gallery\/mkopanazs2014\/DSCF2360.JPG\"\n\t\t\t\ttitle=\" \"\n\t\t\t\tdata-src=\"https:\/\/zskarlaiv.cz\/wp-content\/gallery\/mkopanazs2014\/DSCF2360.JPG\"\n\t\t\t\tdata-thumbnail=\"https:\/\/zskarlaiv.cz\/wp-content\/gallery\/mkopanazs2014\/thumbs\/thumbs_DSCF2360.JPG\"\n\t\t\t\tdata-image-id=\"16817\"\n\t\t\t\tdata-title=\"DSCF2360\"\n\t\t\t\tdata-description=\" \"\n\t\t\t\tdata-image-slug=\"dscf2360\"\n\t\t\t\tclass=\"shutterset_78a224af3431707c9aefa93053e45f99\">\n\t\t\t\t<img\n\t\t\t\t\ttitle=\"DSCF2360\"\n\t\t\t\t\talt=\"DSCF2360\"\n\t\t\t\t\tsrc=\"https:\/\/zskarlaiv.cz\/wp-content\/gallery\/mkopanazs2014\/thumbs\/thumbs_DSCF2360.JPG\"\n\t\t\t\t\twidth=\"100\"\n\t\t\t\t\theight=\"75\"\n\t\t\t\t\tstyle=\"max-width:100%;\"\n\t\t\t\t\/>\n\t\t\t<\/a>\n\t\t<\/div>\n\t\t\t\t\t\t\t<\/div>\n\t\t\t\n\t\t\n\t\t\t\t<div id=\"ngg-image-15\" class=\"ngg-gallery-thumbnail-box\"\n\t\t\t\t\t\t\t\t\t\t\t>\n\t\t\t\t\t\t<div class=\"ngg-gallery-thumbnail\">\n\t\t\t<a href=\"https:\/\/zskarlaiv.cz\/wp-content\/gallery\/mkopanazs2014\/DSCF2361.JPG\"\n\t\t\t\ttitle=\" \"\n\t\t\t\tdata-src=\"https:\/\/zskarlaiv.cz\/wp-content\/gallery\/mkopanazs2014\/DSCF2361.JPG\"\n\t\t\t\tdata-thumbnail=\"https:\/\/zskarlaiv.cz\/wp-content\/gallery\/mkopanazs2014\/thumbs\/thumbs_DSCF2361.JPG\"\n\t\t\t\tdata-image-id=\"16818\"\n\t\t\t\tdata-title=\"DSCF2361\"\n\t\t\t\tdata-description=\" \"\n\t\t\t\tdata-image-slug=\"dscf2361\"\n\t\t\t\tclass=\"shutterset_78a224af3431707c9aefa93053e45f99\">\n\t\t\t\t<img\n\t\t\t\t\ttitle=\"DSCF2361\"\n\t\t\t\t\talt=\"DSCF2361\"\n\t\t\t\t\tsrc=\"https:\/\/zskarlaiv.cz\/wp-content\/gallery\/mkopanazs2014\/thumbs\/thumbs_DSCF2361.JPG\"\n\t\t\t\t\twidth=\"100\"\n\t\t\t\t\theight=\"75\"\n\t\t\t\t\tstyle=\"max-width:100%;\"\n\t\t\t\t\/>\n\t\t\t<\/a>\n\t\t<\/div>\n\t\t\t\t\t\t\t<\/div>\n\t\t\t\n\t\t\n\t\t\t\t<div id=\"ngg-image-16\" class=\"ngg-gallery-thumbnail-box\"\n\t\t\t\t\t\t\t\t\t\t\t>\n\t\t\t\t\t\t<div class=\"ngg-gallery-thumbnail\">\n\t\t\t<a href=\"https:\/\/zskarlaiv.cz\/wp-content\/gallery\/mkopanazs2014\/DSCF2362.JPG\"\n\t\t\t\ttitle=\" \"\n\t\t\t\tdata-src=\"https:\/\/zskarlaiv.cz\/wp-content\/gallery\/mkopanazs2014\/DSCF2362.JPG\"\n\t\t\t\tdata-thumbnail=\"https:\/\/zskarlaiv.cz\/wp-content\/gallery\/mkopanazs2014\/thumbs\/thumbs_DSCF2362.JPG\"\n\t\t\t\tdata-image-id=\"16819\"\n\t\t\t\tdata-title=\"DSCF2362\"\n\t\t\t\tdata-description=\" \"\n\t\t\t\tdata-image-slug=\"dscf2362\"\n\t\t\t\tclass=\"shutterset_78a224af3431707c9aefa93053e45f99\">\n\t\t\t\t<img\n\t\t\t\t\ttitle=\"DSCF2362\"\n\t\t\t\t\talt=\"DSCF2362\"\n\t\t\t\t\tsrc=\"https:\/\/zskarlaiv.cz\/wp-content\/gallery\/mkopanazs2014\/thumbs\/thumbs_DSCF2362.JPG\"\n\t\t\t\t\twidth=\"100\"\n\t\t\t\t\theight=\"75\"\n\t\t\t\t\tstyle=\"max-width:100%;\"\n\t\t\t\t\/>\n\t\t\t<\/a>\n\t\t<\/div>\n\t\t\t\t\t\t\t<\/div>\n\t\t\t\n\t\t\n\t\t\t\t<div id=\"ngg-image-17\" class=\"ngg-gallery-thumbnail-box\"\n\t\t\t\t\t\t\t\t\t\t\t>\n\t\t\t\t\t\t<div class=\"ngg-gallery-thumbnail\">\n\t\t\t<a href=\"https:\/\/zskarlaiv.cz\/wp-content\/gallery\/mkopanazs2014\/DSCF2363.JPG\"\n\t\t\t\ttitle=\" \"\n\t\t\t\tdata-src=\"https:\/\/zskarlaiv.cz\/wp-content\/gallery\/mkopanazs2014\/DSCF2363.JPG\"\n\t\t\t\tdata-thumbnail=\"https:\/\/zskarlaiv.cz\/wp-content\/gallery\/mkopanazs2014\/thumbs\/thumbs_DSCF2363.JPG\"\n\t\t\t\tdata-image-id=\"16820\"\n\t\t\t\tdata-title=\"DSCF2363\"\n\t\t\t\tdata-description=\" \"\n\t\t\t\tdata-image-slug=\"dscf2363\"\n\t\t\t\tclass=\"shutterset_78a224af3431707c9aefa93053e45f99\">\n\t\t\t\t<img\n\t\t\t\t\ttitle=\"DSCF2363\"\n\t\t\t\t\talt=\"DSCF2363\"\n\t\t\t\t\tsrc=\"https:\/\/zskarlaiv.cz\/wp-content\/gallery\/mkopanazs2014\/thumbs\/thumbs_DSCF2363.JPG\"\n\t\t\t\t\twidth=\"100\"\n\t\t\t\t\theight=\"75\"\n\t\t\t\t\tstyle=\"max-width:100%;\"\n\t\t\t\t\/>\n\t\t\t<\/a>\n\t\t<\/div>\n\t\t\t\t\t\t\t<\/div>\n\t\t\t\n\t\t\n\t\t\t\t<div id=\"ngg-image-18\" class=\"ngg-gallery-thumbnail-box\"\n\t\t\t\t\t\t\t\t\t\t\t>\n\t\t\t\t\t\t<div class=\"ngg-gallery-thumbnail\">\n\t\t\t<a href=\"https:\/\/zskarlaiv.cz\/wp-content\/gallery\/mkopanazs2014\/DSCF2364.JPG\"\n\t\t\t\ttitle=\" \"\n\t\t\t\tdata-src=\"https:\/\/zskarlaiv.cz\/wp-content\/gallery\/mkopanazs2014\/DSCF2364.JPG\"\n\t\t\t\tdata-thumbnail=\"https:\/\/zskarlaiv.cz\/wp-content\/gallery\/mkopanazs2014\/thumbs\/thumbs_DSCF2364.JPG\"\n\t\t\t\tdata-image-id=\"16821\"\n\t\t\t\tdata-title=\"DSCF2364\"\n\t\t\t\tdata-description=\" \"\n\t\t\t\tdata-image-slug=\"dscf2364\"\n\t\t\t\tclass=\"shutterset_78a224af3431707c9aefa93053e45f99\">\n\t\t\t\t<img\n\t\t\t\t\ttitle=\"DSCF2364\"\n\t\t\t\t\talt=\"DSCF2364\"\n\t\t\t\t\tsrc=\"https:\/\/zskarlaiv.cz\/wp-content\/gallery\/mkopanazs2014\/thumbs\/thumbs_DSCF2364.JPG\"\n\t\t\t\t\twidth=\"100\"\n\t\t\t\t\theight=\"75\"\n\t\t\t\t\tstyle=\"max-width:100%;\"\n\t\t\t\t\/>\n\t\t\t<\/a>\n\t\t<\/div>\n\t\t\t\t\t\t\t<\/div>\n\t\t\t\n\t\t\n\t\t\t\t<div id=\"ngg-image-19\" class=\"ngg-gallery-thumbnail-box\"\n\t\t\t\t\t\t\t\t\t\t\t>\n\t\t\t\t\t\t<div class=\"ngg-gallery-thumbnail\">\n\t\t\t<a href=\"https:\/\/zskarlaiv.cz\/wp-content\/gallery\/mkopanazs2014\/DSCF2365.JPG\"\n\t\t\t\ttitle=\" \"\n\t\t\t\tdata-src=\"https:\/\/zskarlaiv.cz\/wp-content\/gallery\/mkopanazs2014\/DSCF2365.JPG\"\n\t\t\t\tdata-thumbnail=\"https:\/\/zskarlaiv.cz\/wp-content\/gallery\/mkopanazs2014\/thumbs\/thumbs_DSCF2365.JPG\"\n\t\t\t\tdata-image-id=\"16822\"\n\t\t\t\tdata-title=\"DSCF2365\"\n\t\t\t\tdata-description=\" \"\n\t\t\t\tdata-image-slug=\"dscf2365\"\n\t\t\t\tclass=\"shutterset_78a224af3431707c9aefa93053e45f99\">\n\t\t\t\t<img\n\t\t\t\t\ttitle=\"DSCF2365\"\n\t\t\t\t\talt=\"DSCF2365\"\n\t\t\t\t\tsrc=\"https:\/\/zskarlaiv.cz\/wp-content\/gallery\/mkopanazs2014\/thumbs\/thumbs_DSCF2365.JPG\"\n\t\t\t\t\twidth=\"100\"\n\t\t\t\t\theight=\"75\"\n\t\t\t\t\tstyle=\"max-width:100%;\"\n\t\t\t\t\/>\n\t\t\t<\/a>\n\t\t<\/div>\n\t\t\t\t\t\t\t<\/div>\n\t\t\t\n\t\t\n\t\t\n\t\t<!-- Pagination -->\n\t\t<div class='ngg-navigation'><span class='current'>1<\/span>\n<a class='page-numbers' data-pageid='2' href='https:\/\/zskarlaiv.cz\/index.php\/nggallery\/page\/2?page_id=9172'>2<\/a>\n<a class='page-numbers' data-pageid='3' href='https:\/\/zskarlaiv.cz\/index.php\/nggallery\/page\/3?page_id=9172'>3<\/a>\n<a class='prev' href='https:\/\/zskarlaiv.cz\/index.php\/nggallery\/page\/2?page_id=9172' data-pageid=2>&#9658;<\/a><\/div>\t<\/div>\n<\/p>\n","protected":false},"excerpt":{"rendered":"<p>[Show as slideshow] 1 2 3 &#9658;<\/p>\n","protected":false},"author":1,"featured_media":0,"parent":0,"menu_order":0,"comment_status":"closed","ping_status":"open","template":"","meta":{"ngg_post_thumbnail":0,"footnotes":""},"class_list":["post-9172","page","type-page","status-publish","hentry"],"_links":{"self":[{"href":"https:\/\/zskarlaiv.cz\/index.php?rest_route=\/wp\/v2\/pages\/9172","targetHints":{"allow":["GET"]}}],"collection":[{"href":"https:\/\/zskarlaiv.cz\/index.php?rest_route=\/wp\/v2\/pages"}],"about":[{"href":"https:\/\/zskarlaiv.cz\/index.php?rest_route=\/wp\/v2\/types\/page"}],"author":[{"embeddable":true,"href":"https:\/\/zskarlaiv.cz\/index.php?rest_route=\/wp\/v2\/users\/1"}],"replies":[{"embeddable":true,"href":"https:\/\/zskarlaiv.cz\/index.php?rest_route=%2Fwp%2Fv2%2Fcomments&post=9172"}],"version-history":[{"count":1,"href":"https:\/\/zskarlaiv.cz\/index.php?rest_route=\/wp\/v2\/pages\/9172\/revisions"}],"predecessor-version":[{"id":9174,"href":"https:\/\/zskarlaiv.cz\/index.php?rest_route=\/wp\/v2\/pages\/9172\/revisions\/9174"}],"wp:attachment":[{"href":"https:\/\/zskarlaiv.cz\/index.php?rest_route=%2Fwp%2Fv2%2Fmedia&parent=9172"}],"curies":[{"name":"wp","href":"https:\/\/api.w.org\/{rel}","templated":true}]}}