{"id":734,"date":"2012-09-03T19:08:43","date_gmt":"2012-09-03T19:08:43","guid":{"rendered":"http:\/\/www.zskarlaiv.cz\/wpress\/?page_id=734"},"modified":"2012-10-10T18:11:01","modified_gmt":"2012-10-10T18:11:01","slug":"poskytovani-informaci","status":"publish","type":"page","link":"https:\/\/zskarlaiv.cz\/?page_id=734","title":{"rendered":"Poskytov\u00e1n\u00ed informac\u00ed"},"content":{"rendered":"<h4>Informace o \u0161kole podle z\u00e1kona \u010d. 106\/99 Sb., o svobodn\u00e9m p\u0159\u00edstupu k informac\u00edm<\/h4>\n<p><a href=\"http:\/\/www.zskarlaiv.cz.\/UserFiles\/downloads\/vyrocni-ke-106-10.doc\">V\u00fdro\u010dn\u00ed zpr\u00e1va<\/a> Z\u00e1kladn\u00ed \u0161koly Karla IV. 1024\/19 v \u00dast\u00ed nad Labem<br \/>\nza rok 2010 o \u010dinnosti v oblasti poskytov\u00e1n\u00ed informac\u00ed<br \/>\n&#8211; z\u00e1kon \u010d. 106\/1999 Sb. &#8211;<\/p>\n<p>\u0158editel \u0161koly: Mgr. Pavel \u0164upek<br \/>\nJmenov\u00e1n do funkce\u00a0 \u0159editele dne 1. srpna 2007, na z\u00e1klad\u011b konkurzn\u00edho \u0159\u00edzen\u00ed, Radou m\u011bsta \u00dast\u00ed nad Labem.<\/p>\n<p><strong>P\u016fsobnost a pravomoci \u0159editele \u0161koly dle z\u00e1kona \u010d. 561\/2004 Sb.<\/strong><br \/>\nrozhoduje ve v\u0161ech z\u00e1le\u017eitostech t\u00fdkaj\u00edc\u00edch se poskytov\u00e1n\u00ed vzd\u011bl\u00e1v\u00e1n\u00ed a \u0161kolsk\u00fdch slu\u017eeb, pokud z\u00e1kon nestanov\u00ed jinak, odpov\u00edd\u00e1 za to, \u017ee \u0161kola poskytuje vzd\u011bl\u00e1v\u00e1n\u00ed a \u0161kolsk\u00e9 slu\u017eby v souladu se z\u00e1konem a \u0161koln\u00edm vzd\u011bl\u00e1vac\u00edm programem, odpov\u00edd\u00e1 za odbornou a pedagogickou \u00farove\u0148 vzd\u011bl\u00e1v\u00e1n\u00ed a \u0161kolsk\u00fdch slu\u017eeb, vytv\u00e1\u0159\u00ed podm\u00ednky pro v\u00fdkon inspek\u010dn\u00ed \u010dinnosti \u010cesk\u00e9 \u0161koln\u00ed inspekce a p\u0159ij\u00edm\u00e1 n\u00e1sledn\u00e1 opat\u0159en\u00ed, vytv\u00e1\u0159\u00ed podm\u00ednky pro dal\u0161\u00ed vzd\u011bl\u00e1v\u00e1n\u00ed pedagogick\u00fdch pracovn\u00edk\u016f a pro pr\u00e1ci \u0161kolsk\u00e9 rady, zaji\u0161\u0165uje, aby z\u00e1konn\u00ed z\u00e1stupci \u017e\u00e1k\u016f byli v\u010das informov\u00e1ni o pr\u016fb\u011bhu a v\u00fdsledc\u00edch vzd\u011bl\u00e1v\u00e1n\u00ed \u017e\u00e1ka, zaji\u0161\u0165uje spolupr\u00e1ci p\u0159i uskute\u010d\u0148ov\u00e1n\u00ed program\u016f zji\u0161\u0165ov\u00e1n\u00ed v\u00fdsledk\u016f vzd\u011bl\u00e1v\u00e1n\u00ed vyhl\u00e1\u0161en\u00fdch ministerstvem, odpov\u00edd\u00e1 za zaji\u0161t\u011bn\u00ed dohledu nad nezletil\u00fdmi \u017e\u00e1ky ve \u0161kole a \u0161kolsk\u00e9m za\u0159\u00edzen\u00ed, stanovuje organizaci a podm\u00ednky provozu \u0161koly, \u0161koln\u00ed j\u00eddelny a \u0161koln\u00ed dru\u017einy, odpov\u00edd\u00e1 za pou\u017eit\u00ed finan\u010dn\u00edch prost\u0159edk\u016f st\u00e1tn\u00edho rozpo\u010dtu p\u0159id\u011blen\u00fdch \u0161kole a p\u0159edkl\u00e1d\u00e1 rozbor hospoda\u0159en\u00ed podle z\u00e1vazn\u00e9 osnovy.<\/p>\n<p><strong>Rozhodov\u00e1n\u00ed \u0159editele \u0161koly podle Spr\u00e1vn\u00edho \u0159\u00e1du o pr\u00e1vech a povinnostech v oblasti st\u00e1tn\u00ed spr\u00e1vy<\/strong><br \/>\nPodle \u00a7 165 odst. 2 a \u00a7 183 odst. 2 \u0161kolsk\u00e9ho z\u00e1kona<br \/>\n\u00a7 17 \u00a0odst. 3\u00a0P\u0159e\u0159azen\u00ed do vy\u0161\u0161\u00edho ro\u010dn\u00edku \u2013 zam\u00edtnut\u00ed \u017e\u00e1dosti\u00a0ANO<br \/>\n\u00a7 18\u00a0Individu\u00e1ln\u00ed vzd\u011bl\u00e1vac\u00ed pl\u00e1n \u2013 zam\u00edtnut\u00ed \u017e\u00e1dosti o povolen\u00ed\u00a0ANO<br \/>\n\u00a7 37\u00a0Zam\u00edtnut\u00ed odkladu povinn\u00e9 \u0161koln\u00ed doch\u00e1zky\u00a0\u00a0ANO<br \/>\n\u00a7 41\u00a0Povolen\u00ed a zru\u0161en\u00ed individu\u00e1ln\u00edho vzd\u011bl\u00e1v\u00e1n\u00ed\u00a0 ANO<br \/>\n\u00a7 46\u00a0P\u0159ijet\u00ed k z\u00e1kladn\u00edmu vzd\u011bl\u00e1v\u00e1n\u00ed\u00a0NE<br \/>\n\u00a7 47\u00a0Za\u0159azen\u00ed d\u00edt\u011bte do p\u0159\u00edpravn\u00e9 t\u0159\u00eddy Z\u0160\u00a0NE<br \/>\n\u00a7 49 \u00a0odst. 1\u00a0P\u0159estup \u017e\u00e1ka NE<br \/>\n\u00a7 49 \u00a0odst. 2\u00a0P\u0159eveden\u00ed \u017e\u00e1ka do jin\u00e9ho vzd\u011bl\u00e1vac\u00edho programu\u00a0NE<br \/>\n\u00a7 55 \u00a0odst. 1\u00a0Zam\u00edtnut\u00ed \u017e\u00e1dosti o pokra\u010dov\u00e1n\u00ed v z\u00e1kladn\u00edm vzd\u011bl\u00e1v\u00e1n\u00ed\u00a0ANO<br \/>\n\u00a7 55 \u00a0odst. 2\u00a0Pokra\u010dov\u00e1n\u00ed v z\u00e1kladn\u00edm vzd\u011bl\u00e1v\u00e1n\u00ed\u00a0NE<\/p>\n<p><strong>Poskytov\u00e1n\u00ed informac\u00ed o \u0161kole<\/strong><\/p>\n<p>(v souladu se z\u00e1konem \u010d. 106\/99 Sb., o svobodn\u00e9m p\u0159\u00edstupu k informac\u00edm)<br \/>\nInformac\u00ed, kterou je \u0161kola povinna poskytnout, je faktick\u00fd \u00fadaj t\u00fdkaj\u00edc\u00ed se ot\u00e1zky v p\u016fsobnosti \u0159editele \u0161koly, nikoliv v\u0161ak koment\u00e1\u0159, n\u00e1zor na ur\u010ditou skute\u010dnost, v\u00fdklad pr\u00e1vn\u00edho p\u0159edpisu apod. Z\u00e1konem jsou jmenovit\u011b ur\u010deny informace, kter\u00e9 \u0161kola nesm\u00ed poskytnout.<\/p>\n<p>Osoba pov\u011b\u0159en\u00e1 poskytov\u00e1n\u00edm informac\u00ed o \u0161kole v souladu se z\u00e1konem \u010d. 106\/99 Sb., o svobodn\u00e9m p\u0159\u00edstupu k informac\u00edm<br \/>\n<strong>Postup p\u0159i vy\u0159izov\u00e1n\u00ed \u017e\u00e1dosti o poskytnut\u00ed informace:<\/strong><\/p>\n<ul>\n<li>\u017d\u00e1dost o poskytnut\u00ed informace se pod\u00e1v\u00e1 \u00fastn\u011b (osobn\u011b nebo telefonicky) nebo p\u00edsemn\u011b (doru\u010den\u00e1 po\u0161tou, osobn\u011b i jin\u00fdm zp\u016fsobem, faxem, elektronickou po\u0161tou nebo na jin\u00e9m nosi\u010di dat).<\/li>\n<li>\u00dastn\u00ed \u017e\u00e1dost lze vy\u0159\u00eddit \u00fastn\u011b (jen s v\u00fdslovn\u00fdm souhlasem \u017eadatele). Pokud \u017eadatel trv\u00e1 na p\u00edsemn\u00e9m vy\u0159\u00edzen\u00ed, bude vyzv\u00e1n k pod\u00e1n\u00ed \u017e\u00e1dosti v p\u00edsemn\u00e9 form\u011b.<\/li>\n<li>Nen\u00ed-li \u017e\u00e1dost vy\u0159\u00edzena \u00fastn\u011b, poskytne se po\u017eadovan\u00e1 informace p\u00edsemn\u011b, nahl\u00e9dnut\u00edm do spisu (mo\u017eno po\u0159\u00eddit kopii) nebo na pam\u011b\u0165ov\u00fdch m\u00e9di\u00edch.<\/li>\n<li>\u017d\u00e1dost o poskytnut\u00ed zve\u0159ejn\u011bn\u00e9 informace se zpravidla vy\u0159izuje poskytnut\u00edm \u00fadaj\u016f o jej\u00edm zve\u0159ejn\u011bn\u00ed (nejpozd\u011bji do 7 dn\u016f od pod\u00e1n\u00ed \u017e\u00e1dosti). Sd\u011blen\u00ed \u017eadatele, \u017ee trv\u00e1 na p\u0159\u00edm\u00e9m poskytnut\u00ed informace, se pova\u017euje za nov\u00e9 pod\u00e1n\u00ed \u017e\u00e1dosti.<\/li>\n<li>Pokud nen\u00ed ze \u017e\u00e1dosti z\u0159ejm\u00e9, \u017ee sm\u011b\u0159uje v\u016f\u010di \u0161kole a kdo ji podal, je \u017e\u00e1dost odlo\u017eena.<\/li>\n<li>Pokud je \u017e\u00e1dost formulov\u00e1na nesrozumiteln\u011b, je \u017eadatel ve lh\u016ft\u011b 7 dn\u016f vyzv\u00e1n, aby \u017e\u00e1dost up\u0159esnil. Neu\u010din\u00ed-li to tak do 30 dn\u016f, je jeho \u017e\u00e1dost odm\u00edtnuta.<\/li>\n<li>Pokud je po\u017eadovan\u00e1 informace mimo p\u016fsobnost \u0161koly, je odlo\u017eena s ozn\u00e1men\u00edm d\u016fvodu \u017eadateli (\u0161kola nem\u00e1 povinnost postoupit \u017e\u00e1dost p\u0159\u00edslu\u0161n\u00e9mu org\u00e1nu).<\/li>\n<li>Po\u017eadovanou (p\u0159\u00edmou) informaci poskytne pov\u011b\u0159en\u00fd pracovn\u00edk \u017eadateli nejpozd\u011bji do 30 dn\u016f ode dne doru\u010den\u00ed \u017e\u00e1dosti.<\/li>\n<li>Pokud \u0161kola odm\u00edtne zcela nebo z\u010d\u00e1sti poskytnout \u017eadateli po\u017eadovan\u00e9 informace, doru\u010d\u00ed o tom \u017eadateli ve lh\u016ft\u011b 30 dn\u016f spr\u00e1vn\u00ed rozhodnut\u00ed, obsahuj\u00edc\u00ed mimo jin\u00e9 i pou\u010den\u00ed o mo\u017enosti odvol\u00e1n\u00ed.<\/li>\n<\/ul>\n<p><strong>P\u0159ehled nejd\u016fle\u017eit\u011bj\u0161\u00edch p\u0159edpis\u016f, kter\u00fdmi se \u0159\u00edd\u00ed \u0159editel \u0161koly p\u0159i v\u00fdkonu sv\u00e9 p\u016fsobnosti<\/strong><\/p>\n<ul>\n<li>Z\u00e1kon \u010d. 561\/2004 Sb.o p\u0159ed\u0161koln\u00edm, z\u00e1kladn\u00edm, st\u0159edn\u00edm, vy\u0161\u0161\u00edm odborn\u00e9m a jin\u00e9m vzd\u011bl\u00e1v\u00e1n\u00ed (\u0161kolsk\u00fd z\u00e1kon)<\/li>\n<li>Z\u00e1kon \u010d. 563\/2004 Sb., o pedagogick\u00fdch pracovn\u00edc\u00edch a o zm\u011bn\u011b n\u011bkter\u00fdch z\u00e1kon\u016f<\/li>\n<li>Vyhl\u00e1\u0161ka \u010d. 48\/2005 Sb., o z\u00e1kladn\u00edm vzd\u011bl\u00e1v\u00e1n\u00ed a n\u011bkter\u00fdch n\u00e1le\u017eitostech pln\u011bn\u00ed povinn\u00e9 \u0161koln\u00ed doch\u00e1zky<\/li>\n<li>Vyhl\u00e1\u0161ka \u010d. 74\/2005 Sb., o z\u00e1jmov\u00e9m vzd\u011bl\u00e1v\u00e1n\u00ed<\/li>\n<li>Vyhl\u00e1\u0161ka \u010d. 107\/2005 Sb., o \u0161koln\u00edm stravov\u00e1n\u00ed<\/li>\n<li>Vyhl\u00e1\u0161ka \u010d. 72\/2005 Sb., o poskytov\u00e1n\u00ed poradensk\u00fdch slu\u017eeb ve \u0161kol\u00e1ch a \u0161kolsk\u00fdch poradensk\u00fdch za\u0159\u00edzen\u00edch<\/li>\n<li>Vyhl\u00e1\u0161ka \u010d. 73\/2005 Sb., o vzd\u011bl\u00e1v\u00e1n\u00ed d\u011bt\u00ed, \u017e\u00e1k\u016f a student\u016f se speci\u00e1ln\u00edmi vzd\u011bl\u00e1vac\u00edmi pot\u0159ebami a d\u011bt\u00ed, \u017e\u00e1k\u016f a student\u016f mimo\u0159\u00e1dn\u011b nadan\u00fdch<\/li>\n<li>Vyhl\u00e1\u0161ka \u010d. 15\/2005, kterou se stanov\u00ed n\u00e1le\u017eitosti dlouhodob\u00fdch z\u00e1m\u011br\u016f, v\u00fdro\u010dn\u00edch zpr\u00e1v a vlastn\u00edho hodnocen\u00ed \u0161koly<\/li>\n<li>Vyhl\u00e1\u0161ka \u010d. 16\/2005 Sb., o organizaci \u0161koln\u00edho roku<\/li>\n<li>Vyhl\u00e1\u0161ka \u010d. 17\/2005 Sb., o podrobn\u011bj\u0161\u00edch podm\u00ednk\u00e1ch organizace \u010cesk\u00e9 \u0161koln\u00ed inspekce a v\u00fdkonu inspek\u010dn\u00ed \u010dinnosti<\/li>\n<li>Vyhl\u00e1\u0161ka \u010d. 64\/2005 Sb., o evidenci \u00faraz\u016f d\u011bt\u00ed, \u017e\u00e1k\u016f a student\u016f<\/li>\n<li>Vyhl\u00e1\u0161ka \u010d. 364\/2005 Sb., o veden\u00ed dokumentace \u0161kol<\/li>\n<li>Z\u00e1kon \u010d. 106\/1999 Sb., o svobodn\u00e9m p\u0159\u00edstupu k informac\u00edm<\/li>\n<li>Z\u00e1kon \u010d. 58\/2008 Sb. kter\u00fdm se m\u011bn\u00ed z\u00e1kon \u010d. 561\/2004 Sb., (\u0161kolsk\u00fd z\u00e1kon)<\/li>\n<li>Novela \u0160kolsk\u00e9ho z\u00e1kona \u010d\u00edslo 49\/2009 Sb.,<\/li>\n<\/ul>\n<p>Uveden\u00e9 p\u0159edpisy jsou k dispozici k nahl\u00e9dnut\u00ed\u00a0 po domluv\u011b s veden\u00edm \u0161koly.<\/p>\n<p>Sazebn\u00edk \u00fahrad n\u00e1klad\u016f vynalo\u017een\u00fdch v souvislosti s poskytov\u00e1n\u00edm informac\u00ed podle\u00a0 z\u00e1kona \u010d. 106\/1999 Sb.:<br \/>\n____________________________________________________________________<\/p>\n<ul>\n<li>za ka\u017edou\u00a0 hodinu v\u00fdkonu (vyhled\u00e1v\u00e1n\u00ed, zpracov\u00e1n\u00ed, apod.)\u00a0\u00a0\u00a0\u00a0\u00a0\u00a0\u00a0\u00a0\u00a0100 K\u010d<\/li>\n<li>za po\u0159\u00edzen\u00ed jedn\u00e9 strany kopie A4\u00a0\u00a0\u00a0\u00a0\u00a0\u00a0\u00a0\u00a0\u00a0\u00a0\u00a0\u00a0\u00a0\u00a0\u00a0\u00a0\u00a0\u00a0\u00a0\u00a0\u00a0\u00a0\u00a0\u00a0\u00a0\u00a0\u00a0\u00a0\u00a0\u00a0\u00a0\u00a0\u00a0\u00a0\u00a0\u00a0\u00a0\u00a0\u00a0\u00a0\u00a0\u00a0\u00a0\u00a0\u00a0\u00a0\u00a0\u00a0\u00a0\u00a0\u00a0\u00a0\u00a0\u00a0 2 K\u010d<\/li>\n<li>za po\u0159\u00edzen\u00ed oboustrann\u00e9 kopie A4\u00a0\u00a0\u00a0\u00a0\u00a0\u00a0\u00a0\u00a0\u00a0\u00a0\u00a0\u00a0\u00a0\u00a0\u00a0\u00a0\u00a0\u00a0\u00a0\u00a0\u00a0\u00a0\u00a0\u00a0\u00a0\u00a0\u00a0\u00a0\u00a0\u00a0\u00a0\u00a0\u00a0\u00a0\u00a0\u00a0\u00a0\u00a0\u00a0\u00a0\u00a0\u00a0\u00a0\u00a0\u00a0\u00a0\u00a0\u00a0\u00a0\u00a0\u00a0\u00a0\u00a0\u00a03 K\u010d<\/li>\n<li>za odesl\u00e1n\u00ed informace na adresu udanou \u017eadatelem\u00a0\u00a0\u00a0\u00a0\u00a0\u00a0\u00a0\u00a0\u00a0\u00a0 b\u011b\u017en\u00e9 poplatky za po\u0161tovn\u00e9<br \/>\n____________________________________________________________________<\/p>\n<p>\u017dadatel uhrad\u00ed vy\u00fa\u010dtovanou \u010d\u00e1stku v hotovosti p\u0159i p\u0159evzet\u00ed informace nebo p\u0159evzet\u00edm informace zaslan\u00e9 na dob\u00edrku.<\/li>\n<\/ul>\n","protected":false},"excerpt":{"rendered":"<p>Informace o \u0161kole podle z\u00e1kona \u010d. 106\/99 Sb., o svobodn\u00e9m p\u0159\u00edstupu k informac\u00edm V\u00fdro\u010dn\u00ed zpr\u00e1va Z\u00e1kladn\u00ed \u0161koly Karla IV. 1024\/19 v \u00dast\u00ed nad Labem za rok 2010 o \u010dinnosti v oblasti poskytov\u00e1n\u00ed informac\u00ed &#8211; z\u00e1kon \u010d. 106\/1999 Sb. &#8211; \u0158editel \u0161koly: Mgr. Pavel \u0164upek Jmenov\u00e1n do funkce\u00a0 \u0159editele dne 1. srpna 2007, na z\u00e1klad\u011b konkurzn\u00edho <a class=\"read-more\" href=\"https:\/\/zskarlaiv.cz\/?page_id=734\">\u010c\u00edst d\u00e1le&#8230;<\/a><\/p>\n","protected":false},"author":1,"featured_media":0,"parent":705,"menu_order":0,"comment_status":"open","ping_status":"open","template":"","meta":{"ngg_post_thumbnail":0,"footnotes":""},"class_list":["post-734","page","type-page","status-publish","hentry"],"_links":{"self":[{"href":"https:\/\/zskarlaiv.cz\/index.php?rest_route=\/wp\/v2\/pages\/734","targetHints":{"allow":["GET"]}}],"collection":[{"href":"https:\/\/zskarlaiv.cz\/index.php?rest_route=\/wp\/v2\/pages"}],"about":[{"href":"https:\/\/zskarlaiv.cz\/index.php?rest_route=\/wp\/v2\/types\/page"}],"author":[{"embeddable":true,"href":"https:\/\/zskarlaiv.cz\/index.php?rest_route=\/wp\/v2\/users\/1"}],"replies":[{"embeddable":true,"href":"https:\/\/zskarlaiv.cz\/index.php?rest_route=%2Fwp%2Fv2%2Fcomments&post=734"}],"version-history":[{"count":1,"href":"https:\/\/zskarlaiv.cz\/index.php?rest_route=\/wp\/v2\/pages\/734\/revisions"}],"predecessor-version":[{"id":1628,"href":"https:\/\/zskarlaiv.cz\/index.php?rest_route=\/wp\/v2\/pages\/734\/revisions\/1628"}],"up":[{"embeddable":true,"href":"https:\/\/zskarlaiv.cz\/index.php?rest_route=\/wp\/v2\/pages\/705"}],"wp:attachment":[{"href":"https:\/\/zskarlaiv.cz\/index.php?rest_route=%2Fwp%2Fv2%2Fmedia&parent=734"}],"curies":[{"name":"wp","href":"https:\/\/api.w.org\/{rel}","templated":true}]}}