{"id":732,"date":"2012-09-03T19:07:45","date_gmt":"2012-09-03T19:07:45","guid":{"rendered":"http:\/\/www.zskarlaiv.cz\/wpress\/?page_id=732"},"modified":"2025-09-03T06:25:21","modified_gmt":"2025-09-03T06:25:21","slug":"doplnkova-cinnost-skoly","status":"publish","type":"page","link":"https:\/\/zskarlaiv.cz\/?page_id=732","title":{"rendered":"Dopl\u0148kov\u00e1 \u010dinnost \u0161koly"},"content":{"rendered":"<p>P\u0159\u00edsp\u011bvkov\u00e1 organizace m\u016f\u017ee prov\u00e1d\u011bt na z\u00e1klad\u011b schv\u00e1len\u00e9 z\u0159izovac\u00ed listiny a vydan\u00fdch \u017eivnostensk\u00fdch opr\u00e1vn\u011bn\u00ed dopl\u0148kovou \u010dinnost.<br \/>\n<strong><em>Na\u0161e \u0161kola realizuje dopl\u0148kovou \u010dinnost v t\u011bchto oblastech:<br \/>\n<\/em><\/strong>&nbsp; \u00b7&nbsp;pron\u00e1jem t\u011blocvi\u010dny a h\u0159\u00ed\u0161t\u011b<br \/>\n\u00b7 pron\u00e1jem u\u010deben za \u00fa\u010delem po\u0159\u00e1d\u00e1n\u00ed vzd\u011bl\u00e1vac\u00edch kurz\u016f, \u0161kolen\u00ed a semin\u00e1\u0159\u016f<\/p>\n<p><strong><em>Aktu\u00e1ln\u00ed cen\u00edk slu\u017eeb<\/em><\/strong><\/p>\n<table style=\"height: 118px; width: 419px;\" border=\"0\" cellspacing=\"1\" cellpadding=\"1\" align=\"left\">\n<caption><strong>Pron\u00e1jem m\u00edstnost\u00ed<\/strong><\/caption>\n<tbody>\n<tr>\n<td>T\u011blocvi\u010dna v\u010detn\u011b soci\u00e1ln\u00edho z\u00e1zem\u00ed:<\/td>\n<td>300 K\u010d \/ h<\/td>\n<\/tr>\n<tr>\n<td>Aula:<\/td>\n<td>200 K\u010d \/ h<\/td>\n<\/tr>\n<tr>\n<td>M\u00edstnost (t\u0159\u00edda):<\/td>\n<td>200 K\u010d \/h<\/td>\n<\/tr>\n<tr>\n<td>&nbsp;<\/td>\n<td>&nbsp;<\/td>\n<\/tr>\n<tr>\n<td>&nbsp;<\/td>\n<td>&nbsp;<\/td>\n<\/tr>\n<\/tbody>\n<\/table>\n<p>&nbsp;<\/p>\n<p>&nbsp;<\/p>\n<p>&nbsp;<\/p>\n<p>&nbsp;<\/p>\n<p>&nbsp;<\/p>\n<p>Slu\u017eby lze dohodnout s veden\u00edm \u0161koly, kontaktn\u00edmi osobami jsou Mgr. Pavel \u0164upek (\u0159editel) nebo Mgr. Michaela Ba\u0161usov\u00e1 (z\u00e1stupkyn\u011b \u0159editele).<\/p>\n","protected":false},"excerpt":{"rendered":"<p>P\u0159\u00edsp\u011bvkov\u00e1 organizace m\u016f\u017ee prov\u00e1d\u011bt na z\u00e1klad\u011b schv\u00e1len\u00e9 z\u0159izovac\u00ed listiny a vydan\u00fdch \u017eivnostensk\u00fdch opr\u00e1vn\u011bn\u00ed dopl\u0148kovou \u010dinnost. Na\u0161e \u0161kola realizuje dopl\u0148kovou \u010dinnost v t\u011bchto oblastech: &nbsp; \u00b7&nbsp;pron\u00e1jem t\u011blocvi\u010dny a h\u0159\u00ed\u0161t\u011b \u00b7 pron\u00e1jem u\u010deben za \u00fa\u010delem po\u0159\u00e1d\u00e1n\u00ed vzd\u011bl\u00e1vac\u00edch kurz\u016f, \u0161kolen\u00ed a semin\u00e1\u0159\u016f Aktu\u00e1ln\u00ed cen\u00edk slu\u017eeb Pron\u00e1jem m\u00edstnost\u00ed T\u011blocvi\u010dna v\u010detn\u011b soci\u00e1ln\u00edho z\u00e1zem\u00ed: 300 K\u010d \/ h Aula: 200 K\u010d <a class=\"read-more\" href=\"https:\/\/zskarlaiv.cz\/?page_id=732\">\u010c\u00edst d\u00e1le&#8230;<\/a><\/p>\n","protected":false},"author":1,"featured_media":0,"parent":705,"menu_order":0,"comment_status":"open","ping_status":"open","template":"","meta":{"ngg_post_thumbnail":0,"footnotes":""},"class_list":["post-732","page","type-page","status-publish","hentry"],"_links":{"self":[{"href":"https:\/\/zskarlaiv.cz\/index.php?rest_route=\/wp\/v2\/pages\/732","targetHints":{"allow":["GET"]}}],"collection":[{"href":"https:\/\/zskarlaiv.cz\/index.php?rest_route=\/wp\/v2\/pages"}],"about":[{"href":"https:\/\/zskarlaiv.cz\/index.php?rest_route=\/wp\/v2\/types\/page"}],"author":[{"embeddable":true,"href":"https:\/\/zskarlaiv.cz\/index.php?rest_route=\/wp\/v2\/users\/1"}],"replies":[{"embeddable":true,"href":"https:\/\/zskarlaiv.cz\/index.php?rest_route=%2Fwp%2Fv2%2Fcomments&post=732"}],"version-history":[{"count":5,"href":"https:\/\/zskarlaiv.cz\/index.php?rest_route=\/wp\/v2\/pages\/732\/revisions"}],"predecessor-version":[{"id":38558,"href":"https:\/\/zskarlaiv.cz\/index.php?rest_route=\/wp\/v2\/pages\/732\/revisions\/38558"}],"up":[{"embeddable":true,"href":"https:\/\/zskarlaiv.cz\/index.php?rest_route=\/wp\/v2\/pages\/705"}],"wp:attachment":[{"href":"https:\/\/zskarlaiv.cz\/index.php?rest_route=%2Fwp%2Fv2%2Fmedia&parent=732"}],"curies":[{"name":"wp","href":"https:\/\/api.w.org\/{rel}","templated":true}]}}