{"id":701,"date":"2012-09-03T11:51:35","date_gmt":"2012-09-03T11:51:35","guid":{"rendered":"http:\/\/www.zskarlaiv.cz\/wpress\/?page_id=701"},"modified":"2012-10-10T18:03:08","modified_gmt":"2012-10-10T18:03:08","slug":"charakteristika-skoly","status":"publish","type":"page","link":"https:\/\/zskarlaiv.cz\/?page_id=701","title":{"rendered":"Charakteristika \u0161koly"},"content":{"rendered":"<p>&nbsp;<\/p>\n<p><!--[if gte mso 9]><xml>\n<o:OfficeDocumentSettings>\n<o:TargetScreenSize>800x600<\/o:TargetScreenSize>\n<\/o:OfficeDocumentSettings>\n<\/xml><![endif]--> <span style=\"font-size: 14px;\"><strong><em><span style=\"font-family: 'Times New Roman','serif';\">\u00daplnost a velikost \u0161koly, vybaven\u00ed<\/span><\/em><\/strong><\/span><\/p>\n<p class=\"MsoNormal\">Na\u0161e z\u00e1kladn\u00ed \u0161kola byla zalo\u017eena v\u00a0roce 1932 a m\u00e1 sv\u00e9 nezastupiteln\u00e9 m\u00edsto v\u00a0\u00fasteck\u00e9 \u010d\u00e1sti St\u0159ekov<\/p>\n<p class=\"MsoNormal\">Jsme \u00faplnou z\u00e1kladn\u00ed \u0161kolou s\u00a01. a 2. stupn\u011bm. V\u00a01. a\u017e 9.ro\u010dn\u00edku vyu\u010dujeme v\u011bt\u0161inou ve dvou paraleln\u00edch t\u0159\u00edd\u00e1ch. \u0160kola m\u00e1 kapacitu 490 \u017e\u00e1k\u016f, v\u00a0sou\u010dasn\u00e9 dob\u011b, vzhledem k\u00a0celorepublikov\u00e9mu demografick\u00e9mu v\u00fdvoji, vzd\u011bl\u00e1v\u00e1me 350 \u017e\u00e1k\u016f v\u00a017 t\u0159\u00edd\u00e1ch.<\/p>\n<p class=\"MsoNormal\">V\u00a0dvoupodla\u017en\u00ed budov\u011b \u0161koly se nach\u00e1z\u00ed 17 t\u0159\u00edd a 11 odborn\u00fdch u\u010deben. Ka\u017ed\u00e1 t\u0159\u00edda 1. i 2.stupn\u011b m\u00e1 svou kmenovou t\u0159\u00eddu . T\u0159\u00eddy jsou prostorn\u00e9, v\u011bt\u0161inou s\u00a0v\u00fdhledem do \u0161koln\u00ed zahrady. Disponuj\u00ed vlastn\u00ed \u0161atnou a mal\u00fdm kabinetem. Jsou vybaven\u00e9 umyvadlem se studenou vodou. <span style=\"mso-spacerun: yes;\">\u00a0<\/span>Pro odbornou v\u00fduku disponujeme odborn\u00fdmi u\u010debnami &#8211; u\u010debnou fyziky, chemie, p\u0159\u00edrodopisu, anglick\u00e9ho jazyka, n\u011bmeck\u00e9ho jazyka, v\u00fdtvarn\u00e9 v\u00fdchovy, hudebn\u00ed v\u00fdchovy. Odborn\u00e9 u\u010debny jsou p\u0159izp\u016fsobeny v\u00fduce dan\u00e9ho p\u0159edm\u011btu, jsou vybaveny sb\u00edrkami u\u010debn\u00edch pom\u016fcek, audiovizu\u00e1ln\u00ed technikou apod. U\u010ditel\u00e9 maj\u00ed k\u00a0dispozici odborn\u00e9 kabinety. D\u00e1le m\u00e1me k\u00a0dispozici 2 u\u010debny v\u00fdpo\u010detn\u00ed techniky s\u00a0p\u0159ipojen\u00edm na internet, p\u00eds\u00e1rnu pro v\u00fduku psan\u00ed na stroji, cvi\u010dnou kuchyni a audiovizu\u00e1ln\u00ed u\u010debnu. V\u00a0jedn\u00e9 u\u010debn\u011b je k\u00a0dispozici interaktivn\u00ed tabule, tento prostor slou\u017e\u00ed z\u00e1rove\u0148 jako ekou\u010debna. Na hlavn\u00ed budovu p\u0159\u00edmo navazuje \u0161koln\u00ed aula a t\u011blocvi\u010dna. Aula slou\u017e\u00ed pro \u0161koln\u00ed shrom\u00e1\u017ed\u011bn\u00ed, po\u0159\u00e1daj\u00ed se zde r\u016fzn\u00e1 p\u0159edstaven\u00ed a je tak\u00e9 vyu\u017e\u00edv\u00e1na jako alternativn\u00ed prostor k\u00a0v\u00fduce nap\u0159. t\u011blesn\u00e9 v\u00fdchovy. T\u011blocvi\u010dna p\u0159edstavuje nejv\u011bt\u0161\u00ed u\u010debnu cel\u00e9 \u0161koly, je uzp\u016fsobena jak pro m\u00ed\u010dov\u00e9 hry, tak pro gymnastiku a dal\u0161\u00ed druhy sportu. P\u0159il\u00e9h\u00e1 k\u00a0n\u00ed vlastn\u00ed soci\u00e1ln\u00ed za\u0159\u00edzen\u00ed \u2013 WC a sprchy. Sb\u00edrka sportovn\u00edho n\u00e1\u010din\u00ed a vybaven\u00ed je pr\u016fb\u011b\u017en\u011b modernizov\u00e1na, za\u0159azujeme i m\u00e9n\u011b tradi\u010dn\u00ed sporty nap\u0159. florbal a badminton.<span style=\"mso-spacerun: yes;\">\u00a0 <\/span>Na pozemku \u0161koly se nach\u00e1z\u00ed v\u00edce\u00fa\u010delov\u00e9 sportovn\u00ed h\u0159i\u0161t\u011b, pavilon d\u00edlen a sklen\u00edk.<span style=\"mso-spacerun: yes;\">\u00a0 <\/span>Sportovi\u0161t\u011b zahrnuje v\u00edce\u00fa\u010delov\u00e9 h\u0159i\u0161t\u011b s\u00a0um\u011bl\u00fdm povrchem, b\u011b\u017eeckou dr\u00e1hu takt\u00e9\u017e s\u00a0um\u011bl\u00fdm povrchem a dosko\u010di\u0161t\u011b. Jeho sou\u010d\u00e1st\u00ed jsou i \u0161atny, um\u00fdv\u00e1rna a WC. V\u00a0pavilonu d\u00edlen se nach\u00e1z\u00ed prostor pro v\u00fduku pracovn\u00edch \u010dinnost\u00ed ( d\u00edlna ), skladov\u00e9 prostory ( n\u00e1stroje a n\u00e1\u0159ad\u00ed pro pracovn\u00ed \u010dinnosti ), \u0161atna a soci\u00e1ln\u00ed za\u0159\u00edzen\u00ed ( WC a umyvadla s\u00a0teplou a studenou vodou ). Sklen\u00edk je vyu\u017e\u00edv\u00e1n pro v\u00fduku pracovn\u00edch \u010dinnost\u00ed. Sou\u010d\u00e1st\u00ed \u0161koly je \u0161koln\u00ed j\u00eddelna a kiosek. \u017d\u00e1ci mohou chodit do \u0161koln\u00ed j\u00eddelny na ob\u011bdy, dal\u0161\u00ed mo\u017enost\u00ed je n\u00e1kup sva\u010dinek ve \u0161koln\u00edm kiosku, \u010di v\u00a0ml\u00e9\u010dn\u00e9m automatu.<\/p>\n<p class=\"MsoNormal\">Are\u00e1l \u0161koly je dob\u0159e provozn\u011b \u0159e\u0161en\u00fd, pr\u016fb\u011b\u017en\u011b modernizovan\u00fd, \u0161kola v\u0161ak nem\u00e1 bezbari\u00e9rov\u00fd p\u0159\u00edstup.<\/p>\n<p class=\"MsoNormal\">P\u0159\u00edzem\u00ed je \u0159e\u0161eno jako hlavn\u00ed vstup do \u0161koly, d\u00e1le se zde nach\u00e1z\u00ed \u0161koln\u00ed j\u00eddelna, kiosek, u\u010debna a kabinet fyziky a keramick\u00e1 d\u00edlna. Z\u00a0p\u0159\u00edzem\u00ed lze vstoupit do suter\u00e9nu, kde je situov\u00e1na aula a t\u011blocvi\u010dna. V\u00a0prvn\u00edm pat\u0159e se nach\u00e1zej\u00ed kancel\u00e1\u0159e veden\u00ed \u0161koly, sborovna, t\u0159\u00eddy 1.stupn\u011b, u\u010debna v\u00fdpo\u010detn\u00ed techniky, audiovizu\u00e1ln\u00ed u\u010debna a \u0161koln\u00ed dru\u017eina.V\u00a0druh\u00e9m pat\u0159e pak t\u0159\u00eddy 2.stupn\u011b, odborn\u00e9 u\u010debny, interaktivn\u00ed t\u0159\u00edda a dal\u0161\u00ed u\u010debna v\u00fdpo\u010detn\u00ed techniky. Samostatn\u011b je um\u00edst\u011bna cvi\u010dn\u00e1 kuchyn\u011b, nach\u00e1z\u00ed se pod \u0161koln\u00ed dru\u017einou.<\/p>\n<p class=\"MsoNormal\">Budova \u0161koly je obklopena velk\u00fdm pozemkem, \u010d\u00e1ste\u010dn\u011b oplocen\u00fdm. P\u0159edn\u00ed \u010d\u00e1st je parkov\u011b upravena, zadn\u00ed uzav\u0159en\u00e1 \u010d\u00e1st slou\u017e\u00ed jako \u0161koln\u00ed zahrada a sportovi\u0161t\u011b.<\/p>\n<p class=\"MsoNormal\">Pro \u017e\u00e1ky 1. a\u017e 5.ro\u010dn\u00edku je otev\u0159ena \u0161koln\u00ed dru\u017eina. Dv\u011b odd\u011blen\u00ed maj\u00ed k\u00a0dispozici vlastn\u00ed prostory i soci\u00e1ln\u00ed za\u0159\u00edzen\u00ed, samostatn\u00fd vchod. Dru\u017eina je vybavena mno\u017estv\u00edm her, stavebnic a hra\u010dek, m\u00e1 svoji knihovnu a videot\u00e9ku. V\u00a0are\u00e1lu \u0161koly m\u00e1 vyhrazen\u00fd prostor se zahradn\u00edm domkem, p\u00edskovi\u0161t\u011bm a prol\u00e9za\u010dkami. \u0160D organizuje pro d\u011bti \u0159adu akc\u00ed a v\u00fdlet\u016f (span\u00ed v\u00a0dru\u017ein\u011b, t\u00e1bor\u00e1k, karneval, n\u00e1v\u0161t\u011bva Divadla Spejbla a Hurv\u00ednka v\u00a0Praze apod.).<\/p>\n<p class=\"MsoNormal\"><span style=\"mso-spacerun: yes;\">\u00a0 <\/span>V\u00a0odpoledn\u00edch hodin\u00e1ch si \u017e\u00e1ci mohou vybrat z\u00a0pestr\u00e9 nab\u00eddky krou\u017ek\u016f sportovn\u00edch (florbal, badminton, pohybov\u00e9 hry), jazykov\u00fdch (angli\u010dtina, francouz\u0161tina), kreativn\u00edch (tvo\u0159iv\u00e1 d\u00edlni\u010dka, diskotance), i z\u00a0krou\u017ek\u016f v\u00fdpo\u010detn\u00ed techniky. Vych\u00e1zej\u00edc\u00edm \u017e\u00e1k\u016fm nab\u00edz\u00edme p\u0159\u00edpravu p\u0159ed p\u0159ij\u00edmac\u00edmi zkou\u0161kami. K\u00a0mimo\u0161koln\u00edm aktivit\u00e1m je vyu\u017e\u00edv\u00e1na i keramick\u00e1 d\u00edlna. Sna\u017e\u00edme se nab\u00eddku krou\u017ek\u016f neust\u00e1le dopl\u0148ovat tak, aby se zapojilo co nejv\u00edce \u017e\u00e1k\u016f \u0161koly. Vedouc\u00edmi krou\u017ek\u016f jsou p\u0159edev\u0161\u00edm u\u010ditel\u00e9 \u0161koly. \u010c\u00e1st krou\u017ek\u016f nab\u00edz\u00edme bezplatn\u011b.<\/p>\n<p class=\"MsoNormal\"><span style=\"font-size: 14px;\"><strong><em><span style=\"font-family: 'Times New Roman','serif';\">Charakteristika pedagogick\u00e9ho sboru<\/span><\/em><\/strong><\/span><\/p>\n<p class=\"MsoNormal\">Pedagogick\u00fd sbor m\u00e1 25 \u010dlen\u016f, spojuj\u00ed se v\u00a0n\u011bm mlad\u00ed i zku\u0161en\u00ed pedagogov\u00e9. Naprost\u00e1 v\u011bt\u0161ina u\u010ditel\u016f je pln\u011b kvalifikovan\u00fdch, v\u00fduku n\u011bkter\u00fdch p\u0159edm\u011bt\u016f zaji\u0161\u0165uj\u00ed i studenti, kte\u0159\u00ed si dopl\u0148uj\u00ed vzd\u011bl\u00e1n\u00ed. Vyu\u010duj\u00edc\u00ed 1.stupn\u011b a \u010desk\u00e9ho jazyka jsou pro\u0161koleni v\u00a0problematice poruch u\u010den\u00ed.<\/p>\n<p>Na \u0161kole pracuje v\u00fdchovn\u00fd poradce, metodik prevence soci\u00e1ln\u011b patologick\u00fdch jev\u016f, poradce pro \u017e\u00e1ky s\u00a0poruchami u\u010den\u00ed, koordin\u00e1tor z\u00e1jmov\u00e9 \u010dinnosti a poradce pro ekologickou v\u00fdchovu.<\/p>\n<p class=\"MsoNormal\">Ob\u011b vychovatelky \u0161koln\u00ed dru\u017einy maj\u00ed st\u0159edo\u0161kolsk\u00e9 pedagogick\u00e9 vzd\u011bl\u00e1n\u00ed se zam\u011b\u0159en\u00edm na vychovatelstv\u00ed.<\/p>\n<p class=\"MsoNormal\"><span style=\"font-size: 14px;\"><strong><em><span style=\"font-family: 'Times New Roman','serif';\">Charakteristika \u017e\u00e1k\u016f<\/span><\/em><\/strong><\/span><\/p>\n<p class=\"MsoNormal\">Jsme jednou ze dvou \u00fapln\u00fdch z\u00e1kladn\u00edch \u0161kol na St\u0159ekov\u011b. Doj\u00ed\u017ed\u011bj\u00ed k\u00a0n\u00e1m tak\u00e9 \u017e\u00e1ci ze sp\u00e1dov\u00fdch obc\u00ed a z\u00a0ne\u00fapln\u00fdch z\u00e1kladn\u00edch \u0161kol (Z\u0160 Brn\u00e1, Z\u0160 Male\u010dov). Dopravn\u00ed dostupnost \u0161koly je velmi dobr\u00e1.<\/p>\n<p class=\"MsoNormal\">M\u00e1me dobr\u00e9 zku\u0161enosti s\u00a0integrac\u00ed d\u011bt\u00ed s\u00a0poruchami u\u010den\u00ed i se vzd\u011bl\u00e1v\u00e1n\u00edm cizinc\u016f.<\/p>\n<p class=\"MsoNormal\">Na \u0161kole pracuje \u0160koln\u00ed parlament. Je tvo\u0159en z\u00e1stupci jednotliv\u00fdch t\u0159\u00edd , pod\u00edl\u00ed se<span style=\"mso-spacerun: yes;\">\u00a0 <\/span>na chodu \u0161koly, jedn\u00e1 s\u00a0\u0159editelem \u0161koly a vyd\u00e1v\u00e1 vlastn\u00ed internetov\u00fd Ob\u010dasn\u00edk.<\/p>\n<p class=\"MsoNormal\">\n<p class=\"MsoNormal\">\u0160kola je zapojena do dlouhodob\u00e9ho projektu Zelen\u00e1 \u0161kola. Tento projekt je zam\u011b\u0159en na ekologickou v\u00fdchovu. V\u00a0r\u00e1mci projektu Kvalita testujeme dev\u00e1t\u00e9 i p\u00e1t\u00e9 t\u0159\u00eddy. \u00da\u010dastn\u00edme se mezin\u00e1rodn\u00ed sout\u011b\u017ee Klokan (matematick\u00fd a p\u0159\u00edrodov\u011bdn\u00fd).<\/p>\n<p class=\"MsoNormal\">Ka\u017ed\u00fd rok po\u0159\u00e1d\u00e1me \u0159adu kulturn\u00edch a sportovn\u00edch akc\u00ed &#8211; St\u0159ekovsk\u00e1 la\u0165ka, v\u00e1no\u010dn\u00ed trhy, schodob\u011bh, \u0161tafetov\u00fd marat\u00f3n, sportovn\u00ed olympi\u00e1dy, \u0161koln\u00ed akademie, posledn\u00ed zvon\u011bn\u00ed apod. Mnoh\u00e9 akce ji\u017e neodmysliteln\u011b pat\u0159\u00ed k\u00a0tradici \u0161koly.<\/p>\n<p class=\"MsoNormal\">Pedagogov\u00e9 pracuj\u00ed na \u0161koln\u00edch projektech v\u00a0r\u00e1mci t\u0159\u00edd, ro\u010dn\u00edk\u016f i cel\u00e9 \u0161koly. Po\u0159\u00e1d\u00e1me kulturn\u011b-historick\u00e9 exkurze, ly\u017ea\u0159sk\u00e9 kurzy, akce zam\u011b\u0159en\u00e9 na vz\u00e1jemn\u00e9 pozn\u00e1v\u00e1n\u00ed \u0161koln\u00edch kolektiv\u016f.<\/p>\n<p class=\"MsoNormal\"><span style=\"font-size: 14px;\"><strong><em><span style=\"font-family: 'Times New Roman','serif';\">Dlouhodob\u00e9 projekty, mezin\u00e1rodn\u00ed spolupr\u00e1ce<\/span><\/em><\/strong><\/span><\/p>\n<p class=\"MsoNormal\">\n<p class=\"MsoNormal\">\u0160kola je zapojena do dlouhodob\u00e9ho projektu Zelen\u00e1 \u0161kola. Tento projekt je zam\u011b\u0159en na ekologickou v\u00fdchovu. V\u00a0r\u00e1mci projektu Kvalita testujeme dev\u00e1t\u00e9 i p\u00e1t\u00e9 t\u0159\u00eddy. \u00da\u010dastn\u00edme se mezin\u00e1rodn\u00ed sout\u011b\u017ee Klokan (matematick\u00fd a p\u0159\u00edrodov\u011bdn\u00fd).<\/p>\n<p class=\"MsoNormal\">Ka\u017ed\u00fd rok po\u0159\u00e1d\u00e1me \u0159adu kulturn\u00edch a sportovn\u00edch akc\u00ed &#8211; St\u0159ekovsk\u00e1 la\u0165ka, v\u00e1no\u010dn\u00ed trhy, schodob\u011bh, \u0161tafetov\u00fd marat\u00f3n, sportovn\u00ed olympi\u00e1dy, \u0161koln\u00ed akademie, posledn\u00ed zvon\u011bn\u00ed apod. Mnoh\u00e9 akce ji\u017e neodmysliteln\u011b pat\u0159\u00ed k\u00a0tradici \u0161koly.<\/p>\n<p class=\"MsoNormal\">Pedagogov\u00e9 pracuj\u00ed na \u0161koln\u00edch projektech v\u00a0r\u00e1mci t\u0159\u00edd, ro\u010dn\u00edk\u016f i cel\u00e9 \u0161koly. Po\u0159\u00e1d\u00e1me kulturn\u011b-historick\u00e9 exkurze, ly\u017ea\u0159sk\u00e9 kurzy, akce zam\u011b\u0159en\u00e9 na vz\u00e1jemn\u00e9 pozn\u00e1v\u00e1n\u00ed \u0161koln\u00edch kolektiv\u016f.<\/p>\n<p class=\"MsoNormal\">Na mezin\u00e1rodn\u00ed \u00farovni spolupracujeme s\u00a0\u010desko-sask\u00fdm spolkem Kontakt 97 p\u0159i organizov\u00e1n\u00ed mezin\u00e1rodn\u00edch d\u011btsk\u00fdch t\u00e1bor\u016f.<\/p>\n","protected":false},"excerpt":{"rendered":"<p>&nbsp; \u00daplnost a velikost \u0161koly, vybaven\u00ed Na\u0161e z\u00e1kladn\u00ed \u0161kola byla zalo\u017eena v\u00a0roce 1932 a m\u00e1 sv\u00e9 nezastupiteln\u00e9 m\u00edsto v\u00a0\u00fasteck\u00e9 \u010d\u00e1sti St\u0159ekov Jsme \u00faplnou z\u00e1kladn\u00ed \u0161kolou s\u00a01. a 2. stupn\u011bm. V\u00a01. a\u017e 9.ro\u010dn\u00edku vyu\u010dujeme v\u011bt\u0161inou ve dvou paraleln\u00edch t\u0159\u00edd\u00e1ch. \u0160kola m\u00e1 kapacitu 490 \u017e\u00e1k\u016f, v\u00a0sou\u010dasn\u00e9 dob\u011b, vzhledem k\u00a0celorepublikov\u00e9mu demografick\u00e9mu v\u00fdvoji, vzd\u011bl\u00e1v\u00e1me 350 \u017e\u00e1k\u016f v\u00a017 t\u0159\u00edd\u00e1ch. V\u00a0dvoupodla\u017en\u00ed <a class=\"read-more\" href=\"https:\/\/zskarlaiv.cz\/?page_id=701\">\u010c\u00edst d\u00e1le&#8230;<\/a><\/p>\n","protected":false},"author":1,"featured_media":0,"parent":198,"menu_order":0,"comment_status":"open","ping_status":"open","template":"","meta":{"ngg_post_thumbnail":0,"footnotes":""},"class_list":["post-701","page","type-page","status-publish","hentry"],"_links":{"self":[{"href":"https:\/\/zskarlaiv.cz\/index.php?rest_route=\/wp\/v2\/pages\/701","targetHints":{"allow":["GET"]}}],"collection":[{"href":"https:\/\/zskarlaiv.cz\/index.php?rest_route=\/wp\/v2\/pages"}],"about":[{"href":"https:\/\/zskarlaiv.cz\/index.php?rest_route=\/wp\/v2\/types\/page"}],"author":[{"embeddable":true,"href":"https:\/\/zskarlaiv.cz\/index.php?rest_route=\/wp\/v2\/users\/1"}],"replies":[{"embeddable":true,"href":"https:\/\/zskarlaiv.cz\/index.php?rest_route=%2Fwp%2Fv2%2Fcomments&post=701"}],"version-history":[{"count":1,"href":"https:\/\/zskarlaiv.cz\/index.php?rest_route=\/wp\/v2\/pages\/701\/revisions"}],"predecessor-version":[{"id":1624,"href":"https:\/\/zskarlaiv.cz\/index.php?rest_route=\/wp\/v2\/pages\/701\/revisions\/1624"}],"up":[{"embeddable":true,"href":"https:\/\/zskarlaiv.cz\/index.php?rest_route=\/wp\/v2\/pages\/198"}],"wp:attachment":[{"href":"https:\/\/zskarlaiv.cz\/index.php?rest_route=%2Fwp%2Fv2%2Fmedia&parent=701"}],"curies":[{"name":"wp","href":"https:\/\/api.w.org\/{rel}","templated":true}]}}