{"id":688,"date":"2012-09-01T11:40:10","date_gmt":"2012-09-01T11:40:10","guid":{"rendered":"http:\/\/www.zskarlaiv.cz\/wpress\/?page_id=688"},"modified":"2016-09-27T11:32:33","modified_gmt":"2016-09-27T11:32:33","slug":"srps","status":"publish","type":"page","link":"https:\/\/zskarlaiv.cz\/?page_id=688","title":{"rendered":"SRP\u0160"},"content":{"rendered":"<p>Spolek rodi\u010d\u016f a p\u0159\u00e1tel \u0161koly m\u00e1 za c\u00edl koordinovat v\u00fdchovn\u00e9 p\u016fsoben\u00ed rodiny a \u0161koly.<\/p>\n<p>Ka\u017ed\u00e1 t\u0159\u00edda vol\u00ed sv\u00e9ho z\u00e1stupce, ti se sch\u00e1zej\u00ed p\u0159ed t\u0159\u00eddn\u00edmi sch\u016fzkami. Jedn\u00e1n\u00ed se v\u017edy \u00fa\u010dastn\u00ed i \u0159editel \u0161koly.<\/p>\n<p>Do fondu SRP\u0160 p\u0159isp\u00edvaj\u00ed rodi\u010de \u010d\u00e1stkou 100,- K\u010d na \u017e\u00e1ka.<\/p>\n","protected":false},"excerpt":{"rendered":"<p>Spolek rodi\u010d\u016f a p\u0159\u00e1tel \u0161koly m\u00e1 za c\u00edl koordinovat v\u00fdchovn\u00e9 p\u016fsoben\u00ed rodiny a \u0161koly. Ka\u017ed\u00e1 t\u0159\u00edda vol\u00ed sv\u00e9ho z\u00e1stupce, ti se sch\u00e1zej\u00ed p\u0159ed t\u0159\u00eddn\u00edmi sch\u016fzkami. Jedn\u00e1n\u00ed se v\u017edy \u00fa\u010dastn\u00ed i \u0159editel \u0161koly. Do fondu SRP\u0160 p\u0159isp\u00edvaj\u00ed rodi\u010de \u010d\u00e1stkou 100,- K\u010d na \u017e\u00e1ka.<\/p>\n","protected":false},"author":1,"featured_media":0,"parent":0,"menu_order":0,"comment_status":"open","ping_status":"open","template":"","meta":{"ngg_post_thumbnail":0,"footnotes":""},"class_list":["post-688","page","type-page","status-publish","hentry"],"_links":{"self":[{"href":"https:\/\/zskarlaiv.cz\/index.php?rest_route=\/wp\/v2\/pages\/688","targetHints":{"allow":["GET"]}}],"collection":[{"href":"https:\/\/zskarlaiv.cz\/index.php?rest_route=\/wp\/v2\/pages"}],"about":[{"href":"https:\/\/zskarlaiv.cz\/index.php?rest_route=\/wp\/v2\/types\/page"}],"author":[{"embeddable":true,"href":"https:\/\/zskarlaiv.cz\/index.php?rest_route=\/wp\/v2\/users\/1"}],"replies":[{"embeddable":true,"href":"https:\/\/zskarlaiv.cz\/index.php?rest_route=%2Fwp%2Fv2%2Fcomments&post=688"}],"version-history":[{"count":4,"href":"https:\/\/zskarlaiv.cz\/index.php?rest_route=\/wp\/v2\/pages\/688\/revisions"}],"predecessor-version":[{"id":16948,"href":"https:\/\/zskarlaiv.cz\/index.php?rest_route=\/wp\/v2\/pages\/688\/revisions\/16948"}],"wp:attachment":[{"href":"https:\/\/zskarlaiv.cz\/index.php?rest_route=%2Fwp%2Fv2%2Fmedia&parent=688"}],"curies":[{"name":"wp","href":"https:\/\/api.w.org\/{rel}","templated":true}]}}