{"id":686,"date":"2011-09-22T11:39:24","date_gmt":"2011-09-22T09:39:24","guid":{"rendered":"http:\/\/www.zskarlaiv.cz\/wpress\/?page_id=686"},"modified":"2025-11-11T09:21:31","modified_gmt":"2025-11-11T09:21:31","slug":"skolni-rada","status":"publish","type":"page","link":"https:\/\/zskarlaiv.cz\/?page_id=686","title":{"rendered":"\u0160kolsk\u00e1 rada"},"content":{"rendered":"<p>Dne 24.3.2015 &nbsp;byla zvolena nov\u00e1 \u0160kolsk\u00e1 rada ve slo\u017een\u00ed:<\/p>\n<table style=\"height: 123px; width: 250px;\" border=\"0\" cellspacing=\"1\" cellpadding=\"1\" align=\"left\">\n<tbody>\n<tr>\n<td><strong>P\u0159edseda:<\/strong><\/td>\n<td>Mgr. Tom\u00e1\u0161 Vlach<\/td>\n<\/tr>\n<tr>\n<td><strong>\u010clenov\u00e9:<br \/>\n<\/strong><\/td>\n<td>Mgr. Josef Poslu\u0161n\u00fd<\/td>\n<\/tr>\n<tr>\n<td>&nbsp;<\/td>\n<td>Mgr. Kuncov\u00e1 Pavla<\/td>\n<\/tr>\n<tr>\n<td>&nbsp;<\/td>\n<td>Kom\u016frkov\u00e1 Zuzana<\/td>\n<\/tr>\n<tr>\n<td>&nbsp;<\/td>\n<td>Ing. Jakub P\u0159ibyl<\/td>\n<\/tr>\n<tr>\n<td>&nbsp;<\/td>\n<td>&nbsp;<\/td>\n<\/tr>\n<\/tbody>\n<\/table>\n<p>&nbsp;<\/p>\n<p>&nbsp;<\/p>\n<p>&nbsp;<\/p>\n<p>&nbsp;<\/p>\n<p>&nbsp;<\/p>\n<p>\u0160kolsk\u00e1 rada pln\u00ed svou funkci, pro kterou byla za\u0159\u00edzena. \u0160kolsk\u00e1 rada se nesch\u00e1z\u00ed pravideln\u011b, ale dle pot\u0159eby.<\/p>\n","protected":false},"excerpt":{"rendered":"<p>Dne 24.3.2015 &nbsp;byla zvolena nov\u00e1 \u0160kolsk\u00e1 rada ve slo\u017een\u00ed: P\u0159edseda: Mgr. Tom\u00e1\u0161 Vlach \u010clenov\u00e9: Mgr. Josef Poslu\u0161n\u00fd &nbsp; Mgr. Kuncov\u00e1 Pavla &nbsp; Kom\u016frkov\u00e1 Zuzana &nbsp; Ing. Jakub P\u0159ibyl &nbsp; &nbsp; &nbsp; &nbsp; &nbsp; &nbsp; &nbsp; \u0160kolsk\u00e1 rada pln\u00ed svou funkci, pro kterou byla za\u0159\u00edzena. \u0160kolsk\u00e1 rada se nesch\u00e1z\u00ed pravideln\u011b, ale dle pot\u0159eby.<\/p>\n","protected":false},"author":1,"featured_media":0,"parent":0,"menu_order":0,"comment_status":"open","ping_status":"open","template":"","meta":{"ngg_post_thumbnail":0,"footnotes":""},"class_list":["post-686","page","type-page","status-publish","hentry"],"_links":{"self":[{"href":"https:\/\/zskarlaiv.cz\/index.php?rest_route=\/wp\/v2\/pages\/686","targetHints":{"allow":["GET"]}}],"collection":[{"href":"https:\/\/zskarlaiv.cz\/index.php?rest_route=\/wp\/v2\/pages"}],"about":[{"href":"https:\/\/zskarlaiv.cz\/index.php?rest_route=\/wp\/v2\/types\/page"}],"author":[{"embeddable":true,"href":"https:\/\/zskarlaiv.cz\/index.php?rest_route=\/wp\/v2\/users\/1"}],"replies":[{"embeddable":true,"href":"https:\/\/zskarlaiv.cz\/index.php?rest_route=%2Fwp%2Fv2%2Fcomments&post=686"}],"version-history":[{"count":7,"href":"https:\/\/zskarlaiv.cz\/index.php?rest_route=\/wp\/v2\/pages\/686\/revisions"}],"predecessor-version":[{"id":38919,"href":"https:\/\/zskarlaiv.cz\/index.php?rest_route=\/wp\/v2\/pages\/686\/revisions\/38919"}],"wp:attachment":[{"href":"https:\/\/zskarlaiv.cz\/index.php?rest_route=%2Fwp%2Fv2%2Fmedia&parent=686"}],"curies":[{"name":"wp","href":"https:\/\/api.w.org\/{rel}","templated":true}]}}