{"id":641,"date":"2014-09-09T11:24:00","date_gmt":"2014-09-09T11:24:00","guid":{"rendered":"http:\/\/www.zskarlaiv.cz\/wpress\/?page_id=641"},"modified":"2023-08-29T13:40:52","modified_gmt":"2023-08-29T13:40:52","slug":"podminky-stravovani","status":"publish","type":"page","link":"https:\/\/zskarlaiv.cz\/?page_id=641","title":{"rendered":"Podm\u00ednky stravov\u00e1n\u00ed"},"content":{"rendered":"<p>V\u00fddej ob\u011bd\u016f: 11.45 \u2013 14.00<\/p>\n<p>Ke ka\u017ed\u00e9mu ob\u011bdu jsou pod\u00e1v\u00e1ny zeleninov\u00e9 sal\u00e1ty, ovocn\u00e9 pyr\u00e9, ovoce, ml\u00e9ko \u2013 dle konkr\u00e9tn\u00edho j\u00eddeln\u00ed\u010dku. Jedenkr\u00e1t t\u00fddn\u011b je za\u0159azov\u00e1n bezmas\u00fd ob\u011bd , st\u0159\u00eddav\u011b slan\u00fd \u2013 sladk\u00fd.D\u011btsk\u00fd str\u00e1vn\u00edk m\u00e1 n\u00e1rok odebrat ve \u0161koln\u00ed j\u00eddeln\u011b dotovan\u00fd ob\u011bd jeho pobytu ve \u0161kolev prvn\u00ed den nepl\u00e1novan\u00e9 nep\u0159\u00edtomnosti,jak stanov\u00fd \u0161koln\u00ed z\u00e1kon 561\/2004Sb ve zn\u011bn\u00ed pozd\u011bj\u0161\u00edch p\u0159edpis\u016f a Vyhl\u00e1\u0161ka o \u0161koln\u00edm stravov\u00e1n\u00ed \u010d.107\/2005 Sb Str\u00e1vn\u00edk plat\u00ed cenu potravin.V dal\u0161\u00edch dnech nep\u0159\u00edtomnosti ve \u0161kole je str\u00e1vn\u00edk nebo jeho z\u00e1konn\u00fd z\u00e1stupce ob\u011bdy povinen odhl\u00e1sit,tyto ob\u011bdy nejsou dotovan\u00e9 a str\u00e1vn\u00edk by musel plat\u00edt plnou cenu ob\u011bda.<\/p>\n<p>&nbsp;<\/p>\n<table border=\"1\">\n<caption>Normy masa<\/caption>\n<tbody>\n<tr>\n<th width=\"140\">1. &#8211; 4. t\u0159\u00edda<\/th>\n<td width=\"166\">70g syrov\u00e9ho masa<\/td>\n<\/tr>\n<tr>\n<th>5. &#8211; 8. t\u0159\u00edda<\/th>\n<td>80g<\/td>\n<\/tr>\n<\/tbody>\n<tfoot>\n<tr>\n<th>9. t\u0159\u00edda<\/th>\n<td>100g<\/td>\n<\/tr>\n<\/tfoot>\n<\/table>\n<p>&nbsp;<\/p>\n<p>&nbsp;<\/p>\n<table border=\"1\">\n<caption>Normy p\u0159\u00edloh na m\u011bs\u00edc<\/caption>\n<tbody>\n<tr>\n<th width=\"140\">2x<\/th>\n<td width=\"166\">r\u00fd\u017ee<\/td>\n<\/tr>\n<tr>\n<th>7x<\/th>\n<td>brambory<\/td>\n<\/tr>\n<\/tbody>\n<tfoot>\n<tr>\n<th>2x<\/th>\n<td>ka\u0161e<\/td>\n<\/tr>\n<tr>\n<th>2x<\/th>\n<td>t\u011bstoviny<\/td>\n<\/tr>\n<tr>\n<th>2x<\/th>\n<td>knedl\u00edky<\/td>\n<\/tr>\n<tr>\n<th>2x<\/th>\n<td>lu\u0161t\u011bniny<\/td>\n<\/tr>\n<\/tfoot>\n<\/table>\n<p>Prodej stravenek na nov\u00fd m\u011bs\u00edc v\u017edy posledn\u00ed dva pracovn\u00ed dny p\u0159ede\u0161l\u00e9ho m\u011bs\u00edce. Konkr\u00e9tn\u00ed term\u00edny vyv\u011b\u0161eny ve vestibulu \u0161koly. Z&nbsp;v\u00e1\u017en\u00fdch d\u016fvod\u016f lze zakoupit stravenky i mimo ur\u010den\u00e9 dny.<\/p>\n<p>&nbsp;<\/p>\n<table border=\"1\">\n<caption>Cena stravenek<\/caption>\n<tbody>\n<tr>\n<th width=\"140\">7 &#8211; 10 let<\/th>\n<td width=\"166\">32,- K\u010d<\/td>\n<\/tr>\n<tr class=\"barva\">\n<th>11 &#8211; 14 let<\/th>\n<td>34,- K\u010d<\/td>\n<\/tr>\n<\/tbody>\n<tfoot>\n<tr>\n<th>15 a v\u00edce<\/th>\n<td>35,- K\u010d<\/td>\n<\/tr>\n<\/tfoot>\n<\/table>\n<p>&nbsp;<\/p>\n<p>P\u0159ihl\u00e1\u0161ku ke stravov\u00e1n\u00ed s p\u0159\u00edslu\u0161n\u00fdm \u010d\u00edslem \u00fa\u010dtu najdete zde:<br \/>\n<iframe src=\"\/\/docs.google.com\/viewer?url=http%3A%2F%2Fzskarlaiv.cz%2Fwp-content%2Fuploads%2F2014%2F09%2Fp%C5%99ihl%C3%A1%C5%A1ka-ke-stravov%C3%A1n%C3%AD.docx&hl=cs&embedded=true\" class=\"gde-frame\" style=\"width:100%; height:500px; border: none;\" scrolling=\"no\"><\/iframe>\n<p class=\"gde-text\"><a href=\"http:\/\/zskarlaiv.cz\/wp-content\/uploads\/2014\/09\/p\u0159ihl\u00e1\u0161ka-ke-stravov\u00e1n\u00ed.docx\" class=\"gde-link\">St\u00e1hnout (DOCX, 16KB)<\/a><\/p><\/p>\n<p>&nbsp;<\/p>\n<p>&nbsp;<\/p>\n","protected":false},"excerpt":{"rendered":"<p>V\u00fddej ob\u011bd\u016f: 11.45 \u2013 14.00 Ke ka\u017ed\u00e9mu ob\u011bdu jsou pod\u00e1v\u00e1ny zeleninov\u00e9 sal\u00e1ty, ovocn\u00e9 pyr\u00e9, ovoce, ml\u00e9ko \u2013 dle konkr\u00e9tn\u00edho j\u00eddeln\u00ed\u010dku. Jedenkr\u00e1t t\u00fddn\u011b je za\u0159azov\u00e1n bezmas\u00fd ob\u011bd , st\u0159\u00eddav\u011b slan\u00fd \u2013 sladk\u00fd.D\u011btsk\u00fd str\u00e1vn\u00edk m\u00e1 n\u00e1rok odebrat ve \u0161koln\u00ed j\u00eddeln\u011b dotovan\u00fd ob\u011bd jeho pobytu ve \u0161kolev prvn\u00ed den nepl\u00e1novan\u00e9 nep\u0159\u00edtomnosti,jak stanov\u00fd \u0161koln\u00ed z\u00e1kon 561\/2004Sb ve zn\u011bn\u00ed pozd\u011bj\u0161\u00edch <a class=\"read-more\" href=\"https:\/\/zskarlaiv.cz\/?page_id=641\">\u010c\u00edst d\u00e1le&#8230;<\/a><\/p>\n","protected":false},"author":1,"featured_media":0,"parent":635,"menu_order":0,"comment_status":"open","ping_status":"open","template":"","meta":{"ngg_post_thumbnail":0,"footnotes":""},"class_list":["post-641","page","type-page","status-publish","hentry"],"_links":{"self":[{"href":"https:\/\/zskarlaiv.cz\/index.php?rest_route=\/wp\/v2\/pages\/641","targetHints":{"allow":["GET"]}}],"collection":[{"href":"https:\/\/zskarlaiv.cz\/index.php?rest_route=\/wp\/v2\/pages"}],"about":[{"href":"https:\/\/zskarlaiv.cz\/index.php?rest_route=\/wp\/v2\/types\/page"}],"author":[{"embeddable":true,"href":"https:\/\/zskarlaiv.cz\/index.php?rest_route=\/wp\/v2\/users\/1"}],"replies":[{"embeddable":true,"href":"https:\/\/zskarlaiv.cz\/index.php?rest_route=%2Fwp%2Fv2%2Fcomments&post=641"}],"version-history":[{"count":11,"href":"https:\/\/zskarlaiv.cz\/index.php?rest_route=\/wp\/v2\/pages\/641\/revisions"}],"predecessor-version":[{"id":30282,"href":"https:\/\/zskarlaiv.cz\/index.php?rest_route=\/wp\/v2\/pages\/641\/revisions\/30282"}],"up":[{"embeddable":true,"href":"https:\/\/zskarlaiv.cz\/index.php?rest_route=\/wp\/v2\/pages\/635"}],"wp:attachment":[{"href":"https:\/\/zskarlaiv.cz\/index.php?rest_route=%2Fwp%2Fv2%2Fmedia&parent=641"}],"curies":[{"name":"wp","href":"https:\/\/api.w.org\/{rel}","templated":true}]}}