{"id":621,"date":"2011-09-22T11:13:23","date_gmt":"2011-09-22T09:13:23","guid":{"rendered":"http:\/\/www.zskarlaiv.cz\/wpress\/?page_id=621"},"modified":"2025-06-24T17:39:16","modified_gmt":"2025-06-24T17:39:16","slug":"druzina","status":"publish","type":"page","link":"https:\/\/zskarlaiv.cz\/?page_id=621","title":{"rendered":"Dru\u017eina"},"content":{"rendered":"<h2><span style=\"color: #ff6600;\"><b>Informace o \u0161koln\u00ed dru\u017ein\u011b (\u0160D) <a href=\"http:\/\/zskarlaiv.cz\/wp-content\/uploads\/2022\/09\/IMG-20220824-WA0007.jpg\"><img fetchpriority=\"high\" decoding=\"async\" class=\"aligncenter  wp-image-26797\" src=\"http:\/\/zskarlaiv.cz\/wp-content\/uploads\/2022\/09\/IMG-20220824-WA0007-300x80.jpg\" alt=\"\" width=\"446\" height=\"119\" srcset=\"https:\/\/zskarlaiv.cz\/wp-content\/uploads\/2022\/09\/IMG-20220824-WA0007-300x80.jpg 300w, https:\/\/zskarlaiv.cz\/wp-content\/uploads\/2022\/09\/IMG-20220824-WA0007-768x205.jpg 768w, https:\/\/zskarlaiv.cz\/wp-content\/uploads\/2022\/09\/IMG-20220824-WA0007-700x187.jpg 700w, https:\/\/zskarlaiv.cz\/wp-content\/uploads\/2022\/09\/IMG-20220824-WA0007.jpg 1600w\" sizes=\"(max-width: 446px) 100vw, 446px\" \/><\/a><\/b><\/span><\/h2>\n<p><a href=\"http:\/\/zskarlaiv.cz\/wp-content\/uploads\/2022\/09\/IMG_20220830_085830.jpg\"><img decoding=\"async\" class=\"size-medium wp-image-26799 alignright\" src=\"http:\/\/zskarlaiv.cz\/wp-content\/uploads\/2022\/09\/IMG_20220830_085830-225x300.jpg\" alt=\"\" width=\"225\" height=\"300\" srcset=\"https:\/\/zskarlaiv.cz\/wp-content\/uploads\/2022\/09\/IMG_20220830_085830-225x300.jpg 225w, https:\/\/zskarlaiv.cz\/wp-content\/uploads\/2022\/09\/IMG_20220830_085830-768x1024.jpg 768w, https:\/\/zskarlaiv.cz\/wp-content\/uploads\/2022\/09\/IMG_20220830_085830-700x933.jpg 700w\" sizes=\"(max-width: 225px) 100vw, 225px\" \/><\/a> <a href=\"http:\/\/zskarlaiv.cz\/wp-content\/uploads\/2022\/09\/IMG_20220830_085153.jpg\"><img decoding=\"async\" class=\"size-medium wp-image-26800 alignright\" src=\"http:\/\/zskarlaiv.cz\/wp-content\/uploads\/2022\/09\/IMG_20220830_085153-225x300.jpg\" alt=\"\" width=\"225\" height=\"300\" srcset=\"https:\/\/zskarlaiv.cz\/wp-content\/uploads\/2022\/09\/IMG_20220830_085153-225x300.jpg 225w, https:\/\/zskarlaiv.cz\/wp-content\/uploads\/2022\/09\/IMG_20220830_085153-768x1024.jpg 768w, https:\/\/zskarlaiv.cz\/wp-content\/uploads\/2022\/09\/IMG_20220830_085153-700x933.jpg 700w\" sizes=\"(max-width: 225px) 100vw, 225px\" \/><\/a><\/p>\n<ul>\n<li aria-level=\"1\"><strong>Provoz \u0160D<\/strong><\/li>\n<\/ul>\n<ul>\n<li style=\"list-style-type: none;\">\n<ul>\n<li style=\"list-style-type: none;\">\n<ul>\n<li style=\"font-weight: 400;\" aria-level=\"2\"><span style=\"font-weight: 400;\">6:00 &#8211; 8:00 hod., 11:45 \u2013 17:00 hod.<\/span><\/li>\n<\/ul>\n<\/li>\n<\/ul>\n<\/li>\n<\/ul>\n<ul>\n<li aria-level=\"1\"><strong>Z\u00e1pisn\u00ed l\u00edstek<\/strong><\/li>\n<\/ul>\n<ul>\n<li style=\"list-style-type: none;\">\n<ul>\n<li style=\"list-style-type: none;\">\n<ul>\n<li style=\"font-weight: 400;\" aria-level=\"2\"><span style=\"font-weight: 400;\">vypln\u011bn\u00fd <\/span><b>z&nbsp;obou stran <\/b><span style=\"font-weight: 400;\">odevzdat do konce t\u00fddne<\/span><\/li>\n<\/ul>\n<\/li>\n<\/ul>\n<\/li>\n<\/ul>\n<ul>\n<li aria-level=\"1\"><strong>Odchod d\u011bt\u00ed&nbsp;<\/strong><\/li>\n<\/ul>\n<ul>\n<li style=\"list-style-type: none;\">\n<ul>\n<li style=\"list-style-type: none;\">\n<ul>\n<li style=\"list-style-type: none;\">\n<ul>\n<li style=\"font-weight: 400;\" aria-level=\"2\"><span style=\"font-weight: 400;\">pokud d\u00edt\u011b pot\u0159ebujete vyzvednout jinak, ne\u017e je uvedeno v&nbsp;z\u00e1pisn\u00edm l\u00edstku, uv\u011bdomte vychovatelku p\u00edsemn\u011b<\/span><\/li>\n<\/ul>\n<\/li>\n<\/ul>\n<p>&nbsp;<\/p>\n<ul>\n<li style=\"list-style-type: none;\">\n<ul>\n<li style=\"font-weight: 400;\" aria-level=\"2\"><span style=\"font-weight: 400;\">d\u00edt\u011b nelze pou\u0161t\u011bt po telefonn\u00ed dohod\u011b<\/span><\/li>\n<\/ul>\n<\/li>\n<\/ul>\n<p>&nbsp;<\/p>\n<ul>\n<li style=\"font-weight: 400;\" aria-level=\"2\"><span style=\"font-weight: 400;\">uvol\u0148ov\u00e1n\u00ed d\u011bt\u00ed do \u0161koln\u00edch krou\u017ek\u016f prob\u00edh\u00e1 dle rozvrhu krou\u017ek\u016f a d\u011bti si vyzvedne ten, kdo krou\u017eek vede<\/span><\/li>\n<\/ul>\n<\/li>\n<\/ul>\n<\/li>\n<\/ul>\n<ul>\n<li aria-level=\"1\"><strong>Stravenky<\/strong><\/li>\n<\/ul>\n<ul>\n<li style=\"list-style-type: none;\">\n<ul>\n<li style=\"list-style-type: none;\">\n<ul>\n<li style=\"list-style-type: none;\">\n<ul>\n<li style=\"font-weight: 400;\" aria-level=\"2\"><span style=\"font-weight: 400;\">prod\u00e1v\u00e1 vedouc\u00ed j\u00eddelny, podepsan\u00e9 odevzdejte vychovatelce (sta\u010d\u00ed podepsat jen 1 )<\/span><\/li>\n<\/ul>\n<\/li>\n<\/ul>\n<p>&nbsp;<\/p>\n<ul>\n<li style=\"font-weight: 400;\" aria-level=\"2\"><span style=\"font-weight: 400;\">p\u0159i nemoci odhl\u00e1sit v&nbsp;j\u00eddeln\u011b (702&nbsp;168&nbsp;192)<\/span><\/li>\n<\/ul>\n<\/li>\n<\/ul>\n<\/li>\n<\/ul>\n<ul>\n<li aria-level=\"1\"><strong>Vchod do \u0160D<\/strong><\/li>\n<\/ul>\n<ul>\n<li style=\"list-style-type: none;\">\n<ul>\n<li style=\"list-style-type: none;\">\n<ul>\n<li style=\"font-weight: 400;\" aria-level=\"2\"><span style=\"font-weight: 400;\">zadn\u00ed branou (ulice Barrandova)<\/span><\/li>\n<\/ul>\n<\/li>\n<\/ul>\n<\/li>\n<\/ul>\n<ul>\n<li aria-level=\"1\"><strong>P\u0159\u00edsp\u011bvek na \u0160D<\/strong><\/li>\n<\/ul>\n<ul>\n<li style=\"list-style-type: none;\">\n<ul>\n<li style=\"list-style-type: none;\">\n<ul>\n<li style=\"list-style-type: none;\">\n<ul>\n<li style=\"font-weight: 400;\" aria-level=\"2\"><span style=\"font-weight: 400;\">na \u010d\u00e1ste\u010dnou \u00fahradu neinvesti\u010dn\u00edch n\u00e1klad\u016f \u0160D vyb\u00edr\u00e1me<strong> 250 K\u010d<\/strong> na m\u011bs\u00edc (schv\u00e1lilo zastupitelstvo m\u011bsta v souladu s ustanoven\u00edm \u00a736,odst. 1,p\u00edsm. f,z\u00e1k.\u010d.367\/1990Sb)<\/span><\/li>\n<\/ul>\n<\/li>\n<\/ul>\n<p>&nbsp;<\/p>\n<ul>\n<li style=\"font-weight: 400;\" aria-level=\"2\"><span style=\"font-weight: 400;\">p\u0159\u00edsp\u011bvek vyb\u00edr\u00e1 vychovatelka v\u017edy na pololet\u00ed ( 1.pol do 20.z\u00e1\u0159\u00ed, 2.pol do 20.\u00fanora)<\/span><\/li>\n<\/ul>\n<\/li>\n<\/ul>\n<\/li>\n<\/ul>\n<ul>\n<li aria-level=\"1\"><strong>P\u0159evle\u010den\u00ed&nbsp;<\/strong><\/li>\n<\/ul>\n<ul>\n<li style=\"list-style-type: none;\">\n<ul>\n<li style=\"list-style-type: none;\">\n<ul>\n<li style=\"font-weight: 400;\" aria-level=\"2\"><span style=\"font-weight: 400;\">na vych\u00e1zku tepl\u00e1ky, tenisky (podepsan\u00e9 v\u011bci dejte pros\u00edm do ta\u0161ky)<\/span><\/li>\n<\/ul>\n<\/li>\n<\/ul>\n<\/li>\n<\/ul>\n<ul>\n<li style=\"list-style-type: none;\">\n<ul>\n<li style=\"list-style-type: none;\">&nbsp;<\/li>\n<\/ul>\n<\/li>\n<\/ul>\n<ul>\n<li aria-level=\"1\"><strong>\u0160D m\u00e1 2 odd\u011blen\u00ed<\/strong><\/li>\n<\/ul>\n<ul>\n<li style=\"list-style-type: none;\">\n<ul>\n<li style=\"list-style-type: none;\">\n<ul>\n<li style=\"list-style-type: none;\">\n<ul>\n<li style=\"font-weight: 400;\" aria-level=\"2\"><span style=\"font-weight: 400;\">I.odd\u011blen\u00ed \u2026&#8230; &nbsp; vychovatelka Zita \u017dilovcov\u00e1&nbsp; &nbsp; &nbsp; &nbsp; &nbsp; (zilovcova.z@zskarlaiv.cz)<\/span><\/li>\n<\/ul>\n<\/li>\n<\/ul>\n<p>&nbsp;<\/p>\n<ul>\n<li style=\"font-weight: 400;\" aria-level=\"2\"><span style=\"font-weight: 400;\">II.odd\u011blen\u00ed \u2026.. &nbsp; vychovatelka Marcela Ji\u0159enov\u00e1&nbsp; &nbsp; (jirenova.m@zskarlaiv.cz)<\/span><\/li>\n<\/ul>\n<\/li>\n<\/ul>\n<\/li>\n<\/ul>\n<ul>\n<li aria-level=\"1\"><strong>Telefon<\/strong><\/li>\n<\/ul>\n<ul>\n<li style=\"list-style-type: none;\">\n<ul>\n<li style=\"font-weight: 400;\" aria-level=\"2\"><span style=\"font-weight: 400;\">725&nbsp;117&nbsp;962<\/span><\/li>\n<\/ul>\n<\/li>\n<\/ul>\n","protected":false},"excerpt":{"rendered":"<p>Informace o \u0161koln\u00ed dru\u017ein\u011b (\u0160D) Provoz \u0160D 6:00 &#8211; 8:00 hod., 11:45 \u2013 17:00 hod. Z\u00e1pisn\u00ed l\u00edstek vypln\u011bn\u00fd z&nbsp;obou stran odevzdat do konce t\u00fddne Odchod d\u011bt\u00ed&nbsp; pokud d\u00edt\u011b pot\u0159ebujete vyzvednout jinak, ne\u017e je uvedeno v&nbsp;z\u00e1pisn\u00edm l\u00edstku, uv\u011bdomte vychovatelku p\u00edsemn\u011b &nbsp; d\u00edt\u011b nelze pou\u0161t\u011bt po telefonn\u00ed dohod\u011b &nbsp; uvol\u0148ov\u00e1n\u00ed d\u011bt\u00ed do \u0161koln\u00edch krou\u017ek\u016f prob\u00edh\u00e1 dle rozvrhu <a class=\"read-more\" href=\"https:\/\/zskarlaiv.cz\/?page_id=621\">\u010c\u00edst d\u00e1le&#8230;<\/a><\/p>\n","protected":false},"author":1,"featured_media":0,"parent":0,"menu_order":0,"comment_status":"open","ping_status":"open","template":"","meta":{"ngg_post_thumbnail":0,"footnotes":""},"class_list":["post-621","page","type-page","status-publish","hentry"],"_links":{"self":[{"href":"https:\/\/zskarlaiv.cz\/index.php?rest_route=\/wp\/v2\/pages\/621","targetHints":{"allow":["GET"]}}],"collection":[{"href":"https:\/\/zskarlaiv.cz\/index.php?rest_route=\/wp\/v2\/pages"}],"about":[{"href":"https:\/\/zskarlaiv.cz\/index.php?rest_route=\/wp\/v2\/types\/page"}],"author":[{"embeddable":true,"href":"https:\/\/zskarlaiv.cz\/index.php?rest_route=\/wp\/v2\/users\/1"}],"replies":[{"embeddable":true,"href":"https:\/\/zskarlaiv.cz\/index.php?rest_route=%2Fwp%2Fv2%2Fcomments&post=621"}],"version-history":[{"count":19,"href":"https:\/\/zskarlaiv.cz\/index.php?rest_route=\/wp\/v2\/pages\/621\/revisions"}],"predecessor-version":[{"id":38254,"href":"https:\/\/zskarlaiv.cz\/index.php?rest_route=\/wp\/v2\/pages\/621\/revisions\/38254"}],"wp:attachment":[{"href":"https:\/\/zskarlaiv.cz\/index.php?rest_route=%2Fwp%2Fv2%2Fmedia&parent=621"}],"curies":[{"name":"wp","href":"https:\/\/api.w.org\/{rel}","templated":true}]}}