{"id":5774,"date":"2014-06-09T13:16:20","date_gmt":"2014-06-09T13:16:20","guid":{"rendered":"http:\/\/zskarlaiv.cz\/?page_id=5774"},"modified":"2014-06-09T13:16:20","modified_gmt":"2014-06-09T13:16:20","slug":"ukazka-z-papiroveho-modelare-2","status":"publish","type":"page","link":"https:\/\/zskarlaiv.cz\/?page_id=5774","title":{"rendered":"Uk\u00e1zka z pap\u00edrov\u00e9ho model\u00e1\u0159e 2"},"content":{"rendered":"<p><!-- index.php -->\n<div\n\tclass=\"ngg-galleryoverview\n\t ngg-ajax-pagination-none\t\"\n\tid=\"ngg-gallery-4a315f39f1d00254522ebc95a8eb4845-1\">\n\n\t\t<div class=\"slideshowlink\">\n\t\t<a href='https:\/\/zskarlaiv.cz\/index.php\/nggallery\/slideshow?page_id=5774'>[Show as slideshow]<\/a>\n\n\t<\/div>\n\t\t\t<!-- Thumbnails -->\n\t\t\t\t<div id=\"ngg-image-0\" class=\"ngg-gallery-thumbnail-box\"\n\t\t\t\t\t\t\t\t\t\t\t>\n\t\t\t\t\t\t<div class=\"ngg-gallery-thumbnail\">\n\t\t\t<a href=\"https:\/\/zskarlaiv.cz\/wp-content\/gallery\/pmodelar2\/DSC_0519-Large.JPG\"\n\t\t\t\ttitle=\"\"\n\t\t\t\tdata-src=\"https:\/\/zskarlaiv.cz\/wp-content\/gallery\/pmodelar2\/DSC_0519-Large.JPG\"\n\t\t\t\tdata-thumbnail=\"https:\/\/zskarlaiv.cz\/wp-content\/gallery\/pmodelar2\/thumbs\/thumbs_DSC_0519-Large.JPG\"\n\t\t\t\tdata-image-id=\"16202\"\n\t\t\t\tdata-title=\"DSC_0519 (Large)\"\n\t\t\t\tdata-description=\"\"\n\t\t\t\tdata-image-slug=\"dsc_0519-large\"\n\t\t\t\tclass=\"shutterset_4a315f39f1d00254522ebc95a8eb4845\">\n\t\t\t\t<img\n\t\t\t\t\ttitle=\"DSC_0519 (Large)\"\n\t\t\t\t\talt=\"DSC_0519 (Large)\"\n\t\t\t\t\tsrc=\"https:\/\/zskarlaiv.cz\/wp-content\/gallery\/pmodelar2\/thumbs\/thumbs_DSC_0519-Large.JPG\"\n\t\t\t\t\twidth=\"100\"\n\t\t\t\t\theight=\"75\"\n\t\t\t\t\tstyle=\"max-width:100%;\"\n\t\t\t\t\/>\n\t\t\t<\/a>\n\t\t<\/div>\n\t\t\t\t\t\t\t<\/div>\n\t\t\t\n\t\t\n\t\t\t\t<div id=\"ngg-image-1\" class=\"ngg-gallery-thumbnail-box\"\n\t\t\t\t\t\t\t\t\t\t\t>\n\t\t\t\t\t\t<div class=\"ngg-gallery-thumbnail\">\n\t\t\t<a href=\"https:\/\/zskarlaiv.cz\/wp-content\/gallery\/pmodelar2\/DSC_0527-Large.JPG\"\n\t\t\t\ttitle=\" \"\n\t\t\t\tdata-src=\"https:\/\/zskarlaiv.cz\/wp-content\/gallery\/pmodelar2\/DSC_0527-Large.JPG\"\n\t\t\t\tdata-thumbnail=\"https:\/\/zskarlaiv.cz\/wp-content\/gallery\/pmodelar2\/thumbs\/thumbs_DSC_0527-Large.JPG\"\n\t\t\t\tdata-image-id=\"16203\"\n\t\t\t\tdata-title=\"DSC_0527 (Large)\"\n\t\t\t\tdata-description=\" \"\n\t\t\t\tdata-image-slug=\"dsc_0527-large\"\n\t\t\t\tclass=\"shutterset_4a315f39f1d00254522ebc95a8eb4845\">\n\t\t\t\t<img\n\t\t\t\t\ttitle=\"DSC_0527 (Large)\"\n\t\t\t\t\talt=\"DSC_0527 (Large)\"\n\t\t\t\t\tsrc=\"https:\/\/zskarlaiv.cz\/wp-content\/gallery\/pmodelar2\/thumbs\/thumbs_DSC_0527-Large.JPG\"\n\t\t\t\t\twidth=\"100\"\n\t\t\t\t\theight=\"75\"\n\t\t\t\t\tstyle=\"max-width:100%;\"\n\t\t\t\t\/>\n\t\t\t<\/a>\n\t\t<\/div>\n\t\t\t\t\t\t\t<\/div>\n\t\t\t\n\t\t\n\t\t\t\t<div id=\"ngg-image-2\" class=\"ngg-gallery-thumbnail-box\"\n\t\t\t\t\t\t\t\t\t\t\t>\n\t\t\t\t\t\t<div class=\"ngg-gallery-thumbnail\">\n\t\t\t<a href=\"https:\/\/zskarlaiv.cz\/wp-content\/gallery\/pmodelar2\/DSC_0518-Large.JPG\"\n\t\t\t\ttitle=\" \"\n\t\t\t\tdata-src=\"https:\/\/zskarlaiv.cz\/wp-content\/gallery\/pmodelar2\/DSC_0518-Large.JPG\"\n\t\t\t\tdata-thumbnail=\"https:\/\/zskarlaiv.cz\/wp-content\/gallery\/pmodelar2\/thumbs\/thumbs_DSC_0518-Large.JPG\"\n\t\t\t\tdata-image-id=\"16204\"\n\t\t\t\tdata-title=\"DSC_0518 (Large)\"\n\t\t\t\tdata-description=\" \"\n\t\t\t\tdata-image-slug=\"dsc_0518-large\"\n\t\t\t\tclass=\"shutterset_4a315f39f1d00254522ebc95a8eb4845\">\n\t\t\t\t<img\n\t\t\t\t\ttitle=\"DSC_0518 (Large)\"\n\t\t\t\t\talt=\"DSC_0518 (Large)\"\n\t\t\t\t\tsrc=\"https:\/\/zskarlaiv.cz\/wp-content\/gallery\/pmodelar2\/thumbs\/thumbs_DSC_0518-Large.JPG\"\n\t\t\t\t\twidth=\"100\"\n\t\t\t\t\theight=\"75\"\n\t\t\t\t\tstyle=\"max-width:100%;\"\n\t\t\t\t\/>\n\t\t\t<\/a>\n\t\t<\/div>\n\t\t\t\t\t\t\t<\/div>\n\t\t\t\n\t\t\n\t\t\t\t<div id=\"ngg-image-3\" class=\"ngg-gallery-thumbnail-box\"\n\t\t\t\t\t\t\t\t\t\t\t>\n\t\t\t\t\t\t<div class=\"ngg-gallery-thumbnail\">\n\t\t\t<a href=\"https:\/\/zskarlaiv.cz\/wp-content\/gallery\/pmodelar2\/DSC_0523-Large.JPG\"\n\t\t\t\ttitle=\" \"\n\t\t\t\tdata-src=\"https:\/\/zskarlaiv.cz\/wp-content\/gallery\/pmodelar2\/DSC_0523-Large.JPG\"\n\t\t\t\tdata-thumbnail=\"https:\/\/zskarlaiv.cz\/wp-content\/gallery\/pmodelar2\/thumbs\/thumbs_DSC_0523-Large.JPG\"\n\t\t\t\tdata-image-id=\"16205\"\n\t\t\t\tdata-title=\"DSC_0523 (Large)\"\n\t\t\t\tdata-description=\" \"\n\t\t\t\tdata-image-slug=\"dsc_0523-large\"\n\t\t\t\tclass=\"shutterset_4a315f39f1d00254522ebc95a8eb4845\">\n\t\t\t\t<img\n\t\t\t\t\ttitle=\"DSC_0523 (Large)\"\n\t\t\t\t\talt=\"DSC_0523 (Large)\"\n\t\t\t\t\tsrc=\"https:\/\/zskarlaiv.cz\/wp-content\/gallery\/pmodelar2\/thumbs\/thumbs_DSC_0523-Large.JPG\"\n\t\t\t\t\twidth=\"100\"\n\t\t\t\t\theight=\"75\"\n\t\t\t\t\tstyle=\"max-width:100%;\"\n\t\t\t\t\/>\n\t\t\t<\/a>\n\t\t<\/div>\n\t\t\t\t\t\t\t<\/div>\n\t\t\t\n\t\t\n\t\t\t\t<div id=\"ngg-image-4\" class=\"ngg-gallery-thumbnail-box\"\n\t\t\t\t\t\t\t\t\t\t\t>\n\t\t\t\t\t\t<div class=\"ngg-gallery-thumbnail\">\n\t\t\t<a href=\"https:\/\/zskarlaiv.cz\/wp-content\/gallery\/pmodelar2\/DSC_0526-Large.JPG\"\n\t\t\t\ttitle=\" \"\n\t\t\t\tdata-src=\"https:\/\/zskarlaiv.cz\/wp-content\/gallery\/pmodelar2\/DSC_0526-Large.JPG\"\n\t\t\t\tdata-thumbnail=\"https:\/\/zskarlaiv.cz\/wp-content\/gallery\/pmodelar2\/thumbs\/thumbs_DSC_0526-Large.JPG\"\n\t\t\t\tdata-image-id=\"16206\"\n\t\t\t\tdata-title=\"DSC_0526 (Large)\"\n\t\t\t\tdata-description=\" \"\n\t\t\t\tdata-image-slug=\"dsc_0526-large\"\n\t\t\t\tclass=\"shutterset_4a315f39f1d00254522ebc95a8eb4845\">\n\t\t\t\t<img\n\t\t\t\t\ttitle=\"DSC_0526 (Large)\"\n\t\t\t\t\talt=\"DSC_0526 (Large)\"\n\t\t\t\t\tsrc=\"https:\/\/zskarlaiv.cz\/wp-content\/gallery\/pmodelar2\/thumbs\/thumbs_DSC_0526-Large.JPG\"\n\t\t\t\t\twidth=\"100\"\n\t\t\t\t\theight=\"75\"\n\t\t\t\t\tstyle=\"max-width:100%;\"\n\t\t\t\t\/>\n\t\t\t<\/a>\n\t\t<\/div>\n\t\t\t\t\t\t\t<\/div>\n\t\t\t\n\t\t\n\t\t\t\t<div id=\"ngg-image-5\" class=\"ngg-gallery-thumbnail-box\"\n\t\t\t\t\t\t\t\t\t\t\t>\n\t\t\t\t\t\t<div class=\"ngg-gallery-thumbnail\">\n\t\t\t<a href=\"https:\/\/zskarlaiv.cz\/wp-content\/gallery\/pmodelar2\/DSC_0522-Large.JPG\"\n\t\t\t\ttitle=\" \"\n\t\t\t\tdata-src=\"https:\/\/zskarlaiv.cz\/wp-content\/gallery\/pmodelar2\/DSC_0522-Large.JPG\"\n\t\t\t\tdata-thumbnail=\"https:\/\/zskarlaiv.cz\/wp-content\/gallery\/pmodelar2\/thumbs\/thumbs_DSC_0522-Large.JPG\"\n\t\t\t\tdata-image-id=\"16207\"\n\t\t\t\tdata-title=\"DSC_0522 (Large)\"\n\t\t\t\tdata-description=\" \"\n\t\t\t\tdata-image-slug=\"dsc_0522-large\"\n\t\t\t\tclass=\"shutterset_4a315f39f1d00254522ebc95a8eb4845\">\n\t\t\t\t<img\n\t\t\t\t\ttitle=\"DSC_0522 (Large)\"\n\t\t\t\t\talt=\"DSC_0522 (Large)\"\n\t\t\t\t\tsrc=\"https:\/\/zskarlaiv.cz\/wp-content\/gallery\/pmodelar2\/thumbs\/thumbs_DSC_0522-Large.JPG\"\n\t\t\t\t\twidth=\"100\"\n\t\t\t\t\theight=\"75\"\n\t\t\t\t\tstyle=\"max-width:100%;\"\n\t\t\t\t\/>\n\t\t\t<\/a>\n\t\t<\/div>\n\t\t\t\t\t\t\t<\/div>\n\t\t\t\n\t\t\n\t\t\t\t<div id=\"ngg-image-6\" class=\"ngg-gallery-thumbnail-box\"\n\t\t\t\t\t\t\t\t\t\t\t>\n\t\t\t\t\t\t<div class=\"ngg-gallery-thumbnail\">\n\t\t\t<a href=\"https:\/\/zskarlaiv.cz\/wp-content\/gallery\/pmodelar2\/DSC_0529-Large.JPG\"\n\t\t\t\ttitle=\" \"\n\t\t\t\tdata-src=\"https:\/\/zskarlaiv.cz\/wp-content\/gallery\/pmodelar2\/DSC_0529-Large.JPG\"\n\t\t\t\tdata-thumbnail=\"https:\/\/zskarlaiv.cz\/wp-content\/gallery\/pmodelar2\/thumbs\/thumbs_DSC_0529-Large.JPG\"\n\t\t\t\tdata-image-id=\"16208\"\n\t\t\t\tdata-title=\"DSC_0529 (Large)\"\n\t\t\t\tdata-description=\" \"\n\t\t\t\tdata-image-slug=\"dsc_0529-large\"\n\t\t\t\tclass=\"shutterset_4a315f39f1d00254522ebc95a8eb4845\">\n\t\t\t\t<img\n\t\t\t\t\ttitle=\"DSC_0529 (Large)\"\n\t\t\t\t\talt=\"DSC_0529 (Large)\"\n\t\t\t\t\tsrc=\"https:\/\/zskarlaiv.cz\/wp-content\/gallery\/pmodelar2\/thumbs\/thumbs_DSC_0529-Large.JPG\"\n\t\t\t\t\twidth=\"100\"\n\t\t\t\t\theight=\"75\"\n\t\t\t\t\tstyle=\"max-width:100%;\"\n\t\t\t\t\/>\n\t\t\t<\/a>\n\t\t<\/div>\n\t\t\t\t\t\t\t<\/div>\n\t\t\t\n\t\t\n\t\t\t\t<div id=\"ngg-image-7\" class=\"ngg-gallery-thumbnail-box\"\n\t\t\t\t\t\t\t\t\t\t\t>\n\t\t\t\t\t\t<div class=\"ngg-gallery-thumbnail\">\n\t\t\t<a href=\"https:\/\/zskarlaiv.cz\/wp-content\/gallery\/pmodelar2\/DSC_0528-Large.JPG\"\n\t\t\t\ttitle=\" \"\n\t\t\t\tdata-src=\"https:\/\/zskarlaiv.cz\/wp-content\/gallery\/pmodelar2\/DSC_0528-Large.JPG\"\n\t\t\t\tdata-thumbnail=\"https:\/\/zskarlaiv.cz\/wp-content\/gallery\/pmodelar2\/thumbs\/thumbs_DSC_0528-Large.JPG\"\n\t\t\t\tdata-image-id=\"16209\"\n\t\t\t\tdata-title=\"DSC_0528 (Large)\"\n\t\t\t\tdata-description=\" \"\n\t\t\t\tdata-image-slug=\"dsc_0528-large\"\n\t\t\t\tclass=\"shutterset_4a315f39f1d00254522ebc95a8eb4845\">\n\t\t\t\t<img\n\t\t\t\t\ttitle=\"DSC_0528 (Large)\"\n\t\t\t\t\talt=\"DSC_0528 (Large)\"\n\t\t\t\t\tsrc=\"https:\/\/zskarlaiv.cz\/wp-content\/gallery\/pmodelar2\/thumbs\/thumbs_DSC_0528-Large.JPG\"\n\t\t\t\t\twidth=\"100\"\n\t\t\t\t\theight=\"75\"\n\t\t\t\t\tstyle=\"max-width:100%;\"\n\t\t\t\t\/>\n\t\t\t<\/a>\n\t\t<\/div>\n\t\t\t\t\t\t\t<\/div>\n\t\t\t\n\t\t\n\t\t\t\t<div id=\"ngg-image-8\" class=\"ngg-gallery-thumbnail-box\"\n\t\t\t\t\t\t\t\t\t\t\t>\n\t\t\t\t\t\t<div class=\"ngg-gallery-thumbnail\">\n\t\t\t<a href=\"https:\/\/zskarlaiv.cz\/wp-content\/gallery\/pmodelar2\/DSC_0521-Large.JPG\"\n\t\t\t\ttitle=\" \"\n\t\t\t\tdata-src=\"https:\/\/zskarlaiv.cz\/wp-content\/gallery\/pmodelar2\/DSC_0521-Large.JPG\"\n\t\t\t\tdata-thumbnail=\"https:\/\/zskarlaiv.cz\/wp-content\/gallery\/pmodelar2\/thumbs\/thumbs_DSC_0521-Large.JPG\"\n\t\t\t\tdata-image-id=\"16210\"\n\t\t\t\tdata-title=\"DSC_0521 (Large)\"\n\t\t\t\tdata-description=\" \"\n\t\t\t\tdata-image-slug=\"dsc_0521-large\"\n\t\t\t\tclass=\"shutterset_4a315f39f1d00254522ebc95a8eb4845\">\n\t\t\t\t<img\n\t\t\t\t\ttitle=\"DSC_0521 (Large)\"\n\t\t\t\t\talt=\"DSC_0521 (Large)\"\n\t\t\t\t\tsrc=\"https:\/\/zskarlaiv.cz\/wp-content\/gallery\/pmodelar2\/thumbs\/thumbs_DSC_0521-Large.JPG\"\n\t\t\t\t\twidth=\"100\"\n\t\t\t\t\theight=\"75\"\n\t\t\t\t\tstyle=\"max-width:100%;\"\n\t\t\t\t\/>\n\t\t\t<\/a>\n\t\t<\/div>\n\t\t\t\t\t\t\t<\/div>\n\t\t\t\n\t\t\n\t\t\t\t<div id=\"ngg-image-9\" class=\"ngg-gallery-thumbnail-box\"\n\t\t\t\t\t\t\t\t\t\t\t>\n\t\t\t\t\t\t<div class=\"ngg-gallery-thumbnail\">\n\t\t\t<a href=\"https:\/\/zskarlaiv.cz\/wp-content\/gallery\/pmodelar2\/DSC_0520-Large.JPG\"\n\t\t\t\ttitle=\" \"\n\t\t\t\tdata-src=\"https:\/\/zskarlaiv.cz\/wp-content\/gallery\/pmodelar2\/DSC_0520-Large.JPG\"\n\t\t\t\tdata-thumbnail=\"https:\/\/zskarlaiv.cz\/wp-content\/gallery\/pmodelar2\/thumbs\/thumbs_DSC_0520-Large.JPG\"\n\t\t\t\tdata-image-id=\"16211\"\n\t\t\t\tdata-title=\"DSC_0520 (Large)\"\n\t\t\t\tdata-description=\" \"\n\t\t\t\tdata-image-slug=\"dsc_0520-large\"\n\t\t\t\tclass=\"shutterset_4a315f39f1d00254522ebc95a8eb4845\">\n\t\t\t\t<img\n\t\t\t\t\ttitle=\"DSC_0520 (Large)\"\n\t\t\t\t\talt=\"DSC_0520 (Large)\"\n\t\t\t\t\tsrc=\"https:\/\/zskarlaiv.cz\/wp-content\/gallery\/pmodelar2\/thumbs\/thumbs_DSC_0520-Large.JPG\"\n\t\t\t\t\twidth=\"100\"\n\t\t\t\t\theight=\"75\"\n\t\t\t\t\tstyle=\"max-width:100%;\"\n\t\t\t\t\/>\n\t\t\t<\/a>\n\t\t<\/div>\n\t\t\t\t\t\t\t<\/div>\n\t\t\t\n\t\t\n\t\t\t\t<div id=\"ngg-image-10\" class=\"ngg-gallery-thumbnail-box\"\n\t\t\t\t\t\t\t\t\t\t\t>\n\t\t\t\t\t\t<div class=\"ngg-gallery-thumbnail\">\n\t\t\t<a href=\"https:\/\/zskarlaiv.cz\/wp-content\/gallery\/pmodelar2\/DSC_0531-Large.JPG\"\n\t\t\t\ttitle=\" \"\n\t\t\t\tdata-src=\"https:\/\/zskarlaiv.cz\/wp-content\/gallery\/pmodelar2\/DSC_0531-Large.JPG\"\n\t\t\t\tdata-thumbnail=\"https:\/\/zskarlaiv.cz\/wp-content\/gallery\/pmodelar2\/thumbs\/thumbs_DSC_0531-Large.JPG\"\n\t\t\t\tdata-image-id=\"16212\"\n\t\t\t\tdata-title=\"DSC_0531 (Large)\"\n\t\t\t\tdata-description=\" \"\n\t\t\t\tdata-image-slug=\"dsc_0531-large\"\n\t\t\t\tclass=\"shutterset_4a315f39f1d00254522ebc95a8eb4845\">\n\t\t\t\t<img\n\t\t\t\t\ttitle=\"DSC_0531 (Large)\"\n\t\t\t\t\talt=\"DSC_0531 (Large)\"\n\t\t\t\t\tsrc=\"https:\/\/zskarlaiv.cz\/wp-content\/gallery\/pmodelar2\/thumbs\/thumbs_DSC_0531-Large.JPG\"\n\t\t\t\t\twidth=\"100\"\n\t\t\t\t\theight=\"75\"\n\t\t\t\t\tstyle=\"max-width:100%;\"\n\t\t\t\t\/>\n\t\t\t<\/a>\n\t\t<\/div>\n\t\t\t\t\t\t\t<\/div>\n\t\t\t\n\t\t\n\t\t\t\t<div id=\"ngg-image-11\" class=\"ngg-gallery-thumbnail-box\"\n\t\t\t\t\t\t\t\t\t\t\t>\n\t\t\t\t\t\t<div class=\"ngg-gallery-thumbnail\">\n\t\t\t<a href=\"https:\/\/zskarlaiv.cz\/wp-content\/gallery\/pmodelar2\/DSC_0532-Large.JPG\"\n\t\t\t\ttitle=\" \"\n\t\t\t\tdata-src=\"https:\/\/zskarlaiv.cz\/wp-content\/gallery\/pmodelar2\/DSC_0532-Large.JPG\"\n\t\t\t\tdata-thumbnail=\"https:\/\/zskarlaiv.cz\/wp-content\/gallery\/pmodelar2\/thumbs\/thumbs_DSC_0532-Large.JPG\"\n\t\t\t\tdata-image-id=\"16213\"\n\t\t\t\tdata-title=\"DSC_0532 (Large)\"\n\t\t\t\tdata-description=\" \"\n\t\t\t\tdata-image-slug=\"dsc_0532-large\"\n\t\t\t\tclass=\"shutterset_4a315f39f1d00254522ebc95a8eb4845\">\n\t\t\t\t<img\n\t\t\t\t\ttitle=\"DSC_0532 (Large)\"\n\t\t\t\t\talt=\"DSC_0532 (Large)\"\n\t\t\t\t\tsrc=\"https:\/\/zskarlaiv.cz\/wp-content\/gallery\/pmodelar2\/thumbs\/thumbs_DSC_0532-Large.JPG\"\n\t\t\t\t\twidth=\"100\"\n\t\t\t\t\theight=\"75\"\n\t\t\t\t\tstyle=\"max-width:100%;\"\n\t\t\t\t\/>\n\t\t\t<\/a>\n\t\t<\/div>\n\t\t\t\t\t\t\t<\/div>\n\t\t\t\n\t\t\n\t\t\t\t<div id=\"ngg-image-12\" class=\"ngg-gallery-thumbnail-box\"\n\t\t\t\t\t\t\t\t\t\t\t>\n\t\t\t\t\t\t<div class=\"ngg-gallery-thumbnail\">\n\t\t\t<a href=\"https:\/\/zskarlaiv.cz\/wp-content\/gallery\/pmodelar2\/DSC_0530-Large.JPG\"\n\t\t\t\ttitle=\" \"\n\t\t\t\tdata-src=\"https:\/\/zskarlaiv.cz\/wp-content\/gallery\/pmodelar2\/DSC_0530-Large.JPG\"\n\t\t\t\tdata-thumbnail=\"https:\/\/zskarlaiv.cz\/wp-content\/gallery\/pmodelar2\/thumbs\/thumbs_DSC_0530-Large.JPG\"\n\t\t\t\tdata-image-id=\"16214\"\n\t\t\t\tdata-title=\"DSC_0530 (Large)\"\n\t\t\t\tdata-description=\" \"\n\t\t\t\tdata-image-slug=\"dsc_0530-large\"\n\t\t\t\tclass=\"shutterset_4a315f39f1d00254522ebc95a8eb4845\">\n\t\t\t\t<img\n\t\t\t\t\ttitle=\"DSC_0530 (Large)\"\n\t\t\t\t\talt=\"DSC_0530 (Large)\"\n\t\t\t\t\tsrc=\"https:\/\/zskarlaiv.cz\/wp-content\/gallery\/pmodelar2\/thumbs\/thumbs_DSC_0530-Large.JPG\"\n\t\t\t\t\twidth=\"100\"\n\t\t\t\t\theight=\"75\"\n\t\t\t\t\tstyle=\"max-width:100%;\"\n\t\t\t\t\/>\n\t\t\t<\/a>\n\t\t<\/div>\n\t\t\t\t\t\t\t<\/div>\n\t\t\t\n\t\t\n\t\t\n\t\t<!-- Pagination -->\n\t\t<div class='ngg-clear'><\/div>\t<\/div>\n<\/p>\n","protected":false},"excerpt":{"rendered":"<p>[Show as slideshow]<\/p>\n","protected":false},"author":1,"featured_media":0,"parent":0,"menu_order":0,"comment_status":"closed","ping_status":"open","template":"","meta":{"ngg_post_thumbnail":0,"footnotes":""},"class_list":["post-5774","page","type-page","status-publish","hentry"],"_links":{"self":[{"href":"https:\/\/zskarlaiv.cz\/index.php?rest_route=\/wp\/v2\/pages\/5774","targetHints":{"allow":["GET"]}}],"collection":[{"href":"https:\/\/zskarlaiv.cz\/index.php?rest_route=\/wp\/v2\/pages"}],"about":[{"href":"https:\/\/zskarlaiv.cz\/index.php?rest_route=\/wp\/v2\/types\/page"}],"author":[{"embeddable":true,"href":"https:\/\/zskarlaiv.cz\/index.php?rest_route=\/wp\/v2\/users\/1"}],"replies":[{"embeddable":true,"href":"https:\/\/zskarlaiv.cz\/index.php?rest_route=%2Fwp%2Fv2%2Fcomments&post=5774"}],"version-history":[{"count":1,"href":"https:\/\/zskarlaiv.cz\/index.php?rest_route=\/wp\/v2\/pages\/5774\/revisions"}],"predecessor-version":[{"id":5776,"href":"https:\/\/zskarlaiv.cz\/index.php?rest_route=\/wp\/v2\/pages\/5774\/revisions\/5776"}],"wp:attachment":[{"href":"https:\/\/zskarlaiv.cz\/index.php?rest_route=%2Fwp%2Fv2%2Fmedia&parent=5774"}],"curies":[{"name":"wp","href":"https:\/\/api.w.org\/{rel}","templated":true}]}}