{"id":5362,"date":"2014-05-29T07:32:18","date_gmt":"2014-05-29T07:32:18","guid":{"rendered":"http:\/\/zskarlaiv.cz\/?page_id=5362"},"modified":"2022-12-02T10:45:19","modified_gmt":"2022-12-02T10:45:19","slug":"vyber-fotek-z-akci","status":"publish","type":"page","link":"https:\/\/zskarlaiv.cz\/?page_id=5362","title":{"rendered":"V\u00fdb\u011br fotek z akc\u00ed"},"content":{"rendered":"<h1>V\u00e1noce<\/h1>\nngg_shortcode_0_placeholder\n","protected":false},"excerpt":{"rendered":"<p>V\u00e1noce<\/p>\n","protected":false},"author":1,"featured_media":0,"parent":0,"menu_order":0,"comment_status":"closed","ping_status":"open","template":"","meta":{"ngg_post_thumbnail":0,"footnotes":""},"class_list":["post-5362","page","type-page","status-publish","hentry"],"_links":{"self":[{"href":"https:\/\/zskarlaiv.cz\/index.php?rest_route=\/wp\/v2\/pages\/5362","targetHints":{"allow":["GET"]}}],"collection":[{"href":"https:\/\/zskarlaiv.cz\/index.php?rest_route=\/wp\/v2\/pages"}],"about":[{"href":"https:\/\/zskarlaiv.cz\/index.php?rest_route=\/wp\/v2\/types\/page"}],"author":[{"embeddable":true,"href":"https:\/\/zskarlaiv.cz\/index.php?rest_route=\/wp\/v2\/users\/1"}],"replies":[{"embeddable":true,"href":"https:\/\/zskarlaiv.cz\/index.php?rest_route=%2Fwp%2Fv2%2Fcomments&post=5362"}],"version-history":[{"count":2,"href":"https:\/\/zskarlaiv.cz\/index.php?rest_route=\/wp\/v2\/pages\/5362\/revisions"}],"predecessor-version":[{"id":27406,"href":"https:\/\/zskarlaiv.cz\/index.php?rest_route=\/wp\/v2\/pages\/5362\/revisions\/27406"}],"wp:attachment":[{"href":"https:\/\/zskarlaiv.cz\/index.php?rest_route=%2Fwp%2Fv2%2Fmedia&parent=5362"}],"curies":[{"name":"wp","href":"https:\/\/api.w.org\/{rel}","templated":true}]}}