{"id":38,"date":"2014-09-09T07:27:01","date_gmt":"2014-09-09T07:27:01","guid":{"rendered":"http:\/\/localhost\/wpress\/?page_id=38"},"modified":"2025-09-24T10:12:42","modified_gmt":"2025-09-24T10:12:42","slug":"zamestnanci","status":"publish","type":"page","link":"https:\/\/zskarlaiv.cz\/?page_id=38","title":{"rendered":"Zam\u011bstnanci"},"content":{"rendered":"<p>&nbsp;<\/p>\n<table dir=\"ltr\" border=\"1\" cellspacing=\"0\" cellpadding=\"0\" data-sheets-root=\"1\" data-sheets-baot=\"1\">\n<colgroup>\n<col width=\"159\">\n<col width=\"100\">\n<col width=\"100\">\n<col width=\"100\">\n<col width=\"100\">\n<col width=\"100\">\n<col width=\"100\">\n<col width=\"100\">\n<col width=\"100\"><\/colgroup>\n<tbody>\n<tr>\n<td colspan=\"9\" rowspan=\"1\"><span style=\"color: #0000ff;\">Zam\u011bstnanci \u0161koly<\/span><\/td>\n<\/tr>\n<tr>\n<td colspan=\"2\" rowspan=\"1\">Veden\u00ed \u0161koly<\/td>\n<td>&nbsp;<\/td>\n<td>&nbsp;<\/td>\n<td>&nbsp;<\/td>\n<td>&nbsp;<\/td>\n<td>&nbsp;<\/td>\n<td>&nbsp;<\/td>\n<td>&nbsp;<\/td>\n<\/tr>\n<tr>\n<td colspan=\"2\" rowspan=\"1\">\u0158editel \u0161koly:<\/td>\n<td>&nbsp;<\/td>\n<td colspan=\"2\" rowspan=\"1\">Mgr. Pavel \u0164upek<\/td>\n<td>&nbsp;<\/td>\n<td>&nbsp;<\/td>\n<td>&nbsp;<\/td>\n<td>&nbsp;<\/td>\n<\/tr>\n<tr>\n<td colspan=\"3\" rowspan=\"1\">Z\u00e1stupkyn\u011b \u0159editele:<\/td>\n<td colspan=\"3\" rowspan=\"1\">Mgr. Michaela Ba\u0161usov\u00e1<\/td>\n<td>&nbsp;<\/td>\n<td>&nbsp;<\/td>\n<td>&nbsp;<\/td>\n<\/tr>\n<tr>\n<td colspan=\"3\" rowspan=\"1\">V\u00fdchovn\u00e1 poradkyn\u011b:<\/td>\n<td colspan=\"2\" rowspan=\"1\">Mgr. V\u011bra Zimov\u00e1<\/td>\n<td>&nbsp;<\/td>\n<td>&nbsp;<\/td>\n<td>&nbsp;<\/td>\n<td>&nbsp;<\/td>\n<\/tr>\n<tr>\n<td>&nbsp;<\/td>\n<td>&nbsp;<\/td>\n<td>&nbsp;<\/td>\n<td>&nbsp;<\/td>\n<td>&nbsp;<\/td>\n<td>&nbsp;<\/td>\n<td>&nbsp;<\/td>\n<td>&nbsp;<\/td>\n<td>&nbsp;<\/td>\n<\/tr>\n<tr>\n<td colspan=\"2\" rowspan=\"1\"><span style=\"color: #0000ff;\">Spr\u00e1va \u0161koly<\/span><\/td>\n<td>&nbsp;<\/td>\n<td>&nbsp;<\/td>\n<td>&nbsp;<\/td>\n<td>&nbsp;<\/td>\n<td>&nbsp;<\/td>\n<td>&nbsp;<\/td>\n<td>&nbsp;<\/td>\n<\/tr>\n<tr>\n<td colspan=\"2\" rowspan=\"1\">Ekonomka:<\/td>\n<td>&nbsp;<\/td>\n<td colspan=\"2\" rowspan=\"1\">Jana Wiesnerov\u00e1<\/td>\n<td>&nbsp;<\/td>\n<td>&nbsp;<\/td>\n<td>&nbsp;<\/td>\n<td>&nbsp;<\/td>\n<\/tr>\n<tr>\n<td colspan=\"2\" rowspan=\"1\">Tajemnice:<\/td>\n<td>&nbsp;<\/td>\n<td colspan=\"3\" rowspan=\"1\">Lea \u0160to\u010dkov\u00e1; Olga Jel\u00ednkov\u00e1<\/td>\n<td>&nbsp;<\/td>\n<td>&nbsp;<\/td>\n<td>&nbsp;<\/td>\n<\/tr>\n<tr>\n<td colspan=\"3\" rowspan=\"1\">Vedouc\u00ed \u0161koln\u00ed j\u00eddelny:<\/td>\n<td colspan=\"2\" rowspan=\"1\">Ji\u0159ina Bedn\u00e1\u0159ov\u00e1<\/td>\n<td>&nbsp;<\/td>\n<td>&nbsp;<\/td>\n<td>&nbsp;<\/td>\n<td>&nbsp;<\/td>\n<\/tr>\n<tr>\n<td>\u0160koln\u00edk<\/td>\n<td>&nbsp;<\/td>\n<td>&nbsp;<\/td>\n<td colspan=\"2\" rowspan=\"1\">Lubom\u00edr Hartl<\/td>\n<td>&nbsp;<\/td>\n<td>&nbsp;<\/td>\n<td>&nbsp;<\/td>\n<td>&nbsp;<\/td>\n<\/tr>\n<tr>\n<td colspan=\"2\" rowspan=\"1\">ICT spr\u00e1vce<\/td>\n<td>&nbsp;<\/td>\n<td colspan=\"2\" rowspan=\"1\">Mgr. Josef Poslu\u0161n\u00fd<\/td>\n<td>&nbsp;<\/td>\n<td>&nbsp;<\/td>\n<td>&nbsp;<\/td>\n<td>&nbsp;<\/td>\n<\/tr>\n<tr>\n<td>&nbsp;<\/td>\n<td>&nbsp;<\/td>\n<td>&nbsp;<\/td>\n<td>&nbsp;<\/td>\n<td>&nbsp;<\/td>\n<td>&nbsp;<\/td>\n<td>&nbsp;<\/td>\n<td>&nbsp;<\/td>\n<td>&nbsp;<\/td>\n<\/tr>\n<tr>\n<td colspan=\"9\" rowspan=\"1\"><span style=\"color: #0000ff;\">Funkce na \u0161kole souvisej\u00edc\u00ed s pedagog. a org. \u010dinnost\u00ed a ochranou zdrav\u00ed p\u0159i pr\u00e1ci<\/span><\/td>\n<\/tr>\n<tr>\n<td colspan=\"2\" rowspan=\"1\">V\u00fdchovn\u00fd poradce:<\/td>\n<td>&nbsp;<\/td>\n<td>&nbsp;<\/td>\n<td colspan=\"4\" rowspan=\"1\">Mgr. Pavla Kuncov\u00e1 \/ Mgr. Petra Sedleck\u00e1<\/td>\n<td>&nbsp;<\/td>\n<\/tr>\n<tr>\n<td colspan=\"2\" rowspan=\"1\">Metodik prevence:<\/td>\n<td>&nbsp;<\/td>\n<td>&nbsp;<\/td>\n<td colspan=\"2\" rowspan=\"1\">Mgr. Petra Sedleck\u00e1<\/td>\n<td>&nbsp;<\/td>\n<td>&nbsp;<\/td>\n<td>&nbsp;<\/td>\n<\/tr>\n<tr>\n<td colspan=\"3\" rowspan=\"1\">Vedouc\u00ed vychovatelka<\/td>\n<td>&nbsp;<\/td>\n<td colspan=\"2\" rowspan=\"1\">Zita \u017dilovcov\u00e1<\/td>\n<td>&nbsp;<\/td>\n<td>&nbsp;<\/td>\n<td>&nbsp;<\/td>\n<\/tr>\n<tr>\n<td colspan=\"4\" rowspan=\"1\"><span style=\"color: #0000ff;\">Poradce pro d\u011bti s poruchami u\u010den\u00ed:<\/span><\/td>\n<td colspan=\"2\" rowspan=\"1\">&nbsp;<\/td>\n<td>&nbsp;<\/td>\n<td>&nbsp;<\/td>\n<td>&nbsp;<\/td>\n<\/tr>\n<tr>\n<td colspan=\"4\" rowspan=\"1\">Koordin\u00e1tor z\u00e1jmov\u00e9 \u010dinnosti (z\u00e1j. kr.)<\/td>\n<td colspan=\"2\" rowspan=\"1\">Mgr. Jir\u00e1tov\u00e1 Pavl\u00edna<\/td>\n<td>&nbsp;<\/td>\n<td>&nbsp;<\/td>\n<td>&nbsp;<\/td>\n<\/tr>\n<tr>\n<td colspan=\"3\" rowspan=\"1\">Kordin\u00e1tor akc\u00ed MaK:<\/td>\n<td>&nbsp;<\/td>\n<td colspan=\"2\" rowspan=\"1\">Bc. Radka Krbcov\u00e1<\/td>\n<td>&nbsp;<\/td>\n<td>&nbsp;<\/td>\n<td>&nbsp;<\/td>\n<\/tr>\n<tr>\n<td colspan=\"2\" rowspan=\"1\">Koordin\u00e1tor EVVO:<\/td>\n<td>&nbsp;<\/td>\n<td>&nbsp;<\/td>\n<td colspan=\"2\" rowspan=\"1\">Mgr. V\u011bra Zimov\u00e1<\/td>\n<td>&nbsp;<\/td>\n<td>&nbsp;<\/td>\n<td>&nbsp;<\/td>\n<\/tr>\n<tr>\n<td colspan=\"2\" rowspan=\"1\">Poradce BOZP:<\/td>\n<td>&nbsp;<\/td>\n<td>&nbsp;<\/td>\n<td colspan=\"3\" rowspan=\"1\">Mgr. Michaela Ba\u0161usov\u00e1<\/td>\n<td>&nbsp;<\/td>\n<td>&nbsp;<\/td>\n<\/tr>\n<tr>\n<td colspan=\"2\" rowspan=\"1\">Zdravotn\u00edk:<\/td>\n<td>&nbsp;<\/td>\n<td>&nbsp;<\/td>\n<td colspan=\"2\" rowspan=\"1\">Mgr. Ivana Oliveriusov\u00e1<\/td>\n<td>&nbsp;<\/td>\n<td>&nbsp;<\/td>\n<td>&nbsp;<\/td>\n<\/tr>\n<tr>\n<td>&nbsp;<\/td>\n<td>&nbsp;<\/td>\n<td>&nbsp;<\/td>\n<td>&nbsp;<\/td>\n<td>&nbsp;<\/td>\n<td>&nbsp;<\/td>\n<td>&nbsp;<\/td>\n<td>&nbsp;<\/td>\n<td>&nbsp;<\/td>\n<\/tr>\n<tr>\n<td colspan=\"3\" rowspan=\"1\"><span style=\"color: #0000ff;\">Vedouc\u00ed metod. org\u00e1n\u016f<\/span><\/td>\n<td colspan=\"2\" rowspan=\"1\"><span style=\"color: #0000ff;\">Spr\u00e1vce kabinetu<\/span><\/td>\n<td>&nbsp;<\/td>\n<td colspan=\"2\" rowspan=\"1\"><span style=\"color: #0000ff;\">Spr\u00e1vce u\u010debny<\/span><\/td>\n<td>&nbsp;<\/td>\n<\/tr>\n<tr>\n<td>&nbsp;<\/td>\n<td>&nbsp;<\/td>\n<td>&nbsp;<\/td>\n<td>&nbsp;<\/td>\n<td>&nbsp;<\/td>\n<td>&nbsp;<\/td>\n<td>&nbsp;<\/td>\n<td>&nbsp;<\/td>\n<td>&nbsp;<\/td>\n<\/tr>\n<tr>\n<td>1.-3. r.<\/td>\n<td colspan=\"2\" rowspan=\"1\">Mgr. Mat\u011bjkov\u00e1 Jitka<\/td>\n<td>\u010cJ<\/td>\n<td colspan=\"2\" rowspan=\"1\">Mgr. Sedleck\u00e1 Petra<\/td>\n<td>Ch<\/td>\n<td colspan=\"2\" rowspan=\"1\">Mgr. Kopuncov\u00e1 Magdal\u00e9na<\/td>\n<\/tr>\n<tr>\n<td>4.-5. r.<\/td>\n<td colspan=\"2\" rowspan=\"1\">Mgr. Loukota Lubom\u00edr<\/td>\n<td>CJ<\/td>\n<td colspan=\"2\" rowspan=\"1\">Bc. K\u00f6rschnerov\u00e1 Michaela<\/td>\n<td>F<\/td>\n<td colspan=\"2\" rowspan=\"1\">Mgr. Oliveriusov\u00e1 Iva<\/td>\n<\/tr>\n<tr>\n<td>Ov, Z, D<\/td>\n<td colspan=\"2\" rowspan=\"1\">Mgr. Sedleck\u00e1 Petra<\/td>\n<td>OV<\/td>\n<td colspan=\"2\" rowspan=\"1\">Mgr. Sedleck\u00e1 Petra<\/td>\n<td>Nj<\/td>\n<td colspan=\"2\" rowspan=\"1\">Mgr. Hole\u0161ovsk\u00e1 Petra<\/td>\n<\/tr>\n<tr>\n<td>M<\/td>\n<td colspan=\"2\" rowspan=\"1\">Mgr. Nedv\u00eddkov\u00e1 Iveta<\/td>\n<td>M<\/td>\n<td colspan=\"2\" rowspan=\"1\">Mgr. Nedv\u00eddkov\u00e1 Iveta<\/td>\n<td>Aj<\/td>\n<td colspan=\"2\" rowspan=\"1\">Bc. K\u00f6rschnerov\u00e1 Michaela<\/td>\n<\/tr>\n<tr>\n<td>P\u0159, CH, F<\/td>\n<td colspan=\"2\" rowspan=\"1\">Mgr. Zimov\u00e1 V\u011bra<\/td>\n<td>Z<\/td>\n<td colspan=\"2\" rowspan=\"1\">Mgr. Peterka Pavel<\/td>\n<td>Vt<\/td>\n<td colspan=\"2\" rowspan=\"1\">Mgr. Poslu\u0161n\u00fd Josef<\/td>\n<\/tr>\n<tr>\n<td>Vv, Hv, TV, Vt, P\u010d<\/td>\n<td colspan=\"2\" rowspan=\"1\">Mgr. Poslu\u0161n\u00fd Josef<\/td>\n<td>Ch<\/td>\n<td colspan=\"2\" rowspan=\"1\">Mgr. Kopuncov\u00e1 Magdal\u00e9na<\/td>\n<td>P\u0159<\/td>\n<td colspan=\"2\" rowspan=\"1\">Mgr. Zimov\u00e1 V\u011bra<\/td>\n<\/tr>\n<tr>\n<td>\u010cj, Cj<\/td>\n<td colspan=\"2\" rowspan=\"1\">Krbcov\u00e1 Radka<\/td>\n<td>F<\/td>\n<td colspan=\"2\" rowspan=\"1\">Mgr. Oliveriusov\u00e1 Iva<\/td>\n<td>Hv<\/td>\n<td colspan=\"2\" rowspan=\"1\">Mgr. Krahul\u00edkov\u00e1 Jana<\/td>\n<\/tr>\n<tr>\n<td>&nbsp;<\/td>\n<td colspan=\"2\" rowspan=\"1\">&nbsp;<\/td>\n<td>P\u0159<\/td>\n<td colspan=\"2\" rowspan=\"1\">Mgr. Zimov\u00e1 V\u011bra<\/td>\n<td>Vv<\/td>\n<td colspan=\"2\" rowspan=\"1\">Mgr. Poslu\u0161n\u00fd Josef<\/td>\n<\/tr>\n<tr>\n<td>&nbsp;<\/td>\n<td colspan=\"2\" rowspan=\"1\">&nbsp;<\/td>\n<td>Vt<\/td>\n<td colspan=\"2\" rowspan=\"1\">Mgr. Poslu\u0161n\u00fd Josef<\/td>\n<td>\u0160D I.<\/td>\n<td colspan=\"2\" rowspan=\"1\">Ji\u0159enov\u00e1 Marcela<\/td>\n<\/tr>\n<tr>\n<td>&nbsp;<\/td>\n<td colspan=\"2\" rowspan=\"1\">&nbsp;<\/td>\n<td>Vv<\/td>\n<td colspan=\"2\" rowspan=\"1\">Mgr. Poslu\u0161n\u00fd Josef<\/td>\n<td>\u0160D II.<\/td>\n<td colspan=\"2\" rowspan=\"1\">\u017dilovcov\u00e1 Zita<\/td>\n<\/tr>\n<tr>\n<td>&nbsp;<\/td>\n<td colspan=\"2\" rowspan=\"1\">&nbsp;<\/td>\n<td>Hv<\/td>\n<td colspan=\"2\" rowspan=\"1\">Mgr. Krahul\u00edkov\u00e1 Jana<\/td>\n<td>&nbsp;<\/td>\n<td>&nbsp;<\/td>\n<td>&nbsp;<\/td>\n<\/tr>\n<tr>\n<td>&nbsp;<\/td>\n<td>&nbsp;<\/td>\n<td>&nbsp;<\/td>\n<td>Tv<\/td>\n<td colspan=\"2\" rowspan=\"1\">Mgr.Oliveriusov\u00e1 Iva<\/td>\n<td colspan=\"2\" rowspan=\"1\">Spr\u00e1vce sborovny<\/td>\n<td>&nbsp;<\/td>\n<\/tr>\n<tr>\n<td>&nbsp;<\/td>\n<td>&nbsp;<\/td>\n<td>&nbsp;<\/td>\n<td>Knihovna<\/td>\n<td colspan=\"2\" rowspan=\"1\">Mgr. Srnkov\u00e1 Dana<\/td>\n<td>Krbcov\u00e1 Radka<\/td>\n<td>&nbsp;<\/td>\n<td>&nbsp;<\/td>\n<\/tr>\n<tr>\n<td>&nbsp;<\/td>\n<td>&nbsp;<\/td>\n<td>&nbsp;<\/td>\n<td>D\u00edlny<\/td>\n<td colspan=\"2\" rowspan=\"1\">Mgr. Peterka Pavel<\/td>\n<td>&nbsp;<\/td>\n<td>&nbsp;<\/td>\n<td>&nbsp;<\/td>\n<\/tr>\n<tr>\n<td>&nbsp;<\/td>\n<td>&nbsp;<\/td>\n<td>&nbsp;<\/td>\n<td>Pozemky<\/td>\n<td colspan=\"2\" rowspan=\"1\">Mgr. Peterka Pavel<\/td>\n<td>&nbsp;<\/td>\n<td>&nbsp;<\/td>\n<td>&nbsp;<\/td>\n<\/tr>\n<tr>\n<td>&nbsp;<\/td>\n<td>&nbsp;<\/td>\n<td>&nbsp;<\/td>\n<td>Cvi\u010d. K.<\/td>\n<td colspan=\"2\" rowspan=\"1\">Mgr. Kopuncov\u00e1 Magdal\u00e9na<\/td>\n<td>&nbsp;<\/td>\n<td>&nbsp;<\/td>\n<td>&nbsp;<\/td>\n<\/tr>\n<tr>\n<td>&nbsp;<\/td>\n<td>&nbsp;<\/td>\n<td>&nbsp;<\/td>\n<td>1.st.<\/td>\n<td colspan=\"2\" rowspan=\"1\">Mgr. Mat\u011bjkov\u00e1 Jitka<\/td>\n<td>&nbsp;<\/td>\n<td>&nbsp;<\/td>\n<td>&nbsp;<\/td>\n<\/tr>\n<tr>\n<td><span style=\"color: #0000ff;\">Uv\u00e1d\u011bj\u00edc\u00ed u\u010ditel<\/span><\/td>\n<td>&nbsp;<\/td>\n<td>&nbsp;<\/td>\n<td>&nbsp;<\/td>\n<td>&nbsp;<\/td>\n<td>&nbsp;<\/td>\n<td>&nbsp;<\/td>\n<td>&nbsp;<\/td>\n<td>&nbsp;<\/td>\n<\/tr>\n<tr>\n<td>Bc. Krbcov\u00e1 Radka<\/td>\n<td>\n<div>\n<div>Mgr. Krahul\u00edkov\u00e1 Jana<\/div>\n<\/div>\n<\/td>\n<td>&nbsp;<\/td>\n<td>&nbsp;<\/td>\n<td>&nbsp;<\/td>\n<td>&nbsp;<\/td>\n<td>&nbsp;<\/td>\n<td>&nbsp;<\/td>\n<td>&nbsp;<\/td>\n<\/tr>\n<tr>\n<td>Mgr. Oliveriusov\u00e1 Ivana<\/td>\n<td>Mgr. Mast\u00edk Jakub<\/td>\n<td>&nbsp;<\/td>\n<td>&nbsp;<\/td>\n<td>&nbsp;<\/td>\n<td>&nbsp;<\/td>\n<td>&nbsp;<\/td>\n<td>&nbsp;<\/td>\n<td>&nbsp;<\/td>\n<\/tr>\n<tr>\n<td>Mgr. Jir\u00e1tov\u00e1 Pavl\u00edna<\/td>\n<td>\n<div>\n<div>Mgr. Chudobov\u00e1 Gabriela<\/div>\n<\/div>\n<\/td>\n<td>&nbsp;<\/td>\n<td>&nbsp;<\/td>\n<td>&nbsp;<\/td>\n<td>&nbsp;<\/td>\n<td>&nbsp;<\/td>\n<td>&nbsp;<\/td>\n<td>&nbsp;<\/td>\n<\/tr>\n<tr>\n<td>Mgr. Hole\u0161ovsk\u00e1 Petra<\/td>\n<td>Mgr. Hrstkov\u00e1 Hana<\/td>\n<td>&nbsp;<\/td>\n<td>&nbsp;<\/td>\n<td>&nbsp;<\/td>\n<td>&nbsp;<\/td>\n<td>&nbsp;<\/td>\n<td>&nbsp;<\/td>\n<td>&nbsp;<\/td>\n<\/tr>\n<tr>\n<td>&nbsp;<\/td>\n<td>&nbsp;<\/td>\n<td>&nbsp;<\/td>\n<td>&nbsp;<\/td>\n<td>&nbsp;<\/td>\n<td>&nbsp;<\/td>\n<td>&nbsp;<\/td>\n<td>&nbsp;<\/td>\n<td>&nbsp;<\/td>\n<\/tr>\n<tr>\n<td colspan=\"2\" rowspan=\"1\"><span style=\"color: #0000ff;\">T\u0159\u00eddn\u00ed u\u010ditel\u00e9<\/span><\/td>\n<td>&nbsp;<\/td>\n<td>&nbsp;<\/td>\n<td colspan=\"2\" rowspan=\"1\"><span style=\"color: #0000ff;\">Net\u0159\u00eddn\u00ed u\u010ditel\u00e9<\/span><\/td>\n<td>&nbsp;<\/td>\n<td>&nbsp;<\/td>\n<td>&nbsp;<\/td>\n<\/tr>\n<tr>\n<td>I. A<\/td>\n<td colspan=\"2\" rowspan=\"1\">Mgr. Kuncov\u00e1 Pavla<\/td>\n<td>&nbsp;<\/td>\n<td colspan=\"3\" rowspan=\"1\">Mgr. Ba\u0161usov\u00e1 Michaela<\/td>\n<td>&nbsp;<\/td>\n<td>&nbsp;<\/td>\n<\/tr>\n<tr>\n<td>I. B<\/td>\n<td colspan=\"2\" rowspan=\"1\">Mgr. Kocverov\u00e1 Petra<\/td>\n<td>&nbsp;<\/td>\n<td colspan=\"2\" rowspan=\"1\">Mgr. \u0164upek Pavel<\/td>\n<td>&nbsp;<\/td>\n<td>&nbsp;<\/td>\n<td>&nbsp;<\/td>\n<\/tr>\n<tr>\n<td>II. A<\/td>\n<td colspan=\"2\" rowspan=\"1\">Mgr. Zeman Gabriela<\/td>\n<td>&nbsp;<\/td>\n<td colspan=\"2\" rowspan=\"1\">Mgr. Zimov\u00e1 V\u011bra<\/td>\n<td>&nbsp;<\/td>\n<td>&nbsp;<\/td>\n<td>&nbsp;<\/td>\n<\/tr>\n<tr>\n<td>II. B<\/td>\n<td colspan=\"2\" rowspan=\"1\">Mgr. Ma\u0161kov\u00e1 Lenka<\/td>\n<td>&nbsp;<\/td>\n<td colspan=\"2\" rowspan=\"1\">Mgr. Mast\u00edk Jakub<\/td>\n<td>&nbsp;<\/td>\n<td>&nbsp;<\/td>\n<td>&nbsp;<\/td>\n<\/tr>\n<tr>\n<td>III. A<\/td>\n<td colspan=\"2\" rowspan=\"1\">Mgr. Mat\u011bjkov\u00e1 Jitka<\/td>\n<td>&nbsp;<\/td>\n<td colspan=\"2\" rowspan=\"1\">Mgr. Krahul\u00edkov\u00e1 Jana<\/td>\n<td>&nbsp;<\/td>\n<td>&nbsp;<\/td>\n<td>&nbsp;<\/td>\n<\/tr>\n<tr>\n<td>III. B<\/td>\n<td colspan=\"2\" rowspan=\"1\">Mgr. Dana Srnkov\u00e1<\/td>\n<td>&nbsp;<\/td>\n<td colspan=\"2\" rowspan=\"1\">Mgr. Hole\u0161ovsk\u00e1 Petra<\/td>\n<td>&nbsp;<\/td>\n<td>&nbsp;<\/td>\n<td>&nbsp;<\/td>\n<\/tr>\n<tr>\n<td>IV. A<\/td>\n<td colspan=\"2\" rowspan=\"1\">Mgr. Jir\u00e1tov\u00e1 Pavl\u00edna<\/td>\n<td>&nbsp;<\/td>\n<td colspan=\"3\" rowspan=\"1\">&nbsp;<\/td>\n<td>&nbsp;<\/td>\n<td>&nbsp;<\/td>\n<\/tr>\n<tr>\n<td>IV. B<\/td>\n<td colspan=\"2\" rowspan=\"1\">Mgr. Chudobov\u00e1 Gabriela<\/td>\n<td>&nbsp;<\/td>\n<td colspan=\"2\" rowspan=\"1\">&nbsp;<\/td>\n<td>&nbsp;<\/td>\n<td>&nbsp;<\/td>\n<td>&nbsp;<\/td>\n<\/tr>\n<tr>\n<td>V. A<\/td>\n<td colspan=\"3\" rowspan=\"1\">Mgr. Josef Poslu\u0161n\u00fd<\/td>\n<td colspan=\"2\" rowspan=\"1\">Asistenti pedagoga<\/td>\n<td>&nbsp;<\/td>\n<td>&nbsp;<\/td>\n<td>&nbsp;<\/td>\n<\/tr>\n<tr>\n<td>V. B<\/td>\n<td colspan=\"2\" rowspan=\"1\">Mgr. Loukota Lubom\u00edr<\/td>\n<td>&nbsp;<\/td>\n<td colspan=\"2\" rowspan=\"1\">Mgr. Bro\u017ekov\u00e1 Ivana<\/td>\n<td>&nbsp;<\/td>\n<td>&nbsp;<\/td>\n<td>&nbsp;<\/td>\n<\/tr>\n<tr>\n<td>VI. A<\/td>\n<td colspan=\"3\" rowspan=\"1\">Mgr. Oliveriusov\u00e1 Ivana<\/td>\n<td colspan=\"2\" rowspan=\"1\">Kerlov\u00e1 Jana<\/td>\n<td>&nbsp;<\/td>\n<td>&nbsp;<\/td>\n<td>&nbsp;<\/td>\n<\/tr>\n<tr>\n<td>VI. B<\/td>\n<td colspan=\"2\" rowspan=\"1\">xxx<\/td>\n<td>&nbsp;<\/td>\n<td colspan=\"2\" rowspan=\"1\">&nbsp;<\/td>\n<td>&nbsp;<\/td>\n<td>&nbsp;<\/td>\n<td>&nbsp;<\/td>\n<\/tr>\n<tr>\n<td>VII. A<\/td>\n<td colspan=\"2\" rowspan=\"1\">Mgr. Sedleck\u00e1 Petra<\/td>\n<td>&nbsp;<\/td>\n<td colspan=\"2\" rowspan=\"1\">Stejskalov\u00e1 Kate\u0159ina<\/td>\n<td>&nbsp;<\/td>\n<td>&nbsp;<\/td>\n<td>&nbsp;<\/td>\n<\/tr>\n<tr>\n<td>VII. B<\/td>\n<td colspan=\"2\" rowspan=\"1\">Mgr. Kopuncov\u00e1 Magdal\u00e9na<\/td>\n<td>&nbsp;<\/td>\n<td colspan=\"2\" rowspan=\"1\">Tom\u00e1\u0161ov\u00e1 Ji\u0159ina<\/td>\n<td>&nbsp;<\/td>\n<td>&nbsp;<\/td>\n<td>&nbsp;<\/td>\n<\/tr>\n<tr>\n<td>VIII. A<\/td>\n<td colspan=\"3\" rowspan=\"1\">Mgr. K\u00f6rschnerov\u00e1 Michaela<\/td>\n<td colspan=\"2\" rowspan=\"1\">Zahradn\u00edkov\u00e1 Hana<\/td>\n<td>&nbsp;<\/td>\n<td>&nbsp;<\/td>\n<td>&nbsp;<\/td>\n<\/tr>\n<tr>\n<td>VIII. B<\/td>\n<td colspan=\"2\" rowspan=\"1\">Mgr. Nedv\u00eddkov\u00e1 Iveta<\/td>\n<td>&nbsp;<\/td>\n<td>&nbsp;<\/td>\n<td>&nbsp;<\/td>\n<td>&nbsp;<\/td>\n<td>&nbsp;<\/td>\n<td>&nbsp;<\/td>\n<\/tr>\n<tr>\n<td>IX. A<\/td>\n<td colspan=\"2\" rowspan=\"1\">Bc. Krbcov\u00e1 Radka<\/td>\n<td>&nbsp;<\/td>\n<td>&nbsp;<\/td>\n<td>&nbsp;<\/td>\n<td>&nbsp;<\/td>\n<td>&nbsp;<\/td>\n<td>&nbsp;<\/td>\n<\/tr>\n<tr>\n<td>IX. B<\/td>\n<td>xxx<\/td>\n<td>&nbsp;<\/td>\n<td>&nbsp;<\/td>\n<td>&nbsp;<\/td>\n<td>&nbsp;<\/td>\n<td>&nbsp;<\/td>\n<td>&nbsp;<\/td>\n<td>&nbsp;<\/td>\n<\/tr>\n<tr>\n<td><span style=\"color: #0000ff;\">Ro\u010dn\u00edkov\u00ed vedouc\u00ed:<\/span><\/td>\n<td>&nbsp;<\/td>\n<td>&nbsp;<\/td>\n<td>&nbsp;<\/td>\n<td colspan=\"2\" rowspan=\"1\">&nbsp;<\/td>\n<td>&nbsp;<\/td>\n<td>&nbsp;<\/td>\n<td>&nbsp;<\/td>\n<\/tr>\n<tr>\n<td>&nbsp;<\/td>\n<td>&nbsp;<\/td>\n<td>&nbsp;<\/td>\n<td>&nbsp;<\/td>\n<td colspan=\"2\" rowspan=\"1\">&nbsp;<\/td>\n<td>&nbsp;<\/td>\n<td>&nbsp;<\/td>\n<td>&nbsp;<\/td>\n<\/tr>\n<tr>\n<td>1. r. Kuncov\u00e1 Pavla<\/td>\n<td>&nbsp;<\/td>\n<td>\n<div>\n<div>4. r. Jir\u00e1tov\u00e1 Pavl\u00edna<\/div>\n<\/div>\n<\/td>\n<td>&nbsp;<\/td>\n<td>\n<div>\n<div>7. r. Kopuncov\u00e1 Magdal\u00e9na<\/div>\n<\/div>\n<\/td>\n<td>&nbsp;<\/td>\n<td>&nbsp;<\/td>\n<td>&nbsp;<\/td>\n<td>&nbsp;<\/td>\n<\/tr>\n<tr>\n<td>2. r. Ma\u0161kov\u00e1 Lenka<\/td>\n<td>&nbsp;<\/td>\n<td>\n<div>\n<div>5. r. Loukota Lubo\u0161<\/div>\n<\/div>\n<\/td>\n<td>&nbsp;<\/td>\n<td>\n<div>\n<div>8. r. Nedv\u00eddkov\u00e1 Iveta<\/div>\n<\/div>\n<\/td>\n<td>&nbsp;<\/td>\n<td>&nbsp;<\/td>\n<td>&nbsp;<\/td>\n<td>&nbsp;<\/td>\n<\/tr>\n<tr>\n<td>3. r. Mat\u011bjkov\u00e1 Jitka<\/td>\n<td>&nbsp;<\/td>\n<td>\n<div>\n<div>6. r. Oliveriusov\u00e1 Ivana<\/div>\n<\/div>\n<\/td>\n<td>&nbsp;<\/td>\n<td>\n<div>\n<div>9. r. Krbcov\u00e1 Radka<\/div>\n<\/div>\n<\/td>\n<td>&nbsp;<\/td>\n<td>&nbsp;<\/td>\n<td>&nbsp;<\/td>\n<td>&nbsp;<\/td>\n<\/tr>\n<tr>\n<td>&nbsp;<\/td>\n<td>&nbsp;<\/td>\n<td>&nbsp;<\/td>\n<td>&nbsp;<\/td>\n<td>&nbsp;<\/td>\n<td>&nbsp;<\/td>\n<td>&nbsp;<\/td>\n<td>&nbsp;<\/td>\n<td>&nbsp;<\/td>\n<\/tr>\n<tr>\n<td><span style=\"color: #0000ff;\">Inventariza\u010dn\u00ed komise<\/span><\/td>\n<td>&nbsp;<\/td>\n<td>&nbsp;<\/td>\n<td>&nbsp;<\/td>\n<td>&nbsp;<\/td>\n<td>&nbsp;<\/td>\n<td>&nbsp;<\/td>\n<td>&nbsp;<\/td>\n<td>&nbsp;<\/td>\n<\/tr>\n<tr>\n<td>\n<div>\n<div>Ba\u0161usov\u00e1 Michaela, Loukota Lubom\u00edr, \u017dilovcov\u00e1 Zita, Poslu\u0161n\u00fd Josef<\/div>\n<\/div>\n<\/td>\n<td>&nbsp;<\/td>\n<td>&nbsp;<\/td>\n<td>&nbsp;<\/td>\n<td>&nbsp;<\/td>\n<td>&nbsp;<\/td>\n<td>&nbsp;<\/td>\n<td>&nbsp;<\/td>\n<td>&nbsp;<\/td>\n<\/tr>\n<tr>\n<td><span style=\"color: #0000ff;\">Likvida\u010dn\u00ed komise<\/span><\/td>\n<td>&nbsp;<\/td>\n<td>&nbsp;<\/td>\n<td>&nbsp;<\/td>\n<td>&nbsp;<\/td>\n<td>&nbsp;<\/td>\n<td>&nbsp;<\/td>\n<td>&nbsp;<\/td>\n<td>&nbsp;<\/td>\n<\/tr>\n<tr>\n<td>\n<div>\n<div>Peterka Pavel, Kopuncov\u00e1 Magdal\u00e9na, Hartl Lubom\u00edr<\/div>\n<\/div>\n<\/td>\n<td>&nbsp;<\/td>\n<td>&nbsp;<\/td>\n<td>&nbsp;<\/td>\n<td>&nbsp;<\/td>\n<td>&nbsp;<\/td>\n<td>&nbsp;<\/td>\n<td>&nbsp;<\/td>\n<td>&nbsp;<\/td>\n<\/tr>\n<\/tbody>\n<\/table>\n","protected":false},"excerpt":{"rendered":"<p>&nbsp; Zam\u011bstnanci \u0161koly Veden\u00ed \u0161koly &nbsp; &nbsp; &nbsp; &nbsp; &nbsp; &nbsp; &nbsp; \u0158editel \u0161koly: &nbsp; Mgr. Pavel \u0164upek &nbsp; &nbsp; &nbsp; &nbsp; Z\u00e1stupkyn\u011b \u0159editele: Mgr. Michaela Ba\u0161usov\u00e1 &nbsp; &nbsp; &nbsp; V\u00fdchovn\u00e1 poradkyn\u011b: Mgr. V\u011bra Zimov\u00e1 &nbsp; &nbsp; &nbsp; &nbsp; &nbsp; &nbsp; &nbsp; &nbsp; &nbsp; &nbsp; &nbsp; &nbsp; &nbsp; Spr\u00e1va \u0161koly &nbsp; &nbsp; &nbsp; &nbsp; &nbsp; <a class=\"read-more\" href=\"https:\/\/zskarlaiv.cz\/?page_id=38\">\u010c\u00edst d\u00e1le&#8230;<\/a><\/p>\n","protected":false},"author":1,"featured_media":0,"parent":0,"menu_order":10,"comment_status":"open","ping_status":"open","template":"","meta":{"ngg_post_thumbnail":0,"footnotes":""},"class_list":["post-38","page","type-page","status-publish","hentry"],"_links":{"self":[{"href":"https:\/\/zskarlaiv.cz\/index.php?rest_route=\/wp\/v2\/pages\/38","targetHints":{"allow":["GET"]}}],"collection":[{"href":"https:\/\/zskarlaiv.cz\/index.php?rest_route=\/wp\/v2\/pages"}],"about":[{"href":"https:\/\/zskarlaiv.cz\/index.php?rest_route=\/wp\/v2\/types\/page"}],"author":[{"embeddable":true,"href":"https:\/\/zskarlaiv.cz\/index.php?rest_route=\/wp\/v2\/users\/1"}],"replies":[{"embeddable":true,"href":"https:\/\/zskarlaiv.cz\/index.php?rest_route=%2Fwp%2Fv2%2Fcomments&post=38"}],"version-history":[{"count":81,"href":"https:\/\/zskarlaiv.cz\/index.php?rest_route=\/wp\/v2\/pages\/38\/revisions"}],"predecessor-version":[{"id":38636,"href":"https:\/\/zskarlaiv.cz\/index.php?rest_route=\/wp\/v2\/pages\/38\/revisions\/38636"}],"wp:attachment":[{"href":"https:\/\/zskarlaiv.cz\/index.php?rest_route=%2Fwp%2Fv2%2Fmedia&parent=38"}],"curies":[{"name":"wp","href":"https:\/\/api.w.org\/{rel}","templated":true}]}}