{"id":2755,"date":"2014-03-18T09:29:33","date_gmt":"2014-03-18T09:29:33","guid":{"rendered":"http:\/\/zskarlaiv.cz\/?page_id=2755"},"modified":"2014-03-18T09:29:33","modified_gmt":"2014-03-18T09:29:33","slug":"mala-kopana-ml-zaci-2010","status":"publish","type":"page","link":"https:\/\/zskarlaiv.cz\/?page_id=2755","title":{"rendered":"Mal\u00e1 kopan\u00e1 ml. \u017e\u00e1ci 2010"},"content":{"rendered":"ngg_shortcode_0_placeholder\n","protected":false},"excerpt":{"rendered":"","protected":false},"author":1,"featured_media":0,"parent":0,"menu_order":0,"comment_status":"closed","ping_status":"open","template":"","meta":{"ngg_post_thumbnail":0,"footnotes":""},"class_list":["post-2755","page","type-page","status-publish","hentry"],"_links":{"self":[{"href":"https:\/\/zskarlaiv.cz\/index.php?rest_route=\/wp\/v2\/pages\/2755","targetHints":{"allow":["GET"]}}],"collection":[{"href":"https:\/\/zskarlaiv.cz\/index.php?rest_route=\/wp\/v2\/pages"}],"about":[{"href":"https:\/\/zskarlaiv.cz\/index.php?rest_route=\/wp\/v2\/types\/page"}],"author":[{"embeddable":true,"href":"https:\/\/zskarlaiv.cz\/index.php?rest_route=\/wp\/v2\/users\/1"}],"replies":[{"embeddable":true,"href":"https:\/\/zskarlaiv.cz\/index.php?rest_route=%2Fwp%2Fv2%2Fcomments&post=2755"}],"version-history":[{"count":1,"href":"https:\/\/zskarlaiv.cz\/index.php?rest_route=\/wp\/v2\/pages\/2755\/revisions"}],"predecessor-version":[{"id":2756,"href":"https:\/\/zskarlaiv.cz\/index.php?rest_route=\/wp\/v2\/pages\/2755\/revisions\/2756"}],"wp:attachment":[{"href":"https:\/\/zskarlaiv.cz\/index.php?rest_route=%2Fwp%2Fv2%2Fmedia&parent=2755"}],"curies":[{"name":"wp","href":"https:\/\/api.w.org\/{rel}","templated":true}]}}