{"id":2671,"date":"2014-03-14T10:52:03","date_gmt":"2014-03-14T10:52:03","guid":{"rendered":"http:\/\/zskarlaiv.cz\/?page_id=2671"},"modified":"2014-03-14T10:52:03","modified_gmt":"2014-03-14T10:52:03","slug":"veletrh-vzdelavani","status":"publish","type":"page","link":"https:\/\/zskarlaiv.cz\/?page_id=2671","title":{"rendered":"Veletrh vzd\u011bl\u00e1v\u00e1n\u00ed"},"content":{"rendered":"ngg_shortcode_0_placeholder\n","protected":false},"excerpt":{"rendered":"","protected":false},"author":1,"featured_media":0,"parent":0,"menu_order":0,"comment_status":"closed","ping_status":"open","template":"","meta":{"ngg_post_thumbnail":0,"footnotes":""},"class_list":["post-2671","page","type-page","status-publish","hentry"],"_links":{"self":[{"href":"https:\/\/zskarlaiv.cz\/index.php?rest_route=\/wp\/v2\/pages\/2671","targetHints":{"allow":["GET"]}}],"collection":[{"href":"https:\/\/zskarlaiv.cz\/index.php?rest_route=\/wp\/v2\/pages"}],"about":[{"href":"https:\/\/zskarlaiv.cz\/index.php?rest_route=\/wp\/v2\/types\/page"}],"author":[{"embeddable":true,"href":"https:\/\/zskarlaiv.cz\/index.php?rest_route=\/wp\/v2\/users\/1"}],"replies":[{"embeddable":true,"href":"https:\/\/zskarlaiv.cz\/index.php?rest_route=%2Fwp%2Fv2%2Fcomments&post=2671"}],"version-history":[{"count":1,"href":"https:\/\/zskarlaiv.cz\/index.php?rest_route=\/wp\/v2\/pages\/2671\/revisions"}],"predecessor-version":[{"id":2672,"href":"https:\/\/zskarlaiv.cz\/index.php?rest_route=\/wp\/v2\/pages\/2671\/revisions\/2672"}],"wp:attachment":[{"href":"https:\/\/zskarlaiv.cz\/index.php?rest_route=%2Fwp%2Fv2%2Fmedia&parent=2671"}],"curies":[{"name":"wp","href":"https:\/\/api.w.org\/{rel}","templated":true}]}}