{"id":2647,"date":"2014-03-14T10:42:11","date_gmt":"2014-03-14T10:42:11","guid":{"rendered":"http:\/\/zskarlaiv.cz\/?page_id=2647"},"modified":"2014-03-14T10:42:11","modified_gmt":"2014-03-14T10:42:11","slug":"dobyvani-ii-stupne-2011","status":"publish","type":"page","link":"https:\/\/zskarlaiv.cz\/?page_id=2647","title":{"rendered":"Dob\u00fdv\u00e1n\u00ed II. stupn\u011b 2011"},"content":{"rendered":"ngg_shortcode_0_placeholder\n","protected":false},"excerpt":{"rendered":"","protected":false},"author":1,"featured_media":0,"parent":0,"menu_order":0,"comment_status":"closed","ping_status":"open","template":"","meta":{"ngg_post_thumbnail":0,"footnotes":""},"class_list":["post-2647","page","type-page","status-publish","hentry"],"_links":{"self":[{"href":"https:\/\/zskarlaiv.cz\/index.php?rest_route=\/wp\/v2\/pages\/2647","targetHints":{"allow":["GET"]}}],"collection":[{"href":"https:\/\/zskarlaiv.cz\/index.php?rest_route=\/wp\/v2\/pages"}],"about":[{"href":"https:\/\/zskarlaiv.cz\/index.php?rest_route=\/wp\/v2\/types\/page"}],"author":[{"embeddable":true,"href":"https:\/\/zskarlaiv.cz\/index.php?rest_route=\/wp\/v2\/users\/1"}],"replies":[{"embeddable":true,"href":"https:\/\/zskarlaiv.cz\/index.php?rest_route=%2Fwp%2Fv2%2Fcomments&post=2647"}],"version-history":[{"count":1,"href":"https:\/\/zskarlaiv.cz\/index.php?rest_route=\/wp\/v2\/pages\/2647\/revisions"}],"predecessor-version":[{"id":2648,"href":"https:\/\/zskarlaiv.cz\/index.php?rest_route=\/wp\/v2\/pages\/2647\/revisions\/2648"}],"wp:attachment":[{"href":"https:\/\/zskarlaiv.cz\/index.php?rest_route=%2Fwp%2Fv2%2Fmedia&parent=2647"}],"curies":[{"name":"wp","href":"https:\/\/api.w.org\/{rel}","templated":true}]}}