{"id":25998,"date":"2022-01-26T19:57:52","date_gmt":"2022-01-26T19:57:52","guid":{"rendered":"http:\/\/zskarlaiv.cz\/?page_id=25998"},"modified":"2022-01-26T20:05:21","modified_gmt":"2022-01-26T20:05:21","slug":"prihlaseni-rodice","status":"publish","type":"page","link":"https:\/\/zskarlaiv.cz\/?page_id=25998","title":{"rendered":"P\u0159ihl\u00e1\u0161en\u00ed rodi\u010de"},"content":{"rendered":"<div><b><span style=\"font-size: x-large;\"><span style=\"color: #4f81bd; font-size: large;\">P\u0159ihl\u00e1\u0161en\u00ed \u017e\u00e1k\u016f a rodi\u010d\u016f do aplikace E-\u017e\u00e1kovsk\u00e1<\/span><\/span><\/b><\/div>\n<div>Pokud jste se ji\u017e zaregistrovali, m\u016f\u017eete se p\u0159ihl\u00e1sit do aplikace \u017d\u00e1kovsk\u00e1. Do Va\u0161eho webov\u00e9ho prohl\u00ed\u017ee\u010de zadejte URL adresu <a href=\"https:\/\/www.skolaonline.cz\/Aktuality.aspx\">https:\/\/www.skolaonline.cz\/Aktuality.aspx<\/a>, nebo vyu\u017eijte proklik na str\u00e1nk\u00e1ch \u0161koly v informa\u010dn\u00edm panelu.&nbsp; Vpravo naho\u0159e v sekci <b>P\u0159ihl\u00e1\u0161en\u00ed do \u0160koly OnLine<\/b>&nbsp;zadejte Va\u0161e u\u017eivatelsk\u00e9 jm\u00e9no a&nbsp;heslo a&nbsp;stiskn\u011bte tla\u010d\u00edtko P\u0159ihl\u00e1sit. Otev\u0159e se aplikace \u017d\u00e1kovsk\u00e1.<\/div>\n<div>&nbsp;<\/div>\n<div>Pod odkazem&nbsp;<a class=\"nw\" href=\"https:\/\/aplikace.skolaonline.cz\/dokumentace\/KS\/verejnost\/\" target=\"_blank\" rel=\"noopener noreferrer\">https:\/\/aplikace.skolaonline.cz\/dokumentace\/KS\/zve\u0159ejnost\/<\/a>&nbsp;naleznete u\u017eivatelskou p\u0159\u00edru\u010dku, kter\u00e1 V\u00e1m usnadn\u00ed pr\u00e1ci s&nbsp;aplikac\u00ed \u017d\u00e1kovsk\u00e1 a&nbsp;p\u0159edstav\u00ed v\u0161echny jej\u00ed v\u00fdhody a&nbsp;vyu\u017eit\u00ed.<\/div>\n<div>Z\u00e1konn\u00ed z\u00e1stupci sourozenc\u016f na na\u0161\u00ed \u0161kole, kter\u00fdm se nezobraz\u00ed v\u0161echny jejich d\u011bti p\u0159i prvn\u00edm p\u0159ihl\u00e1\u0161en\u00ed do syst\u00e9mu \u0160koly On Line, a\u0165 kontaktuj\u00ed administr\u00e1tory:<\/div>\n<div><strong>Poslusny.J@zskarlaiv.cz<\/strong><\/div>\n<div><strong>Basusova.M@zskarlaiv.cz<\/strong><\/div>\n<div>&nbsp;<\/div>\n<div>&nbsp;<\/div>\n<div>\n<div><b>Jak z\u00edskat nov\u00e9 heslo?<\/b><\/div>\n<div>Pokud jste zadali p\u0159i registraci sv\u016fj email, byl zad\u00e1n do syst\u00e9mu \u0160koly OnLine. Syst\u00e9m V\u00e1m po zad\u00e1n\u00ed chybn\u00e9ho hesla umo\u017en\u00ed zaslat heslo nov\u00e9, po kliknut\u00ed na <i>Zapomn\u011bl(a) jsem sv\u00e9 heslo a&nbsp;chci nastavit nov\u00e9<\/i>. To si pak lze zm\u011bnit v&nbsp;syst\u00e9mu v&nbsp;menu Administrace.<\/div>\n<\/div>\n<div>&nbsp;<\/div>\n<div>V&nbsp;p\u0159\u00edpad\u011b probl\u00e9m\u016f s&nbsp;p\u0159ihla\u0161ov\u00e1n\u00edm&nbsp;kontaktujte administr\u00e1tora:<\/div>\n<div><b>Poslusny.j@zskarlaiv.cz<\/b>&nbsp;nebo t\u0159\u00eddn\u00edho u\u010ditele.<\/div>\n","protected":false},"excerpt":{"rendered":"<p>P\u0159ihl\u00e1\u0161en\u00ed \u017e\u00e1k\u016f a rodi\u010d\u016f do aplikace E-\u017e\u00e1kovsk\u00e1 Pokud jste se ji\u017e zaregistrovali, m\u016f\u017eete se p\u0159ihl\u00e1sit do aplikace \u017d\u00e1kovsk\u00e1. Do Va\u0161eho webov\u00e9ho prohl\u00ed\u017ee\u010de zadejte URL adresu https:\/\/www.skolaonline.cz\/Aktuality.aspx, nebo vyu\u017eijte proklik na str\u00e1nk\u00e1ch \u0161koly v informa\u010dn\u00edm panelu.&nbsp; Vpravo naho\u0159e v sekci P\u0159ihl\u00e1\u0161en\u00ed do \u0160koly OnLine&nbsp;zadejte Va\u0161e u\u017eivatelsk\u00e9 jm\u00e9no a&nbsp;heslo a&nbsp;stiskn\u011bte tla\u010d\u00edtko P\u0159ihl\u00e1sit. Otev\u0159e se aplikace \u017d\u00e1kovsk\u00e1. &nbsp; <a class=\"read-more\" href=\"https:\/\/zskarlaiv.cz\/?page_id=25998\">\u010c\u00edst d\u00e1le&#8230;<\/a><\/p>\n","protected":false},"author":1,"featured_media":0,"parent":0,"menu_order":0,"comment_status":"closed","ping_status":"closed","template":"","meta":{"ngg_post_thumbnail":0,"footnotes":""},"class_list":["post-25998","page","type-page","status-publish","hentry"],"_links":{"self":[{"href":"https:\/\/zskarlaiv.cz\/index.php?rest_route=\/wp\/v2\/pages\/25998","targetHints":{"allow":["GET"]}}],"collection":[{"href":"https:\/\/zskarlaiv.cz\/index.php?rest_route=\/wp\/v2\/pages"}],"about":[{"href":"https:\/\/zskarlaiv.cz\/index.php?rest_route=\/wp\/v2\/types\/page"}],"author":[{"embeddable":true,"href":"https:\/\/zskarlaiv.cz\/index.php?rest_route=\/wp\/v2\/users\/1"}],"replies":[{"embeddable":true,"href":"https:\/\/zskarlaiv.cz\/index.php?rest_route=%2Fwp%2Fv2%2Fcomments&post=25998"}],"version-history":[{"count":2,"href":"https:\/\/zskarlaiv.cz\/index.php?rest_route=\/wp\/v2\/pages\/25998\/revisions"}],"predecessor-version":[{"id":26002,"href":"https:\/\/zskarlaiv.cz\/index.php?rest_route=\/wp\/v2\/pages\/25998\/revisions\/26002"}],"wp:attachment":[{"href":"https:\/\/zskarlaiv.cz\/index.php?rest_route=%2Fwp%2Fv2%2Fmedia&parent=25998"}],"curies":[{"name":"wp","href":"https:\/\/api.w.org\/{rel}","templated":true}]}}