{"id":25996,"date":"2022-01-26T19:51:33","date_gmt":"2022-01-26T19:51:33","guid":{"rendered":"http:\/\/zskarlaiv.cz\/?page_id=25996"},"modified":"2022-01-26T19:51:34","modified_gmt":"2022-01-26T19:51:34","slug":"registrace","status":"publish","type":"page","link":"https:\/\/zskarlaiv.cz\/?page_id=25996","title":{"rendered":"Registrace"},"content":{"rendered":"<div><b><span style=\"font-size: x-large;\"><span style=\"color: #4f81bd; font-size: large;\">Kroky nutn\u00e9 ke zprovozn\u011bn\u00ed aplikace \u017d\u00e1kovsk\u00e1 pro rodi\u010de:<\/span><\/span><\/b><\/div>\n<div>Pro zp\u0159\u00edstupn\u011bn\u00ed aplikace&nbsp;<b>\u017d\u00e1kovsk\u00e1<\/b>&nbsp;je nejprve nutn\u00e9 se zaregistrovat. K&nbsp;registraci do aplikace&nbsp;<b>\u017d\u00e1kovsk\u00e1<\/b>&nbsp;m\u016f\u017eete vyu\u017e\u00edt n\u00e1sleduj\u00edc\u00ed n\u00e1vod:<\/div>\n<ol>\n<li>\n<div>V internetov\u00e9m prohl\u00ed\u017ee\u010di p\u0159istupte na adresu <a href=\"https:\/\/www.skolaonline.cz\/Aktuality.aspx\">https:\/\/www.skolaonline.cz\/Aktuality.aspx<\/a>. N\u00e1sledn\u011b klikn\u011bte na odkaz&nbsp;<b>Registrace \u017e\u00e1k\u016f a&nbsp;z\u00e1konn\u00fdch z\u00e1stupc\u016f<\/b>..<\/div>\n<\/li>\n<li>\n<div>Pe\u010dliv\u011b si p\u0159e\u010dt\u011bte&nbsp;<b>podm\u00ednky&nbsp;<\/b>u\u017e\u00edv\u00e1n\u00ed aplikace&nbsp;<b>\u017d\u00e1kovsk\u00e1<\/b>&nbsp;a&nbsp;v&nbsp;p\u0159\u00edpad\u011b Va\u0161eho souhlasu klikn\u011bte v&nbsp;doln\u00ed \u010d\u00e1sti str\u00e1nky na tla\u010d\u00edtko&nbsp;<b>Souhlas\u00edm<\/b>.<\/div>\n<\/li>\n<li>\n<div>Na nov\u011b zobrazen\u00e9 str\u00e1nce budete vyzv\u00e1ni k&nbsp;zad\u00e1n\u00ed&nbsp;<b>jm\u00e9na a&nbsp;p\u0159\u00edjmen\u00ed<\/b>&nbsp;osoby, pro kterou byl \u0161kolou vygenerov\u00e1n&nbsp;<b>PIN<\/b>, d\u00e1le uvedete&nbsp;<b>PIN<\/b>&nbsp;a&nbsp;op\u00ed\u0161ete kontroln\u00ed \u0159et\u011bzec.<\/div>\n<\/li>\n<li>\n<div>Po spr\u00e1vn\u00e9m zad\u00e1n\u00ed registra\u010dn\u00edch \u00fadaj\u016f stiskn\u011bte tla\u010d\u00edtko&nbsp;<b>Ov\u011b\u0159en\u00ed PINu<\/b>. Pokud jste v\u0161echny \u00fadaje vyplnili spr\u00e1vn\u011b, zobraz\u00ed se dal\u0161\u00ed str\u00e1nka s&nbsp;registra\u010dn\u00edmi \u00fadaji. V&nbsp;p\u0159\u00edpad\u011b, \u017ee bylo ov\u011b\u0159en\u00ed dan\u00e9 osoby ne\u00fasp\u011b\u0161n\u00e9, nap\u0159. do\u0161lo k&nbsp;p\u0159eklepu, celou akci zopakujte. Jestli\u017ee neprob\u011bhlo potvrzen\u00ed dan\u00e9 osoby ani pot\u00e9, kontaktujte administr\u00e1tora \u0161koly nebo n\u00e1\u0161 hotline.<\/div>\n<\/li>\n<li>\n<div>Po \u00fasp\u011b\u0161n\u00e9m ov\u011b\u0159en\u00ed si zvolte u\u017eivatelsk\u00e9 jm\u00e9no a&nbsp;heslo, se kter\u00fdmi se bude do aplikace \u017d\u00e1kovsk\u00e1&nbsp;<b>p\u0159ihla\u0161ovat<\/b>. Pokud V\u00e1mi zvolen\u00e9 u\u017eivatelsk\u00e9 jm\u00e9no v&nbsp;aplikaci ji\u017e existuje, budete vyzv\u00e1ni k&nbsp;v\u00fdb\u011bru jin\u00e9ho. P\u0159ihla\u0161ovac\u00ed \u00fadaje je nutn\u00e9 si pe\u010dliv\u011b zapamatovat, nebo\u0165 je budete pou\u017e\u00edvat p\u0159i ka\u017ed\u00e9m dal\u0161\u00edm p\u0159ihla\u0161ov\u00e1n\u00ed do aplikace \u017d\u00e1kovsk\u00e1.<\/div>\n<div>&nbsp;<\/div>\n<\/li>\n<\/ol>\n<h2>Mobiln\u00ed aplikace<\/h2>\n<p>Mobiln\u00ed aplikace pro chytr\u00e9 telefony a&nbsp;tablety umo\u017e\u0148uje zejm\u00e9na sledovat aktu\u00e1ln\u00ed rozvrh v\u010detn\u011b suplov\u00e1n\u00ed, p\u0159ehled hodnocen\u00ed, omlouvat absenci a&nbsp;komunikovat z&nbsp;vyu\u010duj\u00edc\u00edmi<\/p>\n<p>Aplikaci najdete ve v\u0161ech obchodech aplikac\u00ed.&nbsp;<\/p>\n","protected":false},"excerpt":{"rendered":"<p>Kroky nutn\u00e9 ke zprovozn\u011bn\u00ed aplikace \u017d\u00e1kovsk\u00e1 pro rodi\u010de: Pro zp\u0159\u00edstupn\u011bn\u00ed aplikace&nbsp;\u017d\u00e1kovsk\u00e1&nbsp;je nejprve nutn\u00e9 se zaregistrovat. K&nbsp;registraci do aplikace&nbsp;\u017d\u00e1kovsk\u00e1&nbsp;m\u016f\u017eete vyu\u017e\u00edt n\u00e1sleduj\u00edc\u00ed n\u00e1vod: V internetov\u00e9m prohl\u00ed\u017ee\u010di p\u0159istupte na adresu https:\/\/www.skolaonline.cz\/Aktuality.aspx. N\u00e1sledn\u011b klikn\u011bte na odkaz&nbsp;Registrace \u017e\u00e1k\u016f a&nbsp;z\u00e1konn\u00fdch z\u00e1stupc\u016f.. Pe\u010dliv\u011b si p\u0159e\u010dt\u011bte&nbsp;podm\u00ednky&nbsp;u\u017e\u00edv\u00e1n\u00ed aplikace&nbsp;\u017d\u00e1kovsk\u00e1&nbsp;a&nbsp;v&nbsp;p\u0159\u00edpad\u011b Va\u0161eho souhlasu klikn\u011bte v&nbsp;doln\u00ed \u010d\u00e1sti str\u00e1nky na tla\u010d\u00edtko&nbsp;Souhlas\u00edm. Na nov\u011b zobrazen\u00e9 str\u00e1nce budete vyzv\u00e1ni k&nbsp;zad\u00e1n\u00ed&nbsp;jm\u00e9na a&nbsp;p\u0159\u00edjmen\u00ed&nbsp;osoby, <a class=\"read-more\" href=\"https:\/\/zskarlaiv.cz\/?page_id=25996\">\u010c\u00edst d\u00e1le&#8230;<\/a><\/p>\n","protected":false},"author":1,"featured_media":0,"parent":0,"menu_order":0,"comment_status":"closed","ping_status":"closed","template":"","meta":{"ngg_post_thumbnail":0,"footnotes":""},"class_list":["post-25996","page","type-page","status-publish","hentry"],"_links":{"self":[{"href":"https:\/\/zskarlaiv.cz\/index.php?rest_route=\/wp\/v2\/pages\/25996","targetHints":{"allow":["GET"]}}],"collection":[{"href":"https:\/\/zskarlaiv.cz\/index.php?rest_route=\/wp\/v2\/pages"}],"about":[{"href":"https:\/\/zskarlaiv.cz\/index.php?rest_route=\/wp\/v2\/types\/page"}],"author":[{"embeddable":true,"href":"https:\/\/zskarlaiv.cz\/index.php?rest_route=\/wp\/v2\/users\/1"}],"replies":[{"embeddable":true,"href":"https:\/\/zskarlaiv.cz\/index.php?rest_route=%2Fwp%2Fv2%2Fcomments&post=25996"}],"version-history":[{"count":1,"href":"https:\/\/zskarlaiv.cz\/index.php?rest_route=\/wp\/v2\/pages\/25996\/revisions"}],"predecessor-version":[{"id":25997,"href":"https:\/\/zskarlaiv.cz\/index.php?rest_route=\/wp\/v2\/pages\/25996\/revisions\/25997"}],"wp:attachment":[{"href":"https:\/\/zskarlaiv.cz\/index.php?rest_route=%2Fwp%2Fv2%2Fmedia&parent=25996"}],"curies":[{"name":"wp","href":"https:\/\/api.w.org\/{rel}","templated":true}]}}