{"id":25857,"date":"2021-10-06T08:11:39","date_gmt":"2021-10-06T08:11:39","guid":{"rendered":"http:\/\/zskarlaiv.cz\/?page_id=25857"},"modified":"2023-12-28T13:58:19","modified_gmt":"2023-12-28T13:58:19","slug":"doucovani","status":"publish","type":"page","link":"https:\/\/zskarlaiv.cz\/?page_id=25857","title":{"rendered":"Dou\u010dov\u00e1n\u00ed"},"content":{"rendered":"<p>V leto\u0161n\u00edm roce prob\u00edh\u00e1 dou\u010dov\u00e1n\u00ed po dohod\u011b s u\u010diteli jednotliv\u00fdch p\u0159edm\u011bt\u016f.&nbsp;<\/p>\n","protected":false},"excerpt":{"rendered":"<p>V leto\u0161n\u00edm roce prob\u00edh\u00e1 dou\u010dov\u00e1n\u00ed po dohod\u011b s u\u010diteli jednotliv\u00fdch p\u0159edm\u011bt\u016f.&nbsp;<\/p>\n","protected":false},"author":1,"featured_media":0,"parent":0,"menu_order":0,"comment_status":"closed","ping_status":"closed","template":"","meta":{"ngg_post_thumbnail":0,"footnotes":""},"class_list":["post-25857","page","type-page","status-publish","hentry"],"_links":{"self":[{"href":"https:\/\/zskarlaiv.cz\/index.php?rest_route=\/wp\/v2\/pages\/25857","targetHints":{"allow":["GET"]}}],"collection":[{"href":"https:\/\/zskarlaiv.cz\/index.php?rest_route=\/wp\/v2\/pages"}],"about":[{"href":"https:\/\/zskarlaiv.cz\/index.php?rest_route=\/wp\/v2\/types\/page"}],"author":[{"embeddable":true,"href":"https:\/\/zskarlaiv.cz\/index.php?rest_route=\/wp\/v2\/users\/1"}],"replies":[{"embeddable":true,"href":"https:\/\/zskarlaiv.cz\/index.php?rest_route=%2Fwp%2Fv2%2Fcomments&post=25857"}],"version-history":[{"count":2,"href":"https:\/\/zskarlaiv.cz\/index.php?rest_route=\/wp\/v2\/pages\/25857\/revisions"}],"predecessor-version":[{"id":31970,"href":"https:\/\/zskarlaiv.cz\/index.php?rest_route=\/wp\/v2\/pages\/25857\/revisions\/31970"}],"wp:attachment":[{"href":"https:\/\/zskarlaiv.cz\/index.php?rest_route=%2Fwp%2Fv2%2Fmedia&parent=25857"}],"curies":[{"name":"wp","href":"https:\/\/api.w.org\/{rel}","templated":true}]}}