{"id":25441,"date":"2021-01-09T17:28:01","date_gmt":"2021-01-09T17:28:01","guid":{"rendered":"http:\/\/zskarlaiv.cz\/?page_id=25441"},"modified":"2021-10-06T08:17:06","modified_gmt":"2021-10-06T08:17:06","slug":"zaci","status":"publish","type":"page","link":"https:\/\/zskarlaiv.cz\/?page_id=25441","title":{"rendered":"\u017d\u00e1ci"},"content":{"rendered":"<p><a href=\"http:\/\/zskarlaiv.cz\/wp-content\/uploads\/2020\/06\/images-1.png\"><img fetchpriority=\"high\" decoding=\"async\" class=\" wp-image-25074 alignright\" src=\"http:\/\/zskarlaiv.cz\/wp-content\/uploads\/2020\/06\/images-1.png\" alt=\"\" width=\"260\" height=\"212\"><\/a><\/p>\n<p><a href=\"http:\/\/zskarlaiv.cz\/?page_id=114\">Rozvrhy t\u0159\u00edd<\/a><\/p>\n<p><a href=\"http:\/\/zskarlaiv.cz\/?page_id=25857\">Dou\u010dov\u00e1n\u00ed<\/a><\/p>\n","protected":false},"excerpt":{"rendered":"<p>Rozvrhy t\u0159\u00edd Dou\u010dov\u00e1n\u00ed<\/p>\n","protected":false},"author":1,"featured_media":0,"parent":0,"menu_order":0,"comment_status":"closed","ping_status":"closed","template":"","meta":{"ngg_post_thumbnail":0,"footnotes":""},"class_list":["post-25441","page","type-page","status-publish","hentry"],"_links":{"self":[{"href":"https:\/\/zskarlaiv.cz\/index.php?rest_route=\/wp\/v2\/pages\/25441","targetHints":{"allow":["GET"]}}],"collection":[{"href":"https:\/\/zskarlaiv.cz\/index.php?rest_route=\/wp\/v2\/pages"}],"about":[{"href":"https:\/\/zskarlaiv.cz\/index.php?rest_route=\/wp\/v2\/types\/page"}],"author":[{"embeddable":true,"href":"https:\/\/zskarlaiv.cz\/index.php?rest_route=\/wp\/v2\/users\/1"}],"replies":[{"embeddable":true,"href":"https:\/\/zskarlaiv.cz\/index.php?rest_route=%2Fwp%2Fv2%2Fcomments&post=25441"}],"version-history":[{"count":4,"href":"https:\/\/zskarlaiv.cz\/index.php?rest_route=\/wp\/v2\/pages\/25441\/revisions"}],"predecessor-version":[{"id":25862,"href":"https:\/\/zskarlaiv.cz\/index.php?rest_route=\/wp\/v2\/pages\/25441\/revisions\/25862"}],"wp:attachment":[{"href":"https:\/\/zskarlaiv.cz\/index.php?rest_route=%2Fwp%2Fv2%2Fmedia&parent=25441"}],"curies":[{"name":"wp","href":"https:\/\/api.w.org\/{rel}","templated":true}]}}