{"id":25439,"date":"2021-01-09T17:26:52","date_gmt":"2021-01-09T17:26:52","guid":{"rendered":"http:\/\/zskarlaiv.cz\/?page_id=25439"},"modified":"2023-01-19T10:33:24","modified_gmt":"2023-01-19T10:33:24","slug":"skola","status":"publish","type":"page","link":"https:\/\/zskarlaiv.cz\/?page_id=25439","title":{"rendered":"\u0160kola"},"content":{"rendered":"<p style=\"text-align: center;\">Adresa \u0161koly:<br \/>\nZ\u00e1kladn\u00ed \u0161kola \u00dast\u00ed nad Labem, Karla IV. 1024\/19, p\u0159\u00edsp\u011bvkov\u00e1 organizace;<br \/>\nKarla IV. 1024\/19;<br \/>\n400 03 \u00dast\u00ed nad Labem<br \/>\n&nbsp;<br \/>\nTel.:<br \/>\n475 531 139<br \/>\n&nbsp;<br \/>\nE-mail<br \/>\nzsul.karlaiv@seznam.cz<br \/>\n&nbsp;<br \/>\nDatov\u00e1 schr\u00e1nka<br \/>\ngmmxbxc<br \/>\n&nbsp;<br \/>\nJ\u00eddelna<br \/>\n475 530 740<br \/>\n&nbsp;<br \/>\nDru\u017eina<br \/>\n725 117 962<\/p>\n","protected":false},"excerpt":{"rendered":"<p>Adresa \u0161koly: Z\u00e1kladn\u00ed \u0161kola \u00dast\u00ed nad Labem, Karla IV. 1024\/19, p\u0159\u00edsp\u011bvkov\u00e1 organizace; Karla IV. 1024\/19; 400 03 \u00dast\u00ed nad Labem &nbsp; Tel.: 475 531 139 &nbsp; E-mail zsul.karlaiv@seznam.cz &nbsp; Datov\u00e1 schr\u00e1nka gmmxbxc &nbsp; J\u00eddelna 475 530 740 &nbsp; Dru\u017eina 725 117 962<\/p>\n","protected":false},"author":1,"featured_media":0,"parent":0,"menu_order":0,"comment_status":"closed","ping_status":"closed","template":"","meta":{"ngg_post_thumbnail":0,"footnotes":""},"class_list":["post-25439","page","type-page","status-publish","hentry"],"_links":{"self":[{"href":"https:\/\/zskarlaiv.cz\/index.php?rest_route=\/wp\/v2\/pages\/25439","targetHints":{"allow":["GET"]}}],"collection":[{"href":"https:\/\/zskarlaiv.cz\/index.php?rest_route=\/wp\/v2\/pages"}],"about":[{"href":"https:\/\/zskarlaiv.cz\/index.php?rest_route=\/wp\/v2\/types\/page"}],"author":[{"embeddable":true,"href":"https:\/\/zskarlaiv.cz\/index.php?rest_route=\/wp\/v2\/users\/1"}],"replies":[{"embeddable":true,"href":"https:\/\/zskarlaiv.cz\/index.php?rest_route=%2Fwp%2Fv2%2Fcomments&post=25439"}],"version-history":[{"count":3,"href":"https:\/\/zskarlaiv.cz\/index.php?rest_route=\/wp\/v2\/pages\/25439\/revisions"}],"predecessor-version":[{"id":27724,"href":"https:\/\/zskarlaiv.cz\/index.php?rest_route=\/wp\/v2\/pages\/25439\/revisions\/27724"}],"wp:attachment":[{"href":"https:\/\/zskarlaiv.cz\/index.php?rest_route=%2Fwp%2Fv2%2Fmedia&parent=25439"}],"curies":[{"name":"wp","href":"https:\/\/api.w.org\/{rel}","templated":true}]}}