{"id":24502,"date":"2020-02-11T12:14:59","date_gmt":"2020-02-11T12:14:59","guid":{"rendered":"http:\/\/zskarlaiv.cz\/?page_id=24502"},"modified":"2026-04-14T08:57:31","modified_gmt":"2026-04-14T08:57:31","slug":"jidelni-listek","status":"publish","type":"page","link":"https:\/\/zskarlaiv.cz\/?page_id=24502","title":{"rendered":"J\u00eddeln\u00ed l\u00edstek"},"content":{"rendered":"<p><iframe src=\"\/\/docs.google.com\/viewer?url=http%3A%2F%2Fzskarlaiv.cz%2Fwp-content%2Fuploads%2F2026%2F04%2FJid-elnicek4-2.docx&hl=cs&embedded=true\" class=\"gde-frame\" style=\"width:100%; height:500px; border: none;\" scrolling=\"no\"><\/iframe>\n<p class=\"gde-text\"><a href=\"http:\/\/zskarlaiv.cz\/wp-content\/uploads\/2026\/04\/Jid-elnicek4-2.docx\" class=\"gde-link\">St\u00e1hnout (DOCX, 17KB)<\/a><\/p><iframe src=\"\/\/docs.google.com\/viewer?url=http%3A%2F%2Fzskarlaiv.cz%2Fwp-content%2Fuploads%2F2026%2F04%2FJid-elnicek4-1.docx&hl=cs&embedded=true\" class=\"gde-frame\" style=\"width:100%; height:500px; border: none;\" scrolling=\"no\"><\/iframe>\n<p class=\"gde-text\"><a href=\"http:\/\/zskarlaiv.cz\/wp-content\/uploads\/2026\/04\/Jid-elnicek4-1.docx\" class=\"gde-link\">St\u00e1hnout (DOCX, 17KB)<\/a><\/p><iframe src=\"\/\/docs.google.com\/viewer?url=http%3A%2F%2Fzskarlaiv.cz%2Fwp-content%2Fuploads%2F2026%2F04%2FJid-elnicek4.docx&hl=cs&embedded=true\" class=\"gde-frame\" style=\"width:100%; height:500px; border: none;\" scrolling=\"no\"><\/iframe>\n<p class=\"gde-text\"><a href=\"http:\/\/zskarlaiv.cz\/wp-content\/uploads\/2026\/04\/Jid-elnicek4.docx\" class=\"gde-link\">St\u00e1hnout (DOCX, 17KB)<\/a><\/p><!--more--><\/p>\n","protected":false},"excerpt":{"rendered":"","protected":false},"author":1,"featured_media":0,"parent":0,"menu_order":0,"comment_status":"closed","ping_status":"closed","template":"","meta":{"ngg_post_thumbnail":0,"footnotes":""},"class_list":["post-24502","page","type-page","status-publish","hentry"],"_links":{"self":[{"href":"https:\/\/zskarlaiv.cz\/index.php?rest_route=\/wp\/v2\/pages\/24502","targetHints":{"allow":["GET"]}}],"collection":[{"href":"https:\/\/zskarlaiv.cz\/index.php?rest_route=\/wp\/v2\/pages"}],"about":[{"href":"https:\/\/zskarlaiv.cz\/index.php?rest_route=\/wp\/v2\/types\/page"}],"author":[{"embeddable":true,"href":"https:\/\/zskarlaiv.cz\/index.php?rest_route=\/wp\/v2\/users\/1"}],"replies":[{"embeddable":true,"href":"https:\/\/zskarlaiv.cz\/index.php?rest_route=%2Fwp%2Fv2%2Fcomments&post=24502"}],"version-history":[{"count":286,"href":"https:\/\/zskarlaiv.cz\/index.php?rest_route=\/wp\/v2\/pages\/24502\/revisions"}],"predecessor-version":[{"id":39708,"href":"https:\/\/zskarlaiv.cz\/index.php?rest_route=\/wp\/v2\/pages\/24502\/revisions\/39708"}],"wp:attachment":[{"href":"https:\/\/zskarlaiv.cz\/index.php?rest_route=%2Fwp%2Fv2%2Fmedia&parent=24502"}],"curies":[{"name":"wp","href":"https:\/\/api.w.org\/{rel}","templated":true}]}}