{"id":23842,"date":"2019-09-24T08:40:12","date_gmt":"2019-09-24T08:40:12","guid":{"rendered":"http:\/\/zskarlaiv.cz\/?page_id=23842"},"modified":"2025-09-30T08:34:02","modified_gmt":"2025-09-30T08:34:02","slug":"prevence-rizikoveho-chovani","status":"publish","type":"page","link":"https:\/\/zskarlaiv.cz\/?page_id=23842","title":{"rendered":"Prevence rizikov\u00e9ho chov\u00e1n\u00ed"},"content":{"rendered":"<p>Dokumenty k prevenci rizikov\u00e9ho chov\u00e1n\u00ed<\/p>\n<p>&nbsp;<\/p>\n<p>&nbsp;<\/p>\n<p><a href=\"http:\/\/zskarlaiv.cz\/?p=23845\">Preventivn\u00ed program \u0161koly<\/a><\/p>\n<p><a href=\"http:\/\/zskarlaiv.cz\/wp-content\/uploads\/2025\/09\/Objednan\u00e9-programy-2025-26.docx\">Dlouhodob\u00e9 preventivn\u00ed aktivity&nbsp;<\/a><\/p>\n<p><a href=\"http:\/\/zskarlaiv.cz\/?p=23863\">Krizov\u00fd pl\u00e1n<\/a><\/p>\n<p><a href=\"http:\/\/zskarlaiv.cz\/?p=23866\">\u0160koln\u00ed preventivn\u00ed strategie<\/a><\/p>\n<p><a href=\"http:\/\/zskarlaiv.cz\/?p=27066\">Strategie p\u0159edch\u00e1zen\u00ed \u0161koln\u00ed ne\u00fasp\u011b\u0161nosti<\/a><\/p>\n<p><a href=\"http:\/\/zskarlaiv.cz\/?p=38712\">Objednan\u00e9 preventivn\u00ed programy<\/a><\/p>\n","protected":false},"excerpt":{"rendered":"<p>Dokumenty k prevenci rizikov\u00e9ho chov\u00e1n\u00ed &nbsp; &nbsp; Preventivn\u00ed program \u0161koly Dlouhodob\u00e9 preventivn\u00ed aktivity&nbsp; Krizov\u00fd pl\u00e1n \u0160koln\u00ed preventivn\u00ed strategie Strategie p\u0159edch\u00e1zen\u00ed \u0161koln\u00ed ne\u00fasp\u011b\u0161nosti Objednan\u00e9 preventivn\u00ed programy<\/p>\n","protected":false},"author":1,"featured_media":0,"parent":0,"menu_order":0,"comment_status":"closed","ping_status":"closed","template":"","meta":{"ngg_post_thumbnail":0,"footnotes":""},"class_list":["post-23842","page","type-page","status-publish","hentry"],"_links":{"self":[{"href":"https:\/\/zskarlaiv.cz\/index.php?rest_route=\/wp\/v2\/pages\/23842","targetHints":{"allow":["GET"]}}],"collection":[{"href":"https:\/\/zskarlaiv.cz\/index.php?rest_route=\/wp\/v2\/pages"}],"about":[{"href":"https:\/\/zskarlaiv.cz\/index.php?rest_route=\/wp\/v2\/types\/page"}],"author":[{"embeddable":true,"href":"https:\/\/zskarlaiv.cz\/index.php?rest_route=\/wp\/v2\/users\/1"}],"replies":[{"embeddable":true,"href":"https:\/\/zskarlaiv.cz\/index.php?rest_route=%2Fwp%2Fv2%2Fcomments&post=23842"}],"version-history":[{"count":17,"href":"https:\/\/zskarlaiv.cz\/index.php?rest_route=\/wp\/v2\/pages\/23842\/revisions"}],"predecessor-version":[{"id":38714,"href":"https:\/\/zskarlaiv.cz\/index.php?rest_route=\/wp\/v2\/pages\/23842\/revisions\/38714"}],"wp:attachment":[{"href":"https:\/\/zskarlaiv.cz\/index.php?rest_route=%2Fwp%2Fv2%2Fmedia&parent=23842"}],"curies":[{"name":"wp","href":"https:\/\/api.w.org\/{rel}","templated":true}]}}