{"id":23,"date":"2007-08-03T16:23:57","date_gmt":"2007-08-03T14:23:57","guid":{"rendered":"http:\/\/localhost\/wpress\/?page_id=18"},"modified":"2007-08-03T16:23:57","modified_gmt":"2007-08-03T14:23:57","slug":"lkvpeofkpsdfo","status":"publish","type":"page","link":"https:\/\/zskarlaiv.cz\/?page_id=23","title":{"rendered":"Ze vzpom\u00ednek"},"content":{"rendered":"<p class=\"parahead\">\n\t<font color=\"#3366ff\" size=\"4\">N\u011bkolik vzpom&iacute;nek na st\u0159ekovskou &scaron;kolu.<\/font>\n<\/p>\n<p class=\"MsoNormal\" style=\"margin-top: 4pt; text-indent: 12pt; line-height: normal\">\n\tKdy\u017e jsem byl v roce 1961 p\u0159elo\u017een na st\u0159ekovskou &scaron;kolu, p\u0159ipadal jsem si jako v sanatoriu. P\u016fsobil jsem toti\u017e u\u017e p\u011bkn&yacute;ch p&aacute;r let jako z&aacute;stupce \u0159editele na 3.ZD&Scaron; u divadla, kde je dnes muzeum a po&scaron;ta a tam jsem m&aacute;lem p\u0159i&scaron;el o nervy a hlavn\u011b o sluch. Provoz v okol&iacute; &scaron;koly znemo\u017e\u0148oval i v\u011btr&aacute;n&iacute; okny a &scaron;koln&iacute; kuchyn\u011b v suter&eacute;nu \u010dasto p\u0159isp&iacute;vala k jakosti ovzdu&scaron;&iacute;.\n<\/p>\n<p class=\"MsoNormal\" style=\"line-height: normal\">\n\tSt\u0159ekovsk&aacute; kr&aacute;sn&aacute; &scaron;kola le\u017eela tenkr&aacute;t ve velik&eacute; &scaron;koln&iacute; ovocn&eacute; zahrad\u011b t&aacute;hnouc&iacute; se a\u017e k bl&iacute;zk&eacute;mu lesu. U\u010dilo se po v\u011bt&scaron;inu roku s otev\u0159en&yacute;mi okny, klid a \u010dist&yacute; vzduch vl&aacute;dl v cel&eacute;m prostoru. Stromy von\u011bly a kuka\u010dky na ja\u0159e sout\u011b\u017eily, kter&aacute; nad\u011bl&iacute; v&iacute;c rok\u016f. Byl jsem tu jako na venkov\u011b. Z&aacute;stupce \u0159editele byl organiz&aacute;torem ve&scaron;ker&eacute; v&yacute;chovn&eacute; i vyu\u010dovac&iacute; \u010dinnosti na &scaron;kole. Byli jsme na to dva. Kolega Dvo\u0159&aacute;k byl spolupracovn&iacute;k neudolateln&yacute;, dobr&yacute; \u010dlov\u011bk a kamar&aacute;d, pro mne vzor vytrvalosti a d\u016fkladnosti, pro n\u011bho\u017e u\u010den&iacute; mate&shy;matiky, organizace prac&iacute; na rozlehl&eacute; zahrad\u011b, &uacute;dr\u017eba budovy byly v&aacute;&scaron;n&iacute;, radost&iacute; i posl&aacute;n&iacute;m. &Scaron;koda, \u017ee ode&scaron;el od sv&eacute; milovan&eacute; pr&aacute;ce tak n&aacute;hle a p\u0159&iacute;li&scaron; brzy.\n<\/p>\n<p class=\"MsoNormal\" style=\"line-height: normal\">\n\tNebyla to zrovna lehk&aacute; pr&aacute;ce organizovat provoz na &scaron;kole, kter&aacute; m\u011bla kolem 30 t\u0159&iacute;d, na 50 u\u010ditel\u016f a asi tis&iacute;c \u017e&aacute;k\u016f. Ale byla to pr&aacute;ce radostn&aacute; a nesla v&yacute;sledky. Bylo to zajist&eacute; p\u0159edev&scaron;&iacute;m z&aacute;sluhou vynikaj&iacute;c&iacute;ch u\u010ditel\u016f, kte\u0159&iacute; svou pr&aacute;ci d\u016fkladn\u011b prom&yacute;&scaron;leli a \u017eili &scaron;kolou a pro d\u011bti. U\u010dil jsem matematice a r&yacute;so&shy;v&aacute;n&iacute; s opravdovou chut&iacute;. Sna\u017eil jsem se u\u010dinit je \u017e&aacute;k\u016fm p\u0159&iacute;stupn\u011bj&scaron;&iacute;, leh\u010d&iacute; a hlavn\u011b vzbudit z&aacute;jem. Bylo pro mne pot\u011b&scaron;uj&iacute;c&iacute;, kdy\u017e studenti p\u0159izn&aacute;vali, \u017ee na dobr&yacute;ch z&aacute;kladech snadno pokra\u010duj&iacute; ve studiu. Poda\u0159ilo-li se mi podn&iacute;tit z&aacute;jem o samostatnou pr&aacute;ci, bylo vyhr&aacute;no.\n<\/p>\n<p class=\"MsoNormal\" style=\"text-indent: 12pt; line-height: normal\">\n\tR&aacute;d vzpom&iacute;n&aacute;m na &scaron;koln&iacute; akademie, zvl&aacute;&scaron;t\u011b na ty v &uacute;steck&eacute;m divadle. Jejich &uacute;sp\u011bch byl nesporn&yacute; po v&scaron;ech str&aacute;nk&aacute;ch, i dal&scaron;&iacute; akademie a bes&iacute;dky v Mal&eacute;m divadle maj&iacute; v historii &scaron;koly sv\u016fj trval&yacute; v&yacute;znam, i kdy\u017e pro u\u010ditele znamenaj&iacute; velik&eacute; vyp\u011bt&iacute;. Uk&aacute;z\u0148uj&iacute; d\u011bti, objevuj&iacute; talenty, vedou k zodpo&shy;v\u011bdnosti i samostatnosti. P\u0159esv\u011bd\u010duj&iacute; rodi\u010de o sv\u011bdomit&eacute; pr&aacute;ci v&scaron;ech pracovn&iacute;k\u016f na &scaron;kole a d&aacute;vaj&iacute; vzpom&iacute;nky na cel&yacute; \u017eivot.\n<\/p>\n<p class=\"MsoNormal\" style=\"line-height: normal\">\n\tKdy\u017e se zv&yacute;&scaron;il po\u010det \u017e&aacute;k\u016f v&yacute;stavbou s&iacute;dli&scaron;t\u011b, prod\u011blali jsme rozd\u011blen&iacute; &scaron;koly na 12. a 16. ZD&Scaron;. Vznikla zde ur\u010dit&aacute; \u0159evnivost, ale nebylo to na &scaron;kodu v\u011bci, v\u017edy\u0165 ob\u011b st\u0159ekovsk&eacute; &scaron;koly rostly z t&eacute;\u017ee tradice a \u010dasto je sout\u011b\u017een&iacute; prosp\u011b&scaron;n&eacute;. \u010casem se ale uk&aacute;zalo, \u017ee toto d\u011blen&iacute; u\u017e nen&iacute; pot\u0159ebn&eacute;, nov&eacute; s&iacute;dli&scaron;t\u011b Kamenn&yacute; Vrch dostalo novou &scaron;kolu, a tak jsme se op\u011bt vr&aacute;tili k p\u016fvodn&iacute;mu stavu.\n<\/p>\n<p class=\"MsoNormal\" style=\"line-height: normal\">\n\tL&eacute;ta m&eacute;ho p\u016fsoben&iacute; na st\u0159ekovsk&eacute; &scaron;kole z\u016fst&aacute;vaj&iacute; v m&eacute; pam\u011bti jako mil&aacute; a v&yacute;znamn&aacute;. Mohl jsem tu pln\u011b uplatnit sv&eacute; dlouholet&eacute; pedagogick&eacute; zku&scaron;e&shy;nosti od zapadl&eacute; jednot\u0159&iacute;dky p\u0159es venkovsk&eacute; &scaron;koly a\u017e k t&eacute;to. Kladu si za \u010dest, \u017ee mi bylo dop\u0159&aacute;no na z&aacute;v\u011br m&eacute; u\u010ditelsk&eacute; dr&aacute;hy spolupracovat s vynikaj&iacute;c&iacute;mi u\u010diteli. Bylo zde prost\u0159ed&iacute; mil&eacute; a vz&aacute;jemn&eacute; d\u016fv\u011bry, ku prosp\u011bchu d\u011bt&iacute;. Nepamatuji si na n\u011bjak&eacute; roztr\u017eky mezi rodi\u010di a &scaron;kolou.\n<\/p>\n<p class=\"MsoNormal\" style=\"line-height: normal\">\n\tN\u011bkdy se ke mn\u011b hl&aacute;s&iacute; b&yacute;val&iacute; \u017e&aacute;ci, kter&eacute; si u\u017e i st\u011b\u017e&iacute; vybavuji, po tolika letech. \u010clov\u011bka to v&scaron;ak p\u0159ece jen pot\u011b&scaron;&iacute;.\n<\/p>\n<p class=\"MsoNormal\" style=\"line-height: normal\">\n\tNa pr&aacute;ci na st\u0159ekovsk&eacute; &scaron;kole vzpom&iacute;n&aacute;me se \u017eenou velice r&aacute;di. \u017dili jsme jej&iacute;mi starostmi i &uacute;sp\u011bchy. Jsem r&aacute;d, \u017ee jsem se mohl pod&iacute;let na jej&iacute;ch dobr&yacute;ch tradic&iacute;ch.\n<\/p>\n<p align=\"right\" class=\"MsoNormal\" style=\"margin-top: 5pt; text-indent: 0cm; line-height: normal; text-align: right\">\n\t<strong>Rostislav P&aacute;\u010d<\/strong>\n<\/p>\n<p class=\"parahead\">\n\t<strong>Vzpom&iacute;nka<\/strong>\n<\/p>\n<p class=\"MsoNormal\" style=\"margin-top: 3pt; line-height: normal\">\n\tPracuji jako u\u010ditelka ve &scaron;kole, kterou jsem d\u0159&iacute;ve nav&scaron;t\u011bvovala jako jej&iacute; \u017e&aacute;ky&shy;n\u011b. Je to zvl&aacute;&scaron;tn&iacute; pocit p\u0159ich&aacute;zet do t\u0159&iacute;d a u\u010deben, kter&eacute; mi p\u0159ipom&iacute;naj&iacute; tolik kr&aacute;sn&eacute;ho z dob m&eacute;ho d\u011btstv&iacute;. Vybavuj&iacute; se mi nejen tv&aacute;\u0159e m&yacute;ch spolu\u017e&aacute;k\u016f, ale i vzpom&iacute;nky a p\u0159&iacute;hody, kter&yacute;mi jsme ve sv&yacute;ch d\u011btsk&yacute;ch letech \u017eily.\n<\/p>\n<p class=\"MsoNormal\" style=\"line-height: normal\">\n\t&Scaron;kolu jsem nav&scaron;t\u011bvovala od r.1948 do r.1952. V t&eacute; dob\u011b pat\u0159ila tato &scaron;koln&iacute; budova mezi nejmodern\u011bj&scaron;&iacute; &scaron;koln&iacute; objekty na&scaron;eho m\u011bsta. N&aacute;dhern&yacute; pohled z oken &scaron;koly na cel&eacute; m\u011bsto se nask&yacute;t&aacute; i dnes. Mnoho se zm\u011bnilo, nejsou zde ji\u017e moji u\u010ditel&eacute;, kter&eacute; jsem obdivovala, v&aacute;\u017eila si jich a vlastn\u011b to byli oni, kte\u0159&iacute; mne p\u0159ivedli k m&eacute; u\u010ditelsk&eacute; profesi.\n<\/p>\n<p class=\"MsoNormal\" style=\"line-height: normal\">\n\tVzpom&iacute;n&aacute;m s d&iacute;ky a &uacute;ctou na pana \u0159editele Mal&eacute;ho, t\u0159&iacute;dn&iacute; u\u010ditelku Marii Bene&scaron;ovou a pana u\u010ditele Novotn&eacute;ho, na pan&iacute; u\u010ditelku Davidovou, Bartovskou, na pana u\u010ditele Lajtkepa a dal&scaron;&iacute;, kte\u0159&iacute; m\u011b u\u010dili. V\u011bnovali se n&aacute;m cele, nejen sv&yacute;m pedagogick&yacute;m umem, ale cel&yacute;m sv&yacute;m srdcem.\n<\/p>\n<p class=\"MsoNormal\" style=\"line-height: normal\">\n\tJsme generace, kter&aacute; sv&eacute; ran&eacute; d\u011btstv&iacute; pro\u017eila ve v&aacute;lce, a tak snad i proto jsme se s velkou chut&iacute; se u\u010dili a s nad&scaron;en&iacute;m pracovali a sna\u017eili pro na&scaron;i osvobozenou vlast co nejv&iacute;ce ud\u011blat.\n<\/p>\n<p class=\"MsoNormal\" style=\"line-height: normal\">\n\tMnoho n&aacute;s &scaron;lo s &uacute;sp\u011bchem studovat, z ostatn&iacute;ch se stali skute\u010dn\u011b dob\u0159&iacute; odborn&iacute;ci. V tomto roce (rok 1992) se uskute\u010dn&iacute; setk&aacute;n&iacute; na&scaron;&iacute; b&yacute;val&eacute; t\u0159&iacute;dy, moc se na sv&eacute; spolu\u017e&aacute;ky t\u011b&scaron;&iacute;m.\n<\/p>\n<p class=\"MsoNormal\" style=\"line-height: normal\">\n\t<strong>V\u011bra Volfov&aacute;<\/strong>\n<\/p>\n<p class=\"MsoNormal\" style=\"line-height: normal\">\n\t&nbsp;\n<\/p>\n<p class=\"parahead\">\n\t<font color=\"#3366ff\"><span style=\"font-weight: normal\">Vzpom&iacute;nka na &scaron;kolu.<\/span>&nbsp;&nbsp;&nbsp;&nbsp;&nbsp;&nbsp;&nbsp;&nbsp;&nbsp;&nbsp;&nbsp;&nbsp;&nbsp;&nbsp;&nbsp;&nbsp;&nbsp;&nbsp;&nbsp;&nbsp;&nbsp;&nbsp; <em>Motto:<\/em><span style=\"font-style: normal\">&nbsp;&nbsp;&nbsp; &#8230; <\/span>&Scaron;kola hrou&#8230;<\/font>\n<\/p>\n<p class=\"MsoNormal\" style=\"margin-top: 11pt\">\n\tA vlastn\u011b i \u017eivot hrou. V\u017edy\u0165 kdo si neum&iacute; s \u017eivotem hr&aacute;t, &scaron;id&iacute; vlastn\u011b s&aacute;m sebe.\n<\/p>\n<p class=\"MsoNormal\" style=\"text-indent: 12pt; line-height: normal\">\n\tKa\u017ed&yacute; z n&aacute;s chodil do &scaron;koly. Do &scaron;koly, ve kter&eacute; se kluci m\u011bn&iacute; v jinochy, holky v sle\u010dny, ve kter&eacute; se nau\u010dil \u010d&iacute;st, ps&aacute;t a po\u010d&iacute;tat, ve kter&eacute; se vlastn\u011b formuje nov&yacute; \u017eivot ka\u017ed&eacute;ho jedince. Snad ka\u017ed&yacute; tak&eacute; vzpom&iacute;n&aacute; na svou prvn&iacute; &scaron;kolu, prvn&iacute; t\u0159&iacute;du a v\u016fbec prvn&iacute; hodiny v&yacute;uky tomu, komu tato l&eacute;ta u\u010darovala, vzpom&iacute;n&aacute; r&aacute;d a ten, co mu &scaron;kola k srdci nep\u0159irostla, vzpom&iacute;n&aacute; rad\u011bji m&eacute;n\u011b. V ka\u017ed&eacute;m p\u0159&iacute;pad\u011b v&scaron;ak pro v&scaron;echny z n&aacute;s byl n&aacute;stup do &scaron;koly jeden z prvn&iacute;ch mezn&iacute;k\u016f v \u017eivot\u011b, na kter&yacute; vzhledem k p&aacute;d&iacute;c&iacute;mu \u010dasu zb&yacute;v&aacute; ji\u017e jen nostalgick&aacute; vzpom&iacute;nka.\n<\/p>\n<p class=\"MsoNormal\" style=\"line-height: normal\">\n\tA tak se i j&aacute; s odstupem \u010dasu vrac&iacute;m do minulosti. Tehdy se psal rok 1964, co jsem za\u010dal nav&scaron;t\u011bvovat 12.ZD&Scaron; na St\u0159ekov\u011b. Na &bdquo;startovn&iacute;&quot; \u010d&aacute;ru n&aacute;s tehdy p\u0159ivedla u\u010ditelka Vojtasov&aacute; a nutno \u0159&iacute;ci, \u017ee se start d&iacute;ky n&iacute; valn&eacute; v\u011bt&scaron;in\u011b prv\u0148&aacute;\u010dk\u016f zda\u0159il. Jej&iacute; p\u0159esnost, pe\u010dlivost, pot\u0159ebn&aacute; p\u0159&iacute;snost a profesion&aacute;ln&iacute; p\u0159&iacute;stup byly pro v\u011bt&scaron;inu z n&aacute;s dobr&yacute;m odrazov&yacute;m m\u016fstkem do vy&scaron;&scaron;&iacute;ch ro\u010dn&iacute;&shy;k\u016f. Av&scaron;ak i kdy\u017e se sna\u017eila sebev&iacute;ce, p\u0159esto nemohla b&yacute;t v&scaron;ude.\n<\/p>\n<p class=\"MsoNormal\" style=\"line-height: normal\">\n\tVzpom&iacute;n&aacute;m si v t&eacute;to souvislosti na mou prvn&iacute; klukovinu, kterou jsme provedli se spolu\u017e&aacute;kem Bohou&scaron;em. Oba vedeni mate\u0159skou p\u0159&iacute;snost&iacute; k po\u0159&aacute;dku jsme za jednoho t&eacute;m\u011b\u0159 zimn&iacute;ho dne prov&aacute;d\u011bli &bdquo;&uacute;klid&quot; v &scaron;atn\u011b. Samoz\u0159ejm\u011b bez dozoru. Poh&aacute;zen&eacute; &scaron;&aacute;ly a \u010depice jsme tehdy p\u0159em&iacute;stili do ml&eacute;k&aacute;rensk&yacute;ch konv&iacute; v p\u0159ilehl&eacute; chodb\u011b, p\u0159ipraven&yacute;ch na odvoz, a pe\u010dliv\u011b jsme je uzav\u0159eli. S pocitem dob\u0159e vykonan&eacute; pr&aacute;ce a odplaty za odstran\u011bn&yacute; nepo\u0159&aacute;dek, jsme se vr&aacute;tili do t\u0159&iacute;dy. Toho dne jsme dom\u016f odch&aacute;zeli oba velmi sp\u011b&scaron;n\u011b, nebo\u0165 na&scaron;e podv\u011bdom&iacute; nebylo tak zcela \u010dist&eacute;. Hned druh&yacute; den za\u010dalo vy&scaron;et\u0159ov&aacute;n&iacute;, kdo \u017ee je to takov&yacute; pe\u010dlivka&#8230;, a tak jsme museli s pravdou ven. Po konstatov&aacute;n&iacute;, \u017ee v&iacute;ce ne\u017e polovin\u011b d\u011bt&iacute; chyb&iacute; zimn&iacute; dopl\u0148ky, v&scaron;ak bylo ji\u017e pozd\u011b, nebo\u0165 ml&eacute;ka\u0159i vym\u011bnili pr&aacute;zdn&eacute; obaly za novou dod&aacute;vku ml&eacute;ka. Pak u\u017e &scaron;lo v&scaron;e jako na dr&aacute;tk&aacute;ch hl&aacute;&scaron;en&iacute; rodi\u010d\u016fm, vy\u010d&iacute;slen&iacute; &scaron;kody a pro ob\u011b maminky mil&aacute; pozornost stokorunov&eacute; pouk&aacute;zky na &uacute;hradu &scaron;kody. Doma jsme pak byli oba po z&aacute;sluze ocen\u011bn&yacute; po\u0159&aacute;dn&yacute;m v&yacute;praskem.\n<\/p>\n<p class=\"MsoNormal\" style=\"margin-left: 2pt; text-indent: 12pt; line-height: normal\">\n\t\u017divot v&scaron;ak &scaron;el d&aacute;l a nutno \u0159&iacute;ci, \u017ee nesm\u011b\u0159oval pouze k lump&aacute;rn&aacute;m. S p\u0159ib&yacute;&shy;vaj&iacute;c&iacute;mi roky p\u0159ib&yacute;valo povinnost&iacute;, u\u010diva a to byla hlavn&iacute; n&aacute;pl\u0148 &scaron;koln&iacute;ch let.\n<\/p>\n<p class=\"MsoNormal\" style=\"text-indent: 0cm; line-height: normal\">\n\tSt\u0159&iacute;dali se vyu\u010duj&iacute;c&iacute;, st\u0159&iacute;daly se p\u0159edm\u011bty. &Scaron;est&yacute; ro\u010dn&iacute;k za\u010d&aacute;tek &bdquo;m\u011b&scaron;\u0165anky&quot; znamenal zlom. P\u0159ipojili se k n&aacute;m Podhra\u010f&aacute;ci a Var&scaron;av&aacute;ci, p\u0159ibyly p\u0159edm\u011bty v&scaron;eobecn\u011b vzd\u011bl&aacute;vac&iacute; i odborn&eacute;, zm\u011bnil se styl v&yacute;uky.\n<\/p>\n<p class=\"MsoNormal\" style=\"text-indent: 12pt; line-height: normal\">\n\tNe v&scaron;ichni vydr\u017eeli ve &scaron;kole po dobu cel&yacute;ch dev&iacute;ti let. Ob\u010das se k n&aacute;m p\u0159ipojil n\u011bjak&yacute; propadl&iacute;k z vy&scaron;&scaron;&iacute;ho ro\u010dn&iacute;ku, ob\u010das n&aacute;s tak&eacute; n\u011bjak&yacute; propadl&iacute;k opustil. V tomto duchu dr\u017eeli smutn&yacute; rekord dva spolu\u017e&aacute;ci Dana a Zden\u011bk, kte\u0159&iacute; s n&aacute;mi str&aacute;vili snad jen dva roky. Ve t\u0159&iacute;d\u011b v&scaron;ak byli \u017e&aacute;ci, kte\u0159&iacute; nejen \u017ee vydr\u017eeli cel&yacute;ch dev\u011bt let, ba dokonce s v&yacute;born&yacute;m prosp\u011bchem. A ti, co byli n\u011bkde uprost\u0159ed a moc jim to ne&scaron;lo, kompenzovali nedostatek v\u011bdomost&iacute; jinak. Nap\u0159&iacute;klad spolu\u017e&aacute;k Roman. V prosp\u011bchu p\u0159&iacute;li&scaron; nevynikal, av&scaron;ak ve &scaron;koln&iacute; akci ve sb\u011bru druhotn&yacute;ch surovin se um&iacute;stil s metr&aacute;kov&yacute;mi v&yacute;sledky jasn\u011b na \u010dele bodovac&iacute; sout\u011b\u017ee.\n<\/p>\n<p class=\"MsoNormal\" style=\"line-height: normal\">\n\tA tak &scaron;el t&yacute;den po t&yacute;dnu, rok po roku. V&scaron;edn&iacute; vyu\u010dovac&iacute; dny zpest\u0159ovaly &scaron;koly v p\u0159&iacute;rod\u011b a r\u016fzn&eacute; &scaron;koln&iacute; v&yacute;lety. Ano, pr&aacute;v\u011b &scaron;koly v p\u0159&iacute;rod\u011b se staly ji\u017e v dob&aacute;ch na&scaron;&iacute; povinn&eacute; &scaron;koln&iacute; doch&aacute;zky v&iacute;tanou ka\u017edoro\u010dn&iacute; p\u0159&iacute;jemnou zm\u011bnou. Pro u\u010ditelsk&yacute; sbor tato obdob&iacute; znamenala mimo\u0159&aacute;dn&eacute; vyp\u011bt&iacute; sil du&scaron;evn&iacute;ch i fyzick&yacute;ch, zat&iacute;mco pro n&aacute;s, \u017eactvo, bezstarostn&eacute; a p\u0159&iacute;jemn&eacute; chv&iacute;&shy;le. A ty jsme si opravdu dovedli vymyslet ledajak&eacute;. Nap\u0159&iacute;klad b&yacute;val&aacute; spolu&shy;\u017ea\u010dka Eva, sta\u010dila se na &scaron;kole v p\u0159&iacute;rod\u011b nejen u\u010dit a regenerovat s&iacute;ly, ale je&scaron;t\u011b se zamilovat. U\u010ditelky v&scaron;ak pro jej&iacute; &bdquo;velkou l&aacute;sku&quot; nem\u011bly zvl&aacute;&scaron;tn&iacute; pochopen&iacute;, a tak jej&iacute; absence na pokoji v hodin&aacute;ch poledn&iacute;ho klidu cht\u011bly ocenit dvojkou z chov&aacute;n&iacute;. Eva v&scaron;ak pat\u0159ila k \u017e&aacute;k\u016fm s v&yacute;born&yacute;m prosp\u011bchem a snad pr&aacute;v\u011b proto se j&iacute; poda\u0159ilo po \u010dase tuto &bdquo;cenu&quot; nep\u0159evz&iacute;t. &Scaron;koln&iacute; l&aacute;sky v\u016fbec pat\u0159ily ke &scaron;kole odjak\u017eiva, n&aacute;s z toho nevyj&iacute;maje. A co teprve &scaron;koln&iacute; v&yacute;lety! Vzpom&iacute;n&aacute;m na t\u0159&iacute;denn&iacute; v&yacute;let do Jet\u0159ichovic. Stanov&aacute;n&iacute;, va\u0159en&iacute; na ohni, t&aacute;bor&aacute;k s kytarou to byl pro n&aacute;s opravdov&yacute; z&aacute;\u017eitek.\n<\/p>\n<p class=\"MsoNormal\" style=\"text-indent: 12pt; line-height: normal\">\n\tA to se vlastn\u011b psal rok 1973, tedy posledn&iacute; rok na&scaron;&iacute; povinn&eacute; &scaron;koln&iacute; doch&aacute;zky. A jak jsme dob\u0159e za\u010dali, tak jsme i dob\u0159e skon\u010dili. Na&scaron;e t\u0159&iacute;dn&iacute; n&aacute;s za pomoci sv&yacute;ch kolegy\u0148 p\u0159ipravila k p\u0159ij&iacute;mac&iacute;m zkou&scaron;k&aacute;m na st\u0159edn&iacute; &scaron;koly a p\u0159ivedla n&aacute;s tak k dal&scaron;&iacute;mu d\u016fle\u017eit&eacute;mu mezn&iacute;ku ka\u017ed&eacute;ho z n&aacute;s. Ale to u\u017e by byla jin&aacute; kapitola.\n<\/p>\n<p class=\"MsoNormal\" style=\"margin: 2pt 0cm 0pt 2pt; line-height: normal\">\n\tV&scaron;echno jednou skon\u010d&iacute;. Skon\u010dila i na&scaron;e povinn&aacute; &scaron;koln&iacute; doch&aacute;zka, kon\u010d&iacute; i moje vzpom&iacute;n&aacute;n&iacute; na bezstarostn&aacute; &scaron;koln&iacute; l&eacute;ta.\n<\/p>\n<p class=\"MsoNormal\" style=\"line-height: normal\">\n\t<strong>Za v&scaron;echny spolu\u017e&aacute;ky z let 1964-1973 Ing. LIPERT Vlastimil<\/strong><\/p>\n","protected":false},"excerpt":{"rendered":"<p>N\u011bkolik vzpom&iacute;nek na st\u0159ekovskou &scaron;kolu. Kdy\u017e jsem byl v roce 1961 p\u0159elo\u017een na st\u0159ekovskou &scaron;kolu, p\u0159ipadal jsem si jako v sanatoriu. P\u016fsobil jsem toti\u017e u\u017e p\u011bkn&yacute;ch p&aacute;r let jako z&aacute;stupce \u0159editele na 3.ZD&Scaron; u divadla, kde je dnes muzeum a po&scaron;ta a tam jsem m&aacute;lem p\u0159i&scaron;el o nervy a hlavn\u011b o sluch. Provoz v okol&iacute; <a class=\"read-more\" href=\"https:\/\/zskarlaiv.cz\/?page_id=23\">\u010c\u00edst d\u00e1le&#8230;<\/a><\/p>\n","protected":false},"author":1,"featured_media":0,"parent":22,"menu_order":0,"comment_status":"open","ping_status":"open","template":"","meta":{"ngg_post_thumbnail":0,"footnotes":""},"class_list":["post-23","page","type-page","status-publish","hentry"],"_links":{"self":[{"href":"https:\/\/zskarlaiv.cz\/index.php?rest_route=\/wp\/v2\/pages\/23","targetHints":{"allow":["GET"]}}],"collection":[{"href":"https:\/\/zskarlaiv.cz\/index.php?rest_route=\/wp\/v2\/pages"}],"about":[{"href":"https:\/\/zskarlaiv.cz\/index.php?rest_route=\/wp\/v2\/types\/page"}],"author":[{"embeddable":true,"href":"https:\/\/zskarlaiv.cz\/index.php?rest_route=\/wp\/v2\/users\/1"}],"replies":[{"embeddable":true,"href":"https:\/\/zskarlaiv.cz\/index.php?rest_route=%2Fwp%2Fv2%2Fcomments&post=23"}],"version-history":[{"count":0,"href":"https:\/\/zskarlaiv.cz\/index.php?rest_route=\/wp\/v2\/pages\/23\/revisions"}],"up":[{"embeddable":true,"href":"https:\/\/zskarlaiv.cz\/index.php?rest_route=\/wp\/v2\/pages\/22"}],"wp:attachment":[{"href":"https:\/\/zskarlaiv.cz\/index.php?rest_route=%2Fwp%2Fv2%2Fmedia&parent=23"}],"curies":[{"name":"wp","href":"https:\/\/api.w.org\/{rel}","templated":true}]}}