{"id":16939,"date":"2016-09-27T06:42:16","date_gmt":"2016-09-27T06:42:16","guid":{"rendered":"http:\/\/zskarlaiv.cz\/?page_id=16939"},"modified":"2025-08-31T16:31:20","modified_gmt":"2025-08-31T16:31:20","slug":"harmonogram-hlavnich-akci-sk-r-2016-2017","status":"publish","type":"page","link":"https:\/\/zskarlaiv.cz\/?page_id=16939","title":{"rendered":"Harmonogram hlavn\u00edch akc\u00ed"},"content":{"rendered":"<p><b>Z\u00e1kladn\u00ed \u0161kola \u00dast\u00ed nad Labem, Karla IV.1024\/19 p\u0159\u00edsp. org.<\/b><\/p>\n<h2><span style=\"color: #ff0000;\"><b>Harmonogram hlavn\u00edch akc\u00ed \u0161k.r. 2025\/2026<\/b><\/span><\/h2>\n<p><b>pedagogick\u00e9 rady (p\u0159edb\u011b\u017en\u00e9 term\u00edny):&nbsp;&nbsp;&nbsp;&nbsp;&nbsp;&nbsp;&nbsp;&nbsp;&nbsp;&nbsp;&nbsp;&nbsp;&nbsp;<\/b><\/p>\n<p><b>1.PR \u2013&nbsp; &nbsp; &nbsp; 1.9. 2025&nbsp;&nbsp;&nbsp;&nbsp;&nbsp;&nbsp;&nbsp;&nbsp;&nbsp;<\/b><\/p>\n<p><b>2.PR \u2013 &nbsp; &nbsp; 12.11. 2025&nbsp;&nbsp;&nbsp;&nbsp;&nbsp;&nbsp;&nbsp;&nbsp;&nbsp;&nbsp;&nbsp;&nbsp;&nbsp;&nbsp;&nbsp;&nbsp;&nbsp;&nbsp;&nbsp;&nbsp;&nbsp;&nbsp;&nbsp;&nbsp;&nbsp;&nbsp;&nbsp;&nbsp;&nbsp;&nbsp;&nbsp;&nbsp;&nbsp;&nbsp;&nbsp;&nbsp;&nbsp;&nbsp;&nbsp;&nbsp;&nbsp;&nbsp;&nbsp;&nbsp;&nbsp;&nbsp;<\/b><\/p>\n<p><b>3.PR &#8211;&nbsp; &nbsp; &nbsp; 21.1.&nbsp; 2026&nbsp;&nbsp;&nbsp;&nbsp;&nbsp;&nbsp;&nbsp;&nbsp;<\/b><\/p>\n<p><b>4.PR &#8211;&nbsp; &nbsp; &nbsp; 15.4.&nbsp; 2026<\/b><\/p>\n<p><b>5.PR &#8211;&nbsp; &nbsp; &nbsp; 17.6.&nbsp; 2026&nbsp;&nbsp;&nbsp;<\/b><\/p>\n<p>&nbsp;<\/p>\n<p><b>T\u0159\u00eddn\u00ed sch\u016fzky (p\u0159edb\u011b\u017en\u00e9 term\u00edny):&nbsp;&nbsp;&nbsp;&nbsp;&nbsp;&nbsp;&nbsp;&nbsp;&nbsp;&nbsp;&nbsp;&nbsp;&nbsp;&nbsp;<\/b><\/p>\n<p><span style=\"font-weight: 400;\">&nbsp; 18. 11. 2025 &#8211; t\u0159.sch\u016fzky,&nbsp;<\/span><\/p>\n<ol start=\"21\">\n<li><span style=\"font-weight: 400;\"> 4. 2026. &#8211; t\u0159.sch\u016fzky&nbsp;<\/span><\/li>\n<li><span style=\"font-weight: 400;\"> 6. 2026 &#8211; sch\u016fzka rodi\u010d\u016f budouc\u00edch prv\u0148\u00e1\u010dk\u016f<\/span><\/li>\n<\/ol>\n<p><span style=\"font-weight: 400;\">&nbsp;<\/span><\/p>\n<p><strong>Jedn\u00e1n\u00ed rady rodi\u010d\u016f dle pl\u00e1nu Spolku rodi\u010d\u016f, nebo na po\u017e\u00e1d\u00e1n\u00ed veden\u00ed \u0161koly.<\/strong><\/p>\n<p><span style=\"font-weight: 400;\">&nbsp;&nbsp;&nbsp;&nbsp;&nbsp;<\/span><\/p>\n<p><b>Kulturn\u011b v\u00fdchovn\u00e9 akce:&nbsp;&nbsp;&nbsp;&nbsp;&nbsp;&nbsp;&nbsp;&nbsp;&nbsp;&nbsp;&nbsp;<\/b><\/p>\n<p><span style=\"font-weight: 400;\">1.V\u00edt\u00e1n\u00ed prv\u0148\u00e1\u010dk\u016f \u2013 1.9.2025<\/span><\/p>\n<p><span style=\"font-weight: 400;\">2.Akce MaK dle p\u0159ehledu &nbsp; koordin\u00e1torky&nbsp;<\/span><\/p>\n<p><span style=\"font-weight: 400;\">3.V\u00e1no\u010dn\u00ed bes\u00eddky t\u0159\u00edd a \u0160D 19.12.2025<\/span><\/p>\n<p><span style=\"font-weight: 400;\">4)&nbsp; V\u00e1no\u010dn\u00ed trhy 11.12.2025 od 16 .00 do 18 .00&nbsp;&nbsp;<\/span><\/p>\n<p><span style=\"font-weight: 400;\">5)&nbsp; Mikul\u00e1\u0161 5.12.2025<\/span><\/p>\n<p><span style=\"font-weight: 400;\">6) V\u00e1no\u010dn\u00ed kino&nbsp;<\/span><\/p>\n<p><span style=\"font-weight: 400;\">7) Den d\u011bt\u00ed 29.5.2026<\/span><\/p>\n<p><span style=\"font-weight: 400;\">8)&nbsp; Rozlou\u010den\u00ed s vych\u00e1zej\u00edc\u00edmi \u017e\u00e1ky- 29.6. 2026<\/span><\/p>\n<p><span style=\"font-weight: 400;\">7.Ostatn\u00ed akce dle aktu\u00e1ln\u00edho stavu nab\u00eddek.<\/span><\/p>\n<p><span style=\"font-weight: 400;\">&nbsp;&nbsp;&nbsp;&nbsp;&nbsp;<\/span><\/p>\n<p><b>Akce zam\u011b\u0159en\u00e9 na ochranu \u010dlov\u011bka:&nbsp;&nbsp;&nbsp;&nbsp;&nbsp;&nbsp;&nbsp;&nbsp;&nbsp;&nbsp;&nbsp;<\/b><\/p>\n<ol>\n<li><span style=\"font-weight: 400;\">Akce protidrogov\u00e9 prevence -dle pl\u00e1nu \u0161koln\u00ed metodi\u010dky prevence(Minim\u00e1ln\u00ed prevent. program)&nbsp;&nbsp;&nbsp;&nbsp;&nbsp;&nbsp;&nbsp;<\/span><\/li>\n<li><span style=\"font-weight: 400;\">N\u00e1cvik evakuace objektu -dle pokyn\u016f Z\u0158&nbsp;&nbsp;&nbsp;&nbsp;&nbsp;&nbsp;<\/span><\/li>\n<li><span style=\"font-weight: 400;\"> Z\u00e1sady chov\u00e1n\u00ed na hor\u00e1ch a v&nbsp;p\u0159\u00edrod\u011b (LVVZ a \u0160vp)<\/span><\/li>\n<li><span style=\"font-weight: 400;\"> \u0160kolen\u00ed prvn\u00ed pomoci&nbsp;<\/span><\/li>\n<\/ol>\n<p>&nbsp;<\/p>\n<p><b>Akce zam\u011b\u0159en\u00e9 na ochranu p\u0159\u00edrody:<\/b><\/p>\n<ol>\n<li><span style=\"font-weight: 400;\">Akce zam\u011b\u0159en\u00e9 na ekologickou v\u00fdchovu-dle pl\u00e1nu koordin\u00e1tora \u2013 Zimov\u00e1<\/span><\/li>\n<li><span style=\"font-weight: 400;\">Akce zam\u011b\u0159en\u00e9 na environment\u00e1ln\u00ed v\u00fdchovu&nbsp; -dle pl\u00e1nu koordin\u00e1torky&nbsp;<\/span><\/li>\n<\/ol>\n<p>&nbsp;<\/p>\n<p><b>Sportovn\u00ed a t\u011blov\u00fdchovn\u00e9 akce:<\/b><\/p>\n<ol>\n<li><span style=\"font-weight: 400;\">\u00da\u010dast v t\u011blov\u00fdchovn\u00fdch sout\u011b\u017e\u00edch&nbsp;<\/span><\/li>\n<li><span style=\"font-weight: 400;\">&nbsp;T\u011blov\u00fdchovn\u00e1 olympi\u00e1da -posledn\u00ed t\u00fdden v \u010dervnu&nbsp;&nbsp;&nbsp;&nbsp;&nbsp;&nbsp;<\/span><\/li>\n<li><span style=\"font-weight: 400;\">Plaveck\u00fd v\u00fdcvik \u017e\u00e1k\u016f 2.a 3.r.-dle rozpisu&nbsp;&nbsp;&nbsp;&nbsp;&nbsp;&nbsp;<\/span><\/li>\n<li><span style=\"font-weight: 400;\">Ly\u017ea\u0159sk\u00fd a snowboardov\u00fd v\u00fdcvikov\u00fd kurz pro \u017e\u00e1ky -leden 2026<\/span><\/li>\n<li><span style=\"font-weight: 400;\">Pohybov\u00e9 aktivity v p\u0159\u00edrod\u011b&nbsp;<\/span><\/li>\n<li><span style=\"font-weight: 400;\">Cykloturistick\u00fd kurz- \u010derven 2026<\/span><\/li>\n<li><span style=\"font-weight: 400;\">Zahrani\u010dn\u00ed z\u00e1jezdy (dle aktu\u00e1ln\u00ed nab\u00eddky a z\u00e1jmu \u017e\u00e1k\u016f)<\/span><\/li>\n<\/ol>\n<p><span style=\"font-weight: 400;\">&nbsp;&nbsp;&nbsp;&nbsp;&nbsp;<\/span><\/p>\n<p><b>Sout\u011b\u017ee a olympi\u00e1dy:&nbsp;&nbsp;&nbsp;&nbsp;&nbsp;&nbsp;&nbsp;&nbsp;&nbsp;&nbsp;&nbsp;<\/b><\/p>\n<p><span style=\"font-weight: 400;\">dle p\u0159ehledu MS 1.st. a PK jednotliv\u00fdch p\u0159edm\u011bt\u016f 2.st.<\/span><\/p>\n<p><span style=\"font-weight: 400;\">&nbsp;&nbsp;&nbsp;&nbsp;&nbsp;<\/span><\/p>\n<p><b>Mimo\u0161koln\u00ed z\u00e1jmov\u00e1 \u010dinnost s \u017e\u00e1ky<\/b><span style=\"font-weight: 400;\">:&nbsp;&nbsp;&nbsp;&nbsp;&nbsp;&nbsp;&nbsp;&nbsp;&nbsp;&nbsp;&nbsp;<\/span><\/p>\n<p><span style=\"font-weight: 400;\">Zaveden\u00ed z\u00e1jmov\u00fdch krou\u017ek\u016f na \u0161kole a organizov\u00e1n\u00ed jejich pravideln\u00e9 \u010dinnosti dle rozvrhu ZK a<\/span><\/p>\n<p><span style=\"font-weight: 400;\">pokyn\u016f koordin\u00e1tora Z\u010c \u2013 <\/span><b>Jir\u00e1tov\u00e1&nbsp; Pavl\u00edna<\/b><\/p>\n<p><span style=\"font-weight: 400;\">V&nbsp;\u00dast\u00ed nad Labem&nbsp; 18.8. 2025&nbsp;&nbsp;&nbsp;&nbsp;&nbsp;&nbsp;&nbsp;&nbsp;&nbsp;&nbsp;&nbsp;&nbsp;&nbsp;&nbsp;&nbsp;&nbsp;&nbsp;&nbsp;&nbsp;&nbsp;&nbsp;&nbsp;&nbsp;&nbsp;&nbsp;&nbsp;&nbsp;&nbsp;&nbsp;&nbsp;&nbsp;&nbsp;&nbsp;&nbsp;&nbsp;&nbsp;&nbsp;&nbsp;&nbsp;&nbsp;&nbsp;&nbsp;&nbsp;&nbsp;&nbsp;&nbsp;&nbsp;&nbsp;&nbsp;&nbsp;&nbsp;&nbsp;&nbsp;&nbsp;&nbsp;&nbsp;&nbsp;&nbsp;&nbsp;&nbsp;&nbsp;&nbsp;&nbsp;&nbsp;&nbsp;&nbsp;&nbsp;&nbsp;&nbsp;&nbsp;&nbsp;&nbsp;&nbsp;&nbsp;&nbsp;&nbsp;&nbsp;&nbsp;&nbsp;&nbsp;&nbsp;&nbsp;&nbsp;&nbsp;&nbsp;&nbsp;&nbsp;&nbsp;&nbsp;&nbsp;&nbsp;&nbsp;&nbsp;&nbsp;&nbsp;&nbsp;&nbsp;&nbsp;&nbsp;&nbsp;&nbsp;&nbsp;&nbsp;&nbsp;&nbsp;&nbsp;<\/span><\/p>\n<p><strong>&nbsp;Mgr.Pavel \u0164upek&nbsp;&nbsp;&nbsp;&nbsp;&nbsp;&nbsp;&nbsp;&nbsp;&nbsp;&nbsp;&nbsp;&nbsp;&nbsp;&nbsp;&nbsp;&nbsp;&nbsp;&nbsp;&nbsp;&nbsp;&nbsp;&nbsp;&nbsp;&nbsp;&nbsp;&nbsp;&nbsp;&nbsp;&nbsp;&nbsp;&nbsp;&nbsp;&nbsp;&nbsp;&nbsp;&nbsp;&nbsp;&nbsp;&nbsp;&nbsp;&nbsp;&nbsp;&nbsp;&nbsp;&nbsp;&nbsp;&nbsp;&nbsp;&nbsp;&nbsp;&nbsp;&nbsp;&nbsp;&nbsp;&nbsp;&nbsp;&nbsp;&nbsp;&nbsp;&nbsp;&nbsp;<\/strong><\/p>\n<p><strong>\u0159editel \u0161koly<\/strong><\/p>\n","protected":false},"excerpt":{"rendered":"<p>Z\u00e1kladn\u00ed \u0161kola \u00dast\u00ed nad Labem, Karla IV.1024\/19 p\u0159\u00edsp. org. Harmonogram hlavn\u00edch akc\u00ed \u0161k.r. 2025\/2026 pedagogick\u00e9 rady (p\u0159edb\u011b\u017en\u00e9 term\u00edny):&nbsp;&nbsp;&nbsp;&nbsp;&nbsp;&nbsp;&nbsp;&nbsp;&nbsp;&nbsp;&nbsp;&nbsp;&nbsp; 1.PR \u2013&nbsp; &nbsp; &nbsp; 1.9. 2025&nbsp;&nbsp;&nbsp;&nbsp;&nbsp;&nbsp;&nbsp;&nbsp;&nbsp; 2.PR \u2013 &nbsp; &nbsp; 12.11. 2025&nbsp;&nbsp;&nbsp;&nbsp;&nbsp;&nbsp;&nbsp;&nbsp;&nbsp;&nbsp;&nbsp;&nbsp;&nbsp;&nbsp;&nbsp;&nbsp;&nbsp;&nbsp;&nbsp;&nbsp;&nbsp;&nbsp;&nbsp;&nbsp;&nbsp;&nbsp;&nbsp;&nbsp;&nbsp;&nbsp;&nbsp;&nbsp;&nbsp;&nbsp;&nbsp;&nbsp;&nbsp;&nbsp;&nbsp;&nbsp;&nbsp;&nbsp;&nbsp;&nbsp;&nbsp;&nbsp; 3.PR &#8211;&nbsp; &nbsp; &nbsp; 21.1.&nbsp; 2026&nbsp;&nbsp;&nbsp;&nbsp;&nbsp;&nbsp;&nbsp;&nbsp; 4.PR &#8211;&nbsp; &nbsp; &nbsp; 15.4.&nbsp; 2026 5.PR &#8211;&nbsp; &nbsp; &nbsp; 17.6.&nbsp; 2026&nbsp;&nbsp;&nbsp; &nbsp; T\u0159\u00eddn\u00ed sch\u016fzky (p\u0159edb\u011b\u017en\u00e9 term\u00edny):&nbsp;&nbsp;&nbsp;&nbsp;&nbsp;&nbsp;&nbsp;&nbsp;&nbsp;&nbsp;&nbsp;&nbsp;&nbsp;&nbsp; &nbsp; 18. <a class=\"read-more\" href=\"https:\/\/zskarlaiv.cz\/?page_id=16939\">\u010c\u00edst d\u00e1le&#8230;<\/a><\/p>\n","protected":false},"author":1,"featured_media":0,"parent":0,"menu_order":0,"comment_status":"closed","ping_status":"open","template":"","meta":{"ngg_post_thumbnail":0,"footnotes":""},"class_list":["post-16939","page","type-page","status-publish","hentry"],"_links":{"self":[{"href":"https:\/\/zskarlaiv.cz\/index.php?rest_route=\/wp\/v2\/pages\/16939","targetHints":{"allow":["GET"]}}],"collection":[{"href":"https:\/\/zskarlaiv.cz\/index.php?rest_route=\/wp\/v2\/pages"}],"about":[{"href":"https:\/\/zskarlaiv.cz\/index.php?rest_route=\/wp\/v2\/types\/page"}],"author":[{"embeddable":true,"href":"https:\/\/zskarlaiv.cz\/index.php?rest_route=\/wp\/v2\/users\/1"}],"replies":[{"embeddable":true,"href":"https:\/\/zskarlaiv.cz\/index.php?rest_route=%2Fwp%2Fv2%2Fcomments&post=16939"}],"version-history":[{"count":13,"href":"https:\/\/zskarlaiv.cz\/index.php?rest_route=\/wp\/v2\/pages\/16939\/revisions"}],"predecessor-version":[{"id":38544,"href":"https:\/\/zskarlaiv.cz\/index.php?rest_route=\/wp\/v2\/pages\/16939\/revisions\/38544"}],"wp:attachment":[{"href":"https:\/\/zskarlaiv.cz\/index.php?rest_route=%2Fwp%2Fv2%2Fmedia&parent=16939"}],"curies":[{"name":"wp","href":"https:\/\/api.w.org\/{rel}","templated":true}]}}