{"id":16566,"date":"2016-05-11T08:54:44","date_gmt":"2016-05-11T08:54:44","guid":{"rendered":"http:\/\/zskarlaiv.cz\/?page_id=16566"},"modified":"2025-11-28T15:10:55","modified_gmt":"2025-11-28T15:10:55","slug":"povinne-zverejnovane-informace","status":"publish","type":"page","link":"https:\/\/zskarlaiv.cz\/?page_id=16566","title":{"rendered":"Povinn\u011b zve\u0159ej\u0148ovan\u00e9 informace"},"content":{"rendered":"<p><span style=\"font-weight: 400;\">Z\u00e1kladn\u00ed \u0161kola \u00dast\u00ed nad Labem, Karla IV. 1024\/19, p\u0159\u00edsp\u011bvkov\u00e1 organizace; Karla IV.; 1024\/19; 400 03 \u00dast\u00ed nad Labem<\/span><\/p>\n<p><a href=\"https:\/\/zskarlaiv.cz\/wp-content\/uploads\/2025\/11\/Zakladaci-listina.pdf\"><span style=\"font-weight: 400;\">Zakl\u00e1dac\u00ed listina&nbsp;<\/span><\/a><\/p>\n<p><strong>Z\u00e1kladn\u00ed \u0161kola \u00dast\u00ed nad Labem, Karla IV. 1024\/19, p\u0159\u00edsp\u011bvkov\u00e1 organizace; Karla IV. 1024\/19; 400 03 \u00dast\u00ed nad Labem<\/strong><\/p>\n<p><strong>Tel.: 475 531 139 &nbsp;<\/strong><\/p>\n<p><strong>E-mail: zsul.karlaiv@seznam.cz<\/strong><\/p>\n<p><strong>Datov\u00e1 schr\u00e1nka gmmxbxc &nbsp;<\/strong><\/p>\n<p><strong>I\u010cO: 44553382<\/strong><\/p>\n<p><a href=\"https:\/\/zskarlaiv.cz\/?p=19587\">Hospoda\u0159en\u00ed organizace &#8211; dokumenty<\/a><\/p>\n<p><a href=\"https:\/\/zskarlaiv.cz\/?page_id=32084\">V\u00fdro\u010dn\u00ed zpr\u00e1va<\/a><\/p>\n","protected":false},"excerpt":{"rendered":"<p>Z\u00e1kladn\u00ed \u0161kola \u00dast\u00ed nad Labem, Karla IV. 1024\/19, p\u0159\u00edsp\u011bvkov\u00e1 organizace; Karla IV.; 1024\/19; 400 03 \u00dast\u00ed nad Labem Zakl\u00e1dac\u00ed listina&nbsp; Z\u00e1kladn\u00ed \u0161kola \u00dast\u00ed nad Labem, Karla IV. 1024\/19, p\u0159\u00edsp\u011bvkov\u00e1 organizace; Karla IV. 1024\/19; 400 03 \u00dast\u00ed nad Labem Tel.: 475 531 139 &nbsp; E-mail: zsul.karlaiv@seznam.cz Datov\u00e1 schr\u00e1nka gmmxbxc &nbsp; I\u010cO: 44553382 Hospoda\u0159en\u00ed organizace &#8211; dokumenty <a class=\"read-more\" href=\"https:\/\/zskarlaiv.cz\/?page_id=16566\">\u010c\u00edst d\u00e1le&#8230;<\/a><\/p>\n","protected":false},"author":1,"featured_media":0,"parent":0,"menu_order":0,"comment_status":"closed","ping_status":"open","template":"","meta":{"ngg_post_thumbnail":0,"footnotes":""},"class_list":["post-16566","page","type-page","status-publish","hentry"],"_links":{"self":[{"href":"https:\/\/zskarlaiv.cz\/index.php?rest_route=\/wp\/v2\/pages\/16566","targetHints":{"allow":["GET"]}}],"collection":[{"href":"https:\/\/zskarlaiv.cz\/index.php?rest_route=\/wp\/v2\/pages"}],"about":[{"href":"https:\/\/zskarlaiv.cz\/index.php?rest_route=\/wp\/v2\/types\/page"}],"author":[{"embeddable":true,"href":"https:\/\/zskarlaiv.cz\/index.php?rest_route=\/wp\/v2\/users\/1"}],"replies":[{"embeddable":true,"href":"https:\/\/zskarlaiv.cz\/index.php?rest_route=%2Fwp%2Fv2%2Fcomments&post=16566"}],"version-history":[{"count":19,"href":"https:\/\/zskarlaiv.cz\/index.php?rest_route=\/wp\/v2\/pages\/16566\/revisions"}],"predecessor-version":[{"id":39227,"href":"https:\/\/zskarlaiv.cz\/index.php?rest_route=\/wp\/v2\/pages\/16566\/revisions\/39227"}],"wp:attachment":[{"href":"https:\/\/zskarlaiv.cz\/index.php?rest_route=%2Fwp%2Fv2%2Fmedia&parent=16566"}],"curies":[{"name":"wp","href":"https:\/\/api.w.org\/{rel}","templated":true}]}}