{"id":13309,"date":"2015-11-02T22:50:43","date_gmt":"2015-11-02T22:50:43","guid":{"rendered":"http:\/\/zskarlaiv.cz\/?page_id=13309"},"modified":"2025-09-24T10:14:56","modified_gmt":"2025-09-24T10:14:56","slug":"kontakty","status":"publish","type":"page","link":"https:\/\/zskarlaiv.cz\/?page_id=13309","title":{"rendered":"Kontakty"},"content":{"rendered":"<p>&nbsp;<\/p>\n<table dir=\"ltr\" border=\"1\" cellspacing=\"0\" cellpadding=\"0\" data-sheets-root=\"1\" data-sheets-baot=\"1\">\n<colgroup>\n<col width=\"178\">\n<col width=\"100\">\n<col width=\"100\">\n<col width=\"100\"><\/colgroup>\n<tbody>\n<tr>\n<td>Adresa \u0161koly:<\/td>\n<td colspan=\"3\" rowspan=\"1\">&nbsp;<\/td>\n<\/tr>\n<tr>\n<td colspan=\"3\" rowspan=\"1\">Z\u00e1kladn\u00ed \u0161kola \u00dast\u00ed nad Labem, Karla IV. 1024\/19, p\u0159\u00edsp\u011bvkov\u00e1 organizace;<\/td>\n<td colspan=\"1\" rowspan=\"3\">\n<div>&nbsp;<\/div>\n<\/td>\n<\/tr>\n<tr>\n<td colspan=\"3\" rowspan=\"1\">Karla IV. 1024\/19;<\/td>\n<\/tr>\n<tr>\n<td colspan=\"3\" rowspan=\"1\">400 03 \u00dast\u00ed nad Labem<\/td>\n<\/tr>\n<tr>\n<td>&nbsp;<\/td>\n<td>&nbsp;<\/td>\n<td>&nbsp;<\/td>\n<td>&nbsp;<\/td>\n<\/tr>\n<tr>\n<td>Tel.:<\/td>\n<td>475 531 139<\/td>\n<td>&nbsp;<\/td>\n<td>&nbsp;<\/td>\n<\/tr>\n<tr>\n<td>E-mail<\/td>\n<td>\n<div>\n<div>zsul.karlaiv@seznam.cz<\/div>\n<\/div>\n<\/td>\n<td>&nbsp;<\/td>\n<td>&nbsp;<\/td>\n<\/tr>\n<tr>\n<td>Datov\u00e1 schr\u00e1nka<\/td>\n<td>gmmxbxc<\/td>\n<td>&nbsp;<\/td>\n<td>&nbsp;<\/td>\n<\/tr>\n<tr>\n<td>J\u00eddelna<\/td>\n<td>475530740<\/td>\n<td>&nbsp;<\/td>\n<td>&nbsp;<\/td>\n<\/tr>\n<tr>\n<td>Dru\u017eina<\/td>\n<td>725 117 962<\/td>\n<td>&nbsp;<\/td>\n<td>&nbsp;<\/td>\n<\/tr>\n<tr>\n<td>&nbsp;<\/td>\n<td>&nbsp;<\/td>\n<td>&nbsp;<\/td>\n<td>&nbsp;<\/td>\n<\/tr>\n<tr>\n<td>Jm\u00e9no:<\/td>\n<td>E-mail<\/td>\n<td>&nbsp;<\/td>\n<td>&nbsp;<\/td>\n<\/tr>\n<tr>\n<td>Mgr. Michaela Ba\u0161usov\u00e1<\/td>\n<td>\n<div>\n<div>basusova.m@zskarlaiv.cz<\/div>\n<\/div>\n<\/td>\n<td>&nbsp;<\/td>\n<td>&nbsp;<\/td>\n<\/tr>\n<tr>\n<td>Mgr. Ivana Bro\u017ekov\u00e1<\/td>\n<td colspan=\"2\" rowspan=\"1\">brozkova.I@zskarlaiv.cz<\/td>\n<td>&nbsp;<\/td>\n<\/tr>\n<tr>\n<td>Mgr. Petra Hole\u0161ovsk\u00e1<\/td>\n<td>\n<div>\n<div>holesovska.p@zskarlaiv.cz<\/div>\n<\/div>\n<\/td>\n<td>&nbsp;<\/td>\n<td>&nbsp;<\/td>\n<\/tr>\n<tr>\n<td>Mgr. Hana Hrstkov\u00e1<\/td>\n<td>\n<div>\n<div>hrstkova.h@zskarlaiv.cz<\/div>\n<\/div>\n<\/td>\n<td>&nbsp;<\/td>\n<td>&nbsp;<\/td>\n<\/tr>\n<tr>\n<td>Mgr. Gabriela Chudobov\u00e1<\/td>\n<td>\n<div>\n<div>chudobova.g@zskarlaiv.cz<\/div>\n<\/div>\n<\/td>\n<td>&nbsp;<\/td>\n<td>&nbsp;<\/td>\n<\/tr>\n<tr>\n<td>Mgr. Pavl\u00edna Jir\u00e1tov\u00e1<\/td>\n<td>\n<div>\n<div>jiratova.p@zskarlaiv.cz<\/div>\n<\/div>\n<\/td>\n<td>&nbsp;<\/td>\n<td>&nbsp;<\/td>\n<\/tr>\n<tr>\n<td>Jana Kerlov\u00e1<\/td>\n<td>\n<div>\n<div>kerlova.j@zskarlaiv.cz<\/div>\n<\/div>\n<\/td>\n<td>&nbsp;<\/td>\n<td>&nbsp;<\/td>\n<\/tr>\n<tr>\n<td>Mgr. Magdal\u00e9na Kopuncov\u00e1<\/td>\n<td colspan=\"2\" rowspan=\"1\">kopuncova.m@zskarlaiv.cz<\/td>\n<td>&nbsp;<\/td>\n<\/tr>\n<tr>\n<td>Mgr. Petra Kocverov\u00e1<\/td>\n<td>\n<div>\n<div>kocverova.p@zskarlaiv.cz<\/div>\n<\/div>\n<\/td>\n<td>&nbsp;<\/td>\n<td>&nbsp;<\/td>\n<\/tr>\n<tr>\n<td>Mgr. Pavla Kuncov\u00e1<\/td>\n<td>\n<div>\n<div>kuncova.p@zskarlaiv.cz<\/div>\n<\/div>\n<\/td>\n<td>&nbsp;<\/td>\n<td>&nbsp;<\/td>\n<\/tr>\n<tr>\n<td>Bc. Michaela K\u00f6rschnerov\u00e1<\/td>\n<td>\n<div>\n<div>korschnerova.m@zskarlaiv.cz<\/div>\n<\/div>\n<\/td>\n<td>&nbsp;<\/td>\n<td>&nbsp;<\/td>\n<\/tr>\n<tr>\n<td>Mgr. Jana Krahul\u00edkov\u00e1<\/td>\n<td>\n<div>\n<div>krahulikova.j@zskarlaiv.cz<\/div>\n<\/div>\n<\/td>\n<td>&nbsp;<\/td>\n<td>&nbsp;<\/td>\n<\/tr>\n<tr>\n<td>Bc. Radka Krbcov\u00e1<\/td>\n<td>\n<div>\n<div>krbcova.R@zskarlaiv.cz<\/div>\n<\/div>\n<\/td>\n<td>&nbsp;<\/td>\n<td>&nbsp;<\/td>\n<\/tr>\n<tr>\n<td>Jana Kubov\u00e1<\/td>\n<td colspan=\"2\" rowspan=\"1\">kubova.j@zskarlaiv.cz<\/td>\n<td>&nbsp;<\/td>\n<\/tr>\n<tr>\n<td>Mgr. Lubom\u00edr Loukota<\/td>\n<td>\n<div>\n<div>loukota.l@zskarlaiv.cz<\/div>\n<\/div>\n<\/td>\n<td>&nbsp;<\/td>\n<td>&nbsp;<\/td>\n<\/tr>\n<tr>\n<td>&nbsp;<\/td>\n<td>&nbsp;<\/td>\n<td>&nbsp;<\/td>\n<td>&nbsp;<\/td>\n<\/tr>\n<tr>\n<td>Mgr. Jakub Mast\u00edk<\/td>\n<td>\n<div>\n<div>mastik.j@zskarlaiv.cz<\/div>\n<\/div>\n<\/td>\n<td>&nbsp;<\/td>\n<td>&nbsp;<\/td>\n<\/tr>\n<tr>\n<td>Mgr. Lenka Ma\u0161kov\u00e1<\/td>\n<td>\n<div>\n<div>maskova.l@zskarlaiv.cz<\/div>\n<\/div>\n<\/td>\n<td>&nbsp;<\/td>\n<td>&nbsp;<\/td>\n<\/tr>\n<tr>\n<td>Mgr. Jitka Mat\u011bjkov\u00e1<\/td>\n<td>\n<div>\n<div>matejkova.j@zskarlaiv.cz<\/div>\n<\/div>\n<\/td>\n<td>&nbsp;<\/td>\n<td>&nbsp;<\/td>\n<\/tr>\n<tr>\n<td>Mgr. Iveta Nedv\u00eddkov\u00e1<\/td>\n<td>\n<div>\n<div>nedvidkova.i@zskarlaiv.cz<\/div>\n<\/div>\n<\/td>\n<td>&nbsp;<\/td>\n<td>&nbsp;<\/td>\n<\/tr>\n<tr>\n<td>Mgr. Iva Oliveriusov\u00e1<\/td>\n<td>\n<div>\n<div>oliveriusova.i@zskarlaiv.cz<\/div>\n<\/div>\n<\/td>\n<td>&nbsp;<\/td>\n<td>&nbsp;<\/td>\n<\/tr>\n<tr>\n<td>Mgr. Pavel Peterka<\/td>\n<td>\n<div>\n<div>peterka.p@zskarlaiv.cz<\/div>\n<\/div>\n<\/td>\n<td>&nbsp;<\/td>\n<td>&nbsp;<\/td>\n<\/tr>\n<tr>\n<td>Mgr. Josef Poslu\u0161n\u00fd<\/td>\n<td>\n<div>\n<div>poslusny.j@zskarlaiv.cz<\/div>\n<\/div>\n<\/td>\n<td>&nbsp;<\/td>\n<td>&nbsp;<\/td>\n<\/tr>\n<tr>\n<td>Mgr. Petra Sedleck\u00e1<\/td>\n<td>\n<div>\n<div>sedlecka.p@zskarlaiv.cz<\/div>\n<\/div>\n<\/td>\n<td>&nbsp;<\/td>\n<td>&nbsp;<\/td>\n<\/tr>\n<tr>\n<td>Mgr. Dana Srnkov\u00e1<\/td>\n<td>\n<div>\n<div>srnkova.d@zskarlaiv.cz<\/div>\n<\/div>\n<\/td>\n<td>&nbsp;<\/td>\n<td>&nbsp;<\/td>\n<\/tr>\n<tr>\n<td>Mgr. Gabriela Zeman<\/td>\n<td>\n<div>\n<div>zeman.g@zskarlaiv.cz<\/div>\n<\/div>\n<\/td>\n<td>&nbsp;<\/td>\n<td>&nbsp;<\/td>\n<\/tr>\n<tr>\n<td>Ji\u0159ina Tom\u00e1\u0161ov\u00e1<\/td>\n<td>\n<div>\n<div>tomasova.j@zskarlaiv.cz<\/div>\n<\/div>\n<\/td>\n<td>&nbsp;<\/td>\n<td>&nbsp;<\/td>\n<\/tr>\n<tr>\n<td>Mgr. Pavel \u0164upek<\/td>\n<td>\n<div>\n<div>zsul.karlaiv@seznam.cz<\/div>\n<\/div>\n<\/td>\n<td>&nbsp;<\/td>\n<td>&nbsp;<\/td>\n<\/tr>\n<tr>\n<td>Mgr. V\u011bra Zimov\u00e1<\/td>\n<td>\n<div>\n<div>zimova.v@zskarlaiv.cz<\/div>\n<\/div>\n<\/td>\n<td>&nbsp;<\/td>\n<td>&nbsp;<\/td>\n<\/tr>\n<tr>\n<td>Hana Zahradn\u00edkov\u00e1<\/td>\n<td>\n<div>\n<div>zahradnikova.h@zskarlaiv.cz<\/div>\n<\/div>\n<\/td>\n<td>&nbsp;<\/td>\n<td>&nbsp;<\/td>\n<\/tr>\n<\/tbody>\n<\/table>\n","protected":false},"excerpt":{"rendered":"<p>&nbsp; Adresa \u0161koly: &nbsp; Z\u00e1kladn\u00ed \u0161kola \u00dast\u00ed nad Labem, Karla IV. 1024\/19, p\u0159\u00edsp\u011bvkov\u00e1 organizace; &nbsp; Karla IV. 1024\/19; 400 03 \u00dast\u00ed nad Labem &nbsp; &nbsp; &nbsp; &nbsp; Tel.: 475 531 139 &nbsp; &nbsp; E-mail zsul.karlaiv@seznam.cz &nbsp; &nbsp; Datov\u00e1 schr\u00e1nka gmmxbxc &nbsp; &nbsp; J\u00eddelna 475530740 &nbsp; &nbsp; Dru\u017eina 725 117 962 &nbsp; &nbsp; &nbsp; &nbsp; &nbsp; <a class=\"read-more\" href=\"https:\/\/zskarlaiv.cz\/?page_id=13309\">\u010c\u00edst d\u00e1le&#8230;<\/a><\/p>\n","protected":false},"author":1,"featured_media":0,"parent":0,"menu_order":0,"comment_status":"closed","ping_status":"open","template":"","meta":{"ngg_post_thumbnail":0,"footnotes":""},"class_list":["post-13309","page","type-page","status-publish","hentry"],"_links":{"self":[{"href":"https:\/\/zskarlaiv.cz\/index.php?rest_route=\/wp\/v2\/pages\/13309","targetHints":{"allow":["GET"]}}],"collection":[{"href":"https:\/\/zskarlaiv.cz\/index.php?rest_route=\/wp\/v2\/pages"}],"about":[{"href":"https:\/\/zskarlaiv.cz\/index.php?rest_route=\/wp\/v2\/types\/page"}],"author":[{"embeddable":true,"href":"https:\/\/zskarlaiv.cz\/index.php?rest_route=\/wp\/v2\/users\/1"}],"replies":[{"embeddable":true,"href":"https:\/\/zskarlaiv.cz\/index.php?rest_route=%2Fwp%2Fv2%2Fcomments&post=13309"}],"version-history":[{"count":50,"href":"https:\/\/zskarlaiv.cz\/index.php?rest_route=\/wp\/v2\/pages\/13309\/revisions"}],"predecessor-version":[{"id":38639,"href":"https:\/\/zskarlaiv.cz\/index.php?rest_route=\/wp\/v2\/pages\/13309\/revisions\/38639"}],"wp:attachment":[{"href":"https:\/\/zskarlaiv.cz\/index.php?rest_route=%2Fwp%2Fv2%2Fmedia&parent=13309"}],"curies":[{"name":"wp","href":"https:\/\/api.w.org\/{rel}","templated":true}]}}