{"id":12384,"date":"2015-06-25T06:54:19","date_gmt":"2015-06-25T06:54:19","guid":{"rendered":"http:\/\/zskarlaiv.cz\/?page_id=12384"},"modified":"2025-01-16T15:12:53","modified_gmt":"2025-01-16T15:12:53","slug":"informace-o-skolni-druzine","status":"publish","type":"page","link":"https:\/\/zskarlaiv.cz\/?page_id=12384","title":{"rendered":"Informace o \u0161koln\u00ed dru\u017ein\u011b"},"content":{"rendered":"<p align=\"center\"><b>Provoz \u0161koln\u00ed dru\u017einy<\/b><\/p>\n<p>&#8211; &nbsp;5.45 \u2013 8.00, 11.45 \u2013 17.00 hod.<\/p>\n<p><b>Z\u00e1pisn\u00ed l\u00edstek<\/b><\/p>\n<p><b><\/b>&#8211; vypln\u011bn\u00fd z&nbsp;obou stran odevzdat do konce t\u00fddne<\/p>\n<p><b>Odchod d\u011bt\u00ed<\/b><\/p>\n<p>&#8211; po ob\u011bd\u011b nebo nejd\u0159\u00edve ve 14.30 hod.<\/p>\n<p>&#8211; pokud pot\u0159ebujete d\u00edt\u011b vyzvednout jinak, ne\u017e je uvedeno na z\u00e1pisn\u00edm l\u00edstku, uv\u011bdomte vychovatelku p\u00edsemn\u011b<\/p>\n<p>&#8211; d\u00edt\u011b nelze pou\u0161t\u011bt po telefonn\u00ed dohod\u011b<\/p>\n<p><b>Stravenky<\/b><\/p>\n<p>&#8211; prod\u00e1v\u00e1 vedouc\u00ed j\u00eddelny, podepsan\u00e9 odevzdejte vychovatelce (sta\u010d\u00ed podepsat pouze 1)<\/p>\n<p>&#8211; p\u0159i nemoci odhl\u00e1sit v&nbsp;j\u00eddeln\u011b ( 702&nbsp;168&nbsp;192 )<\/p>\n<p><b>P\u0159\u00edsp\u011bvky<\/b><\/p>\n<p>&#8211; na \u010d\u00e1ste\u010dnou \u00fahradu neinvesti\u010dn\u00edch n\u00e1klad\u016f ve \u0160D v\u00fd\u0161i 200 K\u010d schv\u00e1lilo zastupitelstvo m\u011bsta v souladu s ustanoven\u00edm \u00a7 36, odstavec 1, p\u00edsm. f, z\u00e1k. \u010d. 367\/1990 Sb.<\/p>\n<p>&#8211; &nbsp;p\u0159\u00edsp\u011bvek vyb\u00edr\u00e1 vychovatelka v\u017edy na pololet\u00ed (1. pol. do 20. z\u00e1\u0159\u00ed, 2. pol. do 20. ledna)<\/p>\n<p><b>P\u0159evle\u010den\u00ed<\/b><\/p>\n<p>&#8211; na vych\u00e1zku tepl\u00e1ky, tenisky (dle uv\u00e1\u017een\u00ed rodi\u010d\u016f) \u2013 v\u011bci pros\u00edme podepsat a d\u00e1t do ta\u0161ky<\/p>\n<p><b>Vchod do \u0161koln\u00ed dru\u017einy<\/b><\/p>\n<p>&#8211; zadn\u00ed branou od autoopravny Pol\u00e1k<\/p>\n<p>Krit\u00e9ria pro p\u0159ijet\u00ed do \u0161koln\u00ed dru\u017einy najdete<a href=\"http:\/\/zskarlaiv.cz\/?page_id=621\"> zde<\/a><\/p>\n","protected":false},"excerpt":{"rendered":"<p>Provoz \u0161koln\u00ed dru\u017einy &#8211; &nbsp;5.45 \u2013 8.00, 11.45 \u2013 17.00 hod. Z\u00e1pisn\u00ed l\u00edstek &#8211; vypln\u011bn\u00fd z&nbsp;obou stran odevzdat do konce t\u00fddne Odchod d\u011bt\u00ed &#8211; po ob\u011bd\u011b nebo nejd\u0159\u00edve ve 14.30 hod. &#8211; pokud pot\u0159ebujete d\u00edt\u011b vyzvednout jinak, ne\u017e je uvedeno na z\u00e1pisn\u00edm l\u00edstku, uv\u011bdomte vychovatelku p\u00edsemn\u011b &#8211; d\u00edt\u011b nelze pou\u0161t\u011bt po telefonn\u00ed dohod\u011b Stravenky &#8211; <a class=\"read-more\" href=\"https:\/\/zskarlaiv.cz\/?page_id=12384\">\u010c\u00edst d\u00e1le&#8230;<\/a><\/p>\n","protected":false},"author":1,"featured_media":0,"parent":0,"menu_order":0,"comment_status":"closed","ping_status":"open","template":"","meta":{"ngg_post_thumbnail":0,"footnotes":""},"class_list":["post-12384","page","type-page","status-publish","hentry"],"_links":{"self":[{"href":"https:\/\/zskarlaiv.cz\/index.php?rest_route=\/wp\/v2\/pages\/12384","targetHints":{"allow":["GET"]}}],"collection":[{"href":"https:\/\/zskarlaiv.cz\/index.php?rest_route=\/wp\/v2\/pages"}],"about":[{"href":"https:\/\/zskarlaiv.cz\/index.php?rest_route=\/wp\/v2\/types\/page"}],"author":[{"embeddable":true,"href":"https:\/\/zskarlaiv.cz\/index.php?rest_route=\/wp\/v2\/users\/1"}],"replies":[{"embeddable":true,"href":"https:\/\/zskarlaiv.cz\/index.php?rest_route=%2Fwp%2Fv2%2Fcomments&post=12384"}],"version-history":[{"count":7,"href":"https:\/\/zskarlaiv.cz\/index.php?rest_route=\/wp\/v2\/pages\/12384\/revisions"}],"predecessor-version":[{"id":36232,"href":"https:\/\/zskarlaiv.cz\/index.php?rest_route=\/wp\/v2\/pages\/12384\/revisions\/36232"}],"wp:attachment":[{"href":"https:\/\/zskarlaiv.cz\/index.php?rest_route=%2Fwp%2Fv2%2Fmedia&parent=12384"}],"curies":[{"name":"wp","href":"https:\/\/api.w.org\/{rel}","templated":true}]}}